{"id":2019,"date":"2023-05-11T14:52:34","date_gmt":"2023-05-11T12:52:34","guid":{"rendered":"https:\/\/trinitixshop.de\/?page_id=2019"},"modified":"2023-05-23T11:43:31","modified_gmt":"2023-05-23T09:43:31","slug":"refund_returns","status":"publish","type":"page","link":"https:\/\/trinitixshop.de\/en\/refund_returns\/","title":{"rendered":"Return Rights"},"content":{"rendered":"<div data-elementor-type=\"wp-page\" data-elementor-id=\"2019\" class=\"elementor elementor-2019\" data-elementor-settings=\"{&quot;ha_cmc_init_switcher&quot;:&quot;no&quot;}\">\n\t\t\t\t\t\t<section class=\"elementor-section elementor-top-section elementor-element elementor-element-95c7eb1 elementor-section-boxed elementor-section-height-default elementor-section-height-default\" data-id=\"95c7eb1\" data-element_type=\"section\" data-e-type=\"section\">\n\t\t\t\t\t\t<div class=\"elementor-container elementor-column-gap-default\">\n\t\t\t\t\t<div class=\"elementor-column elementor-col-100 elementor-top-column elementor-element elementor-element-4fced78\" data-id=\"4fced78\" data-element_type=\"column\" data-e-type=\"column\">\n\t\t\t<div class=\"elementor-widget-wrap elementor-element-populated\">\n\t\t\t\t\t\t<div class=\"elementor-element elementor-element-833454a elementor-widget elementor-widget-text-editor\" data-id=\"833454a\" data-element_type=\"widget\" data-e-type=\"widget\" data-widget_type=\"text-editor.default\">\n\t\t\t\t<div class=\"elementor-widget-container\">\n\t\t\t\t\t\t\t\t\t<p style=\"margin: 0in 0in 0.0001pt; text-align: center;\" align=\"center\"><b><span lang=\"DE\" style=\"font-size: 20.0pt; font-family: 'Nunito Sans'; mso-ansi-language: DE;\">RIGHT OF RETURN \/ RIGHT OF CANCELLATION<\/span><\/b><\/p>\n<p style=\"margin: 0in 0in 0.0001pt; text-align: center;\" align=\"center\"><b><span lang=\"DE\" style=\"font-size: 18.0pt; font-family: 'Nunito Sans'; mso-ansi-language: DE;\">\u00a0<\/span><\/b><\/p>\n<p style=\"margin: 0in 0in 0.0001pt; text-align: center;\" align=\"center\"><span lang=\"DE\" style=\"font-size: 14.0pt; font-family: 'Nunito Sans'; mso-ansi-language: DE;\">In the TRX Network webshop you can buy at your leisure without any risk.<\/span><\/p>\n<p style=\"margin: 0in 0in 0.0001pt; text-align: center;\" align=\"center\"><span lang=\"DE\" style=\"font-family: 'Nunito Sans'; mso-ansi-language: DE;\">\u00a0<\/span><\/p>\n<section class=\"elementor-section elementor-top-section elementor-element elementor-element-da56b7c elementor-section-boxed elementor-section-height-default elementor-section-height-default\" style=\"flex-basis: var(--flex-basis); flex-grow: var(--flex-grow); flex-shrink: var(--flex-shrink); order: var(--order); align-self: var(--align-self); --swiper-theme-color: #000; --swiper-navigation-size: 44px; --swiper-pagination-bullet-size: 6px; --swiper-pagination-bullet-horizontal-gap: 6px; --widgets-spacing: 20px; color: #000000; font-family: Lato, sans-serif; font-size: 16px; letter-spacing: normal;\" data-id=\"da56b7c\" data-element_type=\"section\">\n<p style=\"margin: 0in 0in 0.0001pt; text-align: center;\" align=\"center\"><b style=\"font-style: inherit; background-color: var(--ast-global-color-5); color: var(--ast-global-color-3);\"><span lang=\"DE\" style=\"font-size: 14.0pt; font-family: 'Nunito Sans'; mso-ansi-language: DE;\">14 DAYS return guarantee<\/span><\/b><\/p>\n<p style=\"margin: 0in 0in 0.0001pt; text-align: center;\" align=\"center\"><span lang=\"DE\" style=\"font-family: 'Nunito Sans'; mso-ansi-language: DE;\">\u00a0<\/span><\/p>\n<p style=\"margin: 0in 0in 0.0001pt; text-align: center;\" align=\"center\"><span lang=\"DE\" style=\"font-family: 'Nunito Sans'; mso-ansi-language: DE;\">Are you not satisfied with the product you received? Does it not meet your expectations on closer inspection? No problem! With TRX Network you enjoy a satisfaction guarantee!<\/span><\/p>\n<p style=\"margin: 0in 0in 0.0001pt; text-align: center;\" align=\"center\"><span lang=\"DE\" style=\"font-family: 'Nunito Sans'; mso-ansi-language: DE;\">With our satisfaction guarantee, you can return the magnetic jewellery within 14 days from the date of purchase. You will be refunded the full purchase price without shipping costs.<\/span><\/p>\n<p style=\"margin: 0in 0in 0.0001pt; text-align: center;\" align=\"center\"><span lang=\"DE\" style=\"font-family: 'Nunito Sans'; mso-ansi-language: DE;\">\u00a0<\/span><\/p>\n<p style=\"margin: 0in 0in 0.0001pt; text-align: center;\" align=\"center\"><span lang=\"DE\" style=\"font-family: 'Nunito Sans'; mso-ansi-language: DE;\">\u00a0<\/span><\/p>\n<p style=\"margin: 0in 0in 0.0001pt; text-align: center;\" align=\"center\"><b><span lang=\"DE\" style=\"font-size: 14.0pt; font-family: 'Nunito Sans'; mso-ansi-language: DE;\">MATERIAL AND MANUFACTURING DEFECTS<\/span><\/b><\/p>\n<p style=\"margin: 0in 0in 0.0001pt; text-align: center;\" align=\"center\"><span lang=\"DE\" style=\"font-family: 'Nunito Sans'; mso-ansi-language: DE;\">\u00a0<\/span><\/p>\n<p style=\"margin: 0in 0in 0.0001pt; text-align: center;\" align=\"center\"><span lang=\"DE\" style=\"font-family: 'Nunito Sans'; mso-ansi-language: DE;\">Defective items with material and\/or manufacturing faults are subject to the statutory warranty.<\/span><\/p>\n<p style=\"margin: 0in 0in 0.0001pt; text-align: center;\" align=\"center\"><span lang=\"DE\" style=\"font-family: 'Nunito Sans'; mso-ansi-language: DE;\">\u00a0<\/span><\/p>\n<p style=\"margin: 0in 0in 0.0001pt; text-align: center;\" align=\"center\"><span lang=\"DE\" style=\"font-family: 'Nunito Sans'; mso-ansi-language: DE;\">The deadlines begin with the receipt of the goods and this instruction.<\/span><\/p>\n<p style=\"margin: 0in 0in 0.0001pt; text-align: center;\" align=\"center\"><span lang=\"DE\" style=\"font-family: 'Nunito Sans'; mso-ansi-language: DE;\">Please enclose the receipt\/proof of purchase or a copy of the invoice.<\/span><\/p>\n<p style=\"margin: 0in 0in 0.0001pt; text-align: center;\" align=\"center\"><span lang=\"DE\" style=\"font-family: 'Nunito Sans'; mso-ansi-language: DE;\">Please do not forget to enter your customer details in full.<\/span><\/p>\n<p style=\"margin: 0in 0in 0.0001pt; text-align: center;\" align=\"center\"><span lang=\"DE\" style=\"font-family: 'Nunito Sans'; mso-ansi-language: DE;\">TRX Network shall not be liable for any loss in transit.<\/span><\/p>\n<p style=\"margin: 0in 0in 0.0001pt; text-align: center;\" align=\"center\"><span lang=\"DE\" style=\"font-family: 'Nunito Sans'; mso-ansi-language: DE;\">\u00a0<\/span><\/p>\n<p style=\"margin: 0in 0in 0.0001pt; text-align: center;\" align=\"center\"><span lang=\"DE\" style=\"font-family: 'Nunito Sans'; mso-ansi-language: DE;\">\u00a0<\/span><\/p>\n<p style=\"margin: 0in 0in 0.0001pt; text-align: center;\" align=\"center\"><b><span lang=\"DE\" style=\"font-size: 14.0pt; font-family: 'Nunito Sans'; mso-ansi-language: DE;\">Distance Selling Act<\/span><\/b><\/p>\n<p style=\"margin: 0in 0in 0.0001pt; text-align: center;\" align=\"center\"><span lang=\"DE\" style=\"font-family: 'Nunito Sans'; mso-ansi-language: DE;\">\u00a0<\/span><\/p>\n<p style=\"margin: 0in 0in 0.0001pt; text-align: center;\" align=\"center\"><span lang=\"DE\" style=\"font-family: 'Nunito Sans'; mso-ansi-language: DE;\">In accordance with the Distance Selling Act, you can return the purchased item within 14 days of receipt of the goods.<\/span><\/p>\n<p style=\"margin: 0in 0in 0.0001pt; text-align: center;\" align=\"center\"><span lang=\"DE\" style=\"font-family: 'Nunito Sans'; mso-ansi-language: DE;\">We will refund 100% of the purchase amount, excluding shipping costs.<\/span><\/p>\n<p style=\"margin: 0in 0in 0.0001pt; text-align: center;\" align=\"center\"><span lang=\"DE\" style=\"font-family: 'Nunito Sans'; mso-ansi-language: DE;\">The two weeks shall commence at the earliest upon receipt of the goods. Timely despatch of the goods shall suffice to meet the deadline.<\/span><\/p>\n<p style=\"margin: 0in 0in 0.0001pt; text-align: center;\" align=\"center\"><span lang=\"DE\" style=\"font-family: 'Nunito Sans'; mso-ansi-language: DE;\">\u00a0<\/span><\/p>\n<p style=\"margin: 0in 0in 0.0001pt; text-align: center;\" align=\"center\"><span lang=\"DE\" style=\"font-family: 'Nunito Sans'; mso-ansi-language: DE;\">After the 14 days have elapsed, returns will only be accepted as a gesture of goodwill. We will refund 75 % of the purchase amount, excluding shipping costs.<\/span><\/p>\n<p style=\"margin: 0in 0in 0.0001pt; text-align: center;\" align=\"center\"><span lang=\"DE\" style=\"font-family: 'Nunito Sans'; mso-ansi-language: DE;\">We can only make refunds if no use\/damage is recognisable.<\/span><\/p>\n<p style=\"margin: 0in 0in 0.0001pt; text-align: center;\" align=\"center\"><span lang=\"DE\" style=\"font-family: 'Nunito Sans'; mso-ansi-language: DE;\">\u00a0<\/span><\/p>\n<p style=\"margin: 0in 0in 0.0001pt; text-align: center;\" align=\"center\"><span lang=\"DE\" style=\"font-family: 'Nunito Sans'; mso-ansi-language: DE;\">Please enclose a copy of the purchase invoice with the return.<\/span><\/p>\n<p style=\"margin: 0in 0in 0.0001pt; text-align: center;\" align=\"center\"><span lang=\"DE\" style=\"font-family: 'Nunito Sans'; mso-ansi-language: DE;\">The possibility of return is in accordance with the Distance Selling Act, at the expense and risk of the customer.<\/span><\/p>\n<p style=\"margin: 0in 0in 0.0001pt; text-align: center;\" align=\"center\"><span lang=\"DE\" style=\"font-family: 'Nunito Sans'; mso-ansi-language: DE;\">\u00a0<\/span><\/p>\n<p style=\"margin: 0in 0in 0.0001pt; text-align: center;\" align=\"center\"><span lang=\"DE\" style=\"font-family: 'Nunito Sans'; mso-ansi-language: DE;\">Return to:<\/span><\/p>\n<p style=\"margin: 0in 0in 0.0001pt; text-align: center;\" align=\"center\"><span lang=\"DE\" style=\"font-family: 'Nunito Sans'; mso-ansi-language: DE;\">Establishment \/ branch in Germany:<\/span><\/p>\n<p style=\"margin: 0in 0in 0.0001pt; text-align: center;\" align=\"center\"><span lang=\"DE\" style=\"font-family: 'Nunito Sans'; mso-ansi-language: DE;\">\u00a0<\/span><\/p>\n<p style=\"margin: 0in 0in 0.0001pt; text-align: center;\" align=\"center\"><span style=\"font-family: 'Nunito Sans';\">MAGNEGY Distribution GmbH<\/span><\/p>\n<p style=\"margin: 0in 0in 0.0001pt; text-align: center;\" align=\"center\"><span style=\"font-family: 'Nunito Sans';\">Service for TRINITIX for LIFE<\/span><\/p>\n<p style=\"margin: 0in 0in 0.0001pt; text-align: center;\" align=\"center\"><span lang=\"DE\" style=\"font-family: 'Nunito Sans'; mso-ansi-language: DE;\">Obenhauptstr. 7<\/span><\/p>\n<p style=\"margin: 0in 0in 0.0001pt; text-align: center;\" align=\"center\"><span lang=\"DE\" style=\"font-family: 'Nunito Sans'; mso-ansi-language: DE;\">22335 Hamburg<\/span><\/p>\n<p style=\"margin: 0in 0in 0.0001pt; text-align: center;\" align=\"center\"><span lang=\"DE\" style=\"font-family: 'Nunito Sans'; mso-ansi-language: DE;\">\u00a0<\/span><\/p>\n<p style=\"margin: 0in 0in 0.0001pt; text-align: center;\" align=\"center\"><span lang=\"DE\" style=\"font-family: 'Nunito Sans'; mso-ansi-language: DE;\">\u00a0<\/span><\/p>\n<p style=\"margin: 0in 0in 0.0001pt; text-align: center;\" align=\"center\"><b><span lang=\"DE\" style=\"font-size: 14.0pt; font-family: 'Nunito Sans'; mso-ansi-language: DE;\">Sample cancellation form<\/span><\/b><\/p>\n<p style=\"margin: 0in 0in 0.0001pt; text-align: center;\" align=\"center\"><span lang=\"DE\" style=\"font-family: 'Nunito Sans'; mso-ansi-language: DE;\">(If you wish to cancel the contract, please complete and return this form).<\/span><span style=\"background-color: var(--ast-global-color-5); color: var(--ast-global-color-3);\">\u00a0<\/span><\/p>\n<\/section>\n<p>\u00a0<\/p>\n<p class=\"MsoNormal\"><span lang=\"DE\">\u00a0<\/span><\/p>\t\t\t\t\t\t\t\t<\/div>\n\t\t\t\t<\/div>\n\t\t\t\t\t<\/div>\n\t\t<\/div>\n\t\t\t\t\t<\/div>\n\t\t<\/section>\n\t\t\t\t<section class=\"elementor-section elementor-top-section elementor-element elementor-element-1b87f65 elementor-section-boxed elementor-section-height-default elementor-section-height-default\" data-id=\"1b87f65\" data-element_type=\"section\" data-e-type=\"section\">\n\t\t\t\t\t\t<div class=\"elementor-container elementor-column-gap-default\">\n\t\t\t\t\t<div class=\"elementor-column elementor-col-100 elementor-top-column elementor-element elementor-element-c1eaaf4\" data-id=\"c1eaaf4\" data-element_type=\"column\" data-e-type=\"column\">\n\t\t\t<div class=\"elementor-widget-wrap elementor-element-populated\">\n\t\t\t\t\t\t<div class=\"elementor-element elementor-element-9020e4c elementor-align-center elementor-widget elementor-widget-button\" data-id=\"9020e4c\" data-element_type=\"widget\" data-e-type=\"widget\" data-widget_type=\"button.default\">\n\t\t\t\t<div class=\"elementor-widget-container\">\n\t\t\t\t\t\t\t\t\t<div class=\"elementor-button-wrapper\">\n\t\t\t\t\t<a class=\"elementor-button elementor-button-link elementor-size-sm\" href=\"http:\/\/trinitixshop.de\/wp-content\/uploads\/2023\/05\/Model-Withdrawal-form.pdf\">\n\t\t\t\t\t\t<span class=\"elementor-button-content-wrapper\">\n\t\t\t\t\t\t<span class=\"elementor-button-icon\">\n\t\t\t\t<i aria-hidden=\"true\" class=\"far fa-file-pdf\"><\/i>\t\t\t<\/span>\n\t\t\t\t\t\t\t\t\t<span class=\"elementor-button-text\">SAMPLE CANCELLATION FORM<\/span>\n\t\t\t\t\t<\/span>\n\t\t\t\t\t<\/a>\n\t\t\t\t<\/div>\n\t\t\t\t\t\t\t\t<\/div>\n\t\t\t\t<\/div>\n\t\t\t\t\t<\/div>\n\t\t<\/div>\n\t\t\t\t\t<\/div>\n\t\t<\/section>\n\t\t\t\t<\/div>","protected":false},"excerpt":{"rendered":"<p>R\u00dcCKGABERECHT \/ WIDERRUFSRECHT \u00a0 Im TRX Network Webshop kaufen Sie nach Lust und Laune ohne jegliches Risiko. \u00a0 14 TAGE R\u00fcckgabegarantie \u00a0 Sind Sie mit dem erhaltenen Produkt doch nicht zufrieden? Entspricht es bei n\u00e4herer Betrachtung doch nicht Ihren Vorstellungen? Kein Problem! Sie genie\u00dfen bei TRX Network eine Zufriedenheitsgarantie! Mit unserer Zufriedenheitsgarantie k\u00f6nnen Sie innerhalb &hellip;<\/p>\n<p class=\"read-more\"> <a class=\"thunk-readmore button\" href=\"https:\/\/trinitixshop.de\/en\/refund_returns\/\"> <span class=\"screen-reader-text\">Return Rights<\/span>Read More<\/a><\/p>","protected":false},"author":1,"featured_media":0,"parent":0,"menu_order":0,"comment_status":"closed","ping_status":"closed","template":"","meta":{"footnotes":""},"class_list":["post-2019","page","type-page","status-publish","hentry","thunk-woo-product-list","opn-qv-enable","top-store-woo-hover-zoom","top-store-single-product-tab-horizontal","top-store-shadow-","top-store-shadow-hover-"],"_links":{"self":[{"href":"https:\/\/trinitixshop.de\/en\/wp-json\/wp\/v2\/pages\/2019","targetHints":{"allow":["GET"]}}],"collection":[{"href":"https:\/\/trinitixshop.de\/en\/wp-json\/wp\/v2\/pages"}],"about":[{"href":"https:\/\/trinitixshop.de\/en\/wp-json\/wp\/v2\/types\/page"}],"author":[{"embeddable":true,"href":"https:\/\/trinitixshop.de\/en\/wp-json\/wp\/v2\/users\/1"}],"replies":[{"embeddable":true,"href":"https:\/\/trinitixshop.de\/en\/wp-json\/wp\/v2\/comments?post=2019"}],"version-history":[{"count":19,"href":"https:\/\/trinitixshop.de\/en\/wp-json\/wp\/v2\/pages\/2019\/revisions"}],"predecessor-version":[{"id":2385,"href":"https:\/\/trinitixshop.de\/en\/wp-json\/wp\/v2\/pages\/2019\/revisions\/2385"}],"wp:attachment":[{"href":"https:\/\/trinitixshop.de\/en\/wp-json\/wp\/v2\/media?parent=2019"}],"curies":[{"name":"wp","href":"https:\/\/api.w.org\/{rel}","templated":true}]}}