{"id":3513,"date":"2024-08-08T14:30:33","date_gmt":"2024-08-08T12:30:33","guid":{"rendered":"https:\/\/trinitixshop.de\/?post_type=product&#038;p=3513"},"modified":"2026-03-26T14:44:28","modified_gmt":"2026-03-26T13:44:28","slug":"flex-stainless-steel-copper-bracelet-cube-retro-flexi","status":"publish","type":"product","link":"https:\/\/trinitixshop.de\/en\/produkt\/flex-edelstahl-kupfer-armband-cube-retro-flexi\/","title":{"rendered":"Flex Edelstahl Kupfer Magnetschmuck Armband Cube Retro flexibel S oder M # 1166"},"content":{"rendered":"<p>SB116605T<\/p>","protected":false},"excerpt":{"rendered":"<div class=\"width-80\">\n<p>Flexible retro design magnetic bracelet, plain \/ silver, matt and polished elements.<\/p>\n<p>Width: approx. 7.3 mm, thickness approx. 3.3 mm.<\/p>\n<p>Neodymium magnet inlays with approx. 2,200 gauss.<\/p>\n<p>Stainless steel, free from cadmium, nickel and lead. Allergy-free.<\/p>\n<p>With copper element.<br \/>\nEffect of copper (CU):<br \/>\nPromotes the formation of antibodies in the defence system, growth, development and strengthening of bones.<\/p>\n<p>Beauty and a new lightness. Year after year, our flexible energy bracelets are among the most popular items in the collection.<\/p>\n<p>See for yourself how beautiful, robust and adaptable these pieces of jewellery are.<\/p>\n<\/div>\n<div class=\"width-80\">You will certainly not want to part with it any time soon.<\/div>\n<div><\/div>\n<div>\n<div>Verf\u00fcgbare Gr\u00f6\u00dfen: S (14-15 cm), M (15-16 cm) oder XXL (20-22 cm).<\/div>\n<div>Bitte teile Sie uns Ihre gew\u00fcnschte Liefergr\u00f6\u00dfe mit.<\/div>\n<\/div>\n<div><\/div>","protected":false},"featured_media":3928,"comment_status":"open","ping_status":"closed","template":"","meta":[],"product_brand":[],"product_cat":[17,19],"product_tag":[25],"class_list":{"0":"post-3513","1":"product","2":"type-product","3":"status-publish","4":"has-post-thumbnail","6":"product_cat-alle-produkte","7":"product_cat-armbander","8":"product_tag-t-prime","9":"thunk-woo-product-list","10":"opn-qv-enable","11":"top-store-woo-hover-zoom","12":"top-store-single-product-tab-horizontal","13":"top-store-shadow-","14":"top-store-shadow-hover-","16":"first","17":"instock","18":"sale","19":"taxable","20":"shipping-taxable","21":"purchasable","22":"product-type-variable"},"_links":{"self":[{"href":"https:\/\/trinitixshop.de\/en\/wp-json\/wp\/v2\/product\/3513","targetHints":{"allow":["GET"]}}],"collection":[{"href":"https:\/\/trinitixshop.de\/en\/wp-json\/wp\/v2\/product"}],"about":[{"href":"https:\/\/trinitixshop.de\/en\/wp-json\/wp\/v2\/types\/product"}],"replies":[{"embeddable":true,"href":"https:\/\/trinitixshop.de\/en\/wp-json\/wp\/v2\/comments?post=3513"}],"wp:featuredmedia":[{"embeddable":true,"href":"https:\/\/trinitixshop.de\/en\/wp-json\/wp\/v2\/media\/3928"}],"wp:attachment":[{"href":"https:\/\/trinitixshop.de\/en\/wp-json\/wp\/v2\/media?parent=3513"}],"wp:term":[{"taxonomy":"product_brand","embeddable":true,"href":"https:\/\/trinitixshop.de\/en\/wp-json\/wp\/v2\/product_brand?post=3513"},{"taxonomy":"product_cat","embeddable":true,"href":"https:\/\/trinitixshop.de\/en\/wp-json\/wp\/v2\/product_cat?post=3513"},{"taxonomy":"product_tag","embeddable":true,"href":"https:\/\/trinitixshop.de\/en\/wp-json\/wp\/v2\/product_tag?post=3513"}],"curies":[{"name":"wp","href":"https:\/\/api.w.org\/{rel}","templated":true}]}}