{"id":2019,"date":"2023-05-11T14:52:34","date_gmt":"2023-05-11T12:52:34","guid":{"rendered":"https:\/\/trinitixshop.de\/?page_id=2019"},"modified":"2023-05-23T11:43:31","modified_gmt":"2023-05-23T09:43:31","slug":"devoluciones_devolucion","status":"publish","type":"page","link":"https:\/\/trinitixshop.de\/es\/refund_returns\/","title":{"rendered":"Pol\u00edtica de anulaci\u00f3n"},"content":{"rendered":"<div data-elementor-type=\"wp-page\" data-elementor-id=\"2019\" class=\"elementor elementor-2019\" data-elementor-settings=\"{&quot;ha_cmc_init_switcher&quot;:&quot;no&quot;}\">\n\t\t\t\t\t\t<section class=\"elementor-section elementor-top-section elementor-element elementor-element-95c7eb1 elementor-section-boxed elementor-section-height-default elementor-section-height-default\" data-id=\"95c7eb1\" data-element_type=\"section\" data-e-type=\"section\">\n\t\t\t\t\t\t<div class=\"elementor-container elementor-column-gap-default\">\n\t\t\t\t\t<div class=\"elementor-column elementor-col-100 elementor-top-column elementor-element elementor-element-4fced78\" data-id=\"4fced78\" data-element_type=\"column\" data-e-type=\"column\">\n\t\t\t<div class=\"elementor-widget-wrap elementor-element-populated\">\n\t\t\t\t\t\t<div class=\"elementor-element elementor-element-833454a elementor-widget elementor-widget-text-editor\" data-id=\"833454a\" data-element_type=\"widget\" data-e-type=\"widget\" data-widget_type=\"text-editor.default\">\n\t\t\t\t<div class=\"elementor-widget-container\">\n\t\t\t\t\t\t\t\t\t<p style=\"margin: 0in 0in 0.0001pt; text-align: center;\" align=\"center\"><b><span lang=\"DE\" style=\"font-size: 20.0pt; font-family: 'Nunito Sans'; mso-ansi-language: DE;\">DERECHO DE DEVOLUCI\u00d3N \/ DERECHO DE CANCELACI\u00d3N<\/span><\/b><\/p>\n<p style=\"margin: 0in 0in 0.0001pt; text-align: center;\" align=\"center\"><b><span lang=\"DE\" style=\"font-size: 18.0pt; font-family: 'Nunito Sans'; mso-ansi-language: DE;\">\u00a0<\/span><\/b><\/p>\n<p style=\"margin: 0in 0in 0.0001pt; text-align: center;\" align=\"center\"><span lang=\"DE\" style=\"font-size: 14.0pt; font-family: 'Nunito Sans'; mso-ansi-language: DE;\">En la tienda web de TRX Network puede comprar a su antojo sin ning\u00fan riesgo.<\/span><\/p>\n<p style=\"margin: 0in 0in 0.0001pt; text-align: center;\" align=\"center\"><span lang=\"DE\" style=\"font-family: 'Nunito Sans'; mso-ansi-language: DE;\">\u00a0<\/span><\/p>\n<section class=\"elementor-section elementor-top-section elementor-element elementor-element-da56b7c elementor-section-boxed elementor-section-height-default elementor-section-height-default\" style=\"flex-basis: var(--flex-basis); flex-grow: var(--flex-grow); flex-shrink: var(--flex-shrink); order: var(--order); align-self: var(--align-self); --swiper-theme-color: #000; --swiper-navigation-size: 44px; --swiper-pagination-bullet-size: 6px; --swiper-pagination-bullet-horizontal-gap: 6px; --widgets-spacing: 20px; color: #000000; font-family: Lato, sans-serif; font-size: 16px; letter-spacing: normal;\" data-id=\"da56b7c\" data-element_type=\"section\">\n<p style=\"margin: 0in 0in 0.0001pt; text-align: center;\" align=\"center\"><b style=\"font-style: inherit; background-color: var(--ast-global-color-5); color: var(--ast-global-color-3);\"><span lang=\"DE\" style=\"font-size: 14.0pt; font-family: 'Nunito Sans'; mso-ansi-language: DE;\">14 D\u00cdAS de garant\u00eda de devoluci\u00f3n<\/span><\/b><\/p>\n<p style=\"margin: 0in 0in 0.0001pt; text-align: center;\" align=\"center\"><span lang=\"DE\" style=\"font-family: 'Nunito Sans'; mso-ansi-language: DE;\">\u00a0<\/span><\/p>\n<p style=\"margin: 0in 0in 0.0001pt; text-align: center;\" align=\"center\"><span lang=\"DE\" style=\"font-family: 'Nunito Sans'; mso-ansi-language: DE;\">\u00bfNo est\u00e1 satisfecho con el producto que ha recibido? \u00bfNo cumple sus expectativas al examinarlo m\u00e1s de cerca? No se preocupe. Con TRX Network disfrutar\u00e1 de una garant\u00eda de satisfacci\u00f3n.<\/span><\/p>\n<p style=\"margin: 0in 0in 0.0001pt; text-align: center;\" align=\"center\"><span lang=\"DE\" style=\"font-family: 'Nunito Sans'; mso-ansi-language: DE;\">Con nuestra garant\u00eda de satisfacci\u00f3n, puede devolver las joyas magn\u00e9ticas en un plazo de 14 d\u00edas a partir de la fecha de compra. Se le reembolsar\u00e1 el precio de compra \u00edntegro sin gastos de env\u00edo.<\/span><\/p>\n<p style=\"margin: 0in 0in 0.0001pt; text-align: center;\" align=\"center\"><span lang=\"DE\" style=\"font-family: 'Nunito Sans'; mso-ansi-language: DE;\">\u00a0<\/span><\/p>\n<p style=\"margin: 0in 0in 0.0001pt; text-align: center;\" align=\"center\"><span lang=\"DE\" style=\"font-family: 'Nunito Sans'; mso-ansi-language: DE;\">\u00a0<\/span><\/p>\n<p style=\"margin: 0in 0in 0.0001pt; text-align: center;\" align=\"center\"><b><span lang=\"DE\" style=\"font-size: 14.0pt; font-family: 'Nunito Sans'; mso-ansi-language: DE;\">DEFECTOS DE MATERIAL Y DE FABRICACI\u00d3N<\/span><\/b><\/p>\n<p style=\"margin: 0in 0in 0.0001pt; text-align: center;\" align=\"center\"><span lang=\"DE\" style=\"font-family: 'Nunito Sans'; mso-ansi-language: DE;\">\u00a0<\/span><\/p>\n<p style=\"margin: 0in 0in 0.0001pt; text-align: center;\" align=\"center\"><span lang=\"DE\" style=\"font-family: 'Nunito Sans'; mso-ansi-language: DE;\">Los art\u00edculos defectuosos con fallos de material y\/o fabricaci\u00f3n est\u00e1n sujetos a la garant\u00eda legal.<\/span><\/p>\n<p style=\"margin: 0in 0in 0.0001pt; text-align: center;\" align=\"center\"><span lang=\"DE\" style=\"font-family: 'Nunito Sans'; mso-ansi-language: DE;\">\u00a0<\/span><\/p>\n<p style=\"margin: 0in 0in 0.0001pt; text-align: center;\" align=\"center\"><span lang=\"DE\" style=\"font-family: 'Nunito Sans'; mso-ansi-language: DE;\">Los plazos comienzan con la recepci\u00f3n de la mercanc\u00eda y esta instrucci\u00f3n.<\/span><\/p>\n<p style=\"margin: 0in 0in 0.0001pt; text-align: center;\" align=\"center\"><span lang=\"DE\" style=\"font-family: 'Nunito Sans'; mso-ansi-language: DE;\">Adjunte el recibo\/prueba de compra o una copia de la factura.<\/span><\/p>\n<p style=\"margin: 0in 0in 0.0001pt; text-align: center;\" align=\"center\"><span lang=\"DE\" style=\"font-family: 'Nunito Sans'; mso-ansi-language: DE;\">No olvide introducir todos sus datos de cliente.<\/span><\/p>\n<p style=\"margin: 0in 0in 0.0001pt; text-align: center;\" align=\"center\"><span lang=\"DE\" style=\"font-family: 'Nunito Sans'; mso-ansi-language: DE;\">TRX Network no ser\u00e1 responsable de ninguna p\u00e9rdida en tr\u00e1nsito.<\/span><\/p>\n<p style=\"margin: 0in 0in 0.0001pt; text-align: center;\" align=\"center\"><span lang=\"DE\" style=\"font-family: 'Nunito Sans'; mso-ansi-language: DE;\">\u00a0<\/span><\/p>\n<p style=\"margin: 0in 0in 0.0001pt; text-align: center;\" align=\"center\"><span lang=\"DE\" style=\"font-family: 'Nunito Sans'; mso-ansi-language: DE;\">\u00a0<\/span><\/p>\n<p style=\"margin: 0in 0in 0.0001pt; text-align: center;\" align=\"center\"><b><span lang=\"DE\" style=\"font-size: 14.0pt; font-family: 'Nunito Sans'; mso-ansi-language: DE;\">Ley de venta a distancia<\/span><\/b><\/p>\n<p style=\"margin: 0in 0in 0.0001pt; text-align: center;\" align=\"center\"><span lang=\"DE\" style=\"font-family: 'Nunito Sans'; mso-ansi-language: DE;\">\u00a0<\/span><\/p>\n<p style=\"margin: 0in 0in 0.0001pt; text-align: center;\" align=\"center\"><span lang=\"DE\" style=\"font-family: 'Nunito Sans'; mso-ansi-language: DE;\">De conformidad con la Ley de Venta a Distancia, puede devolver el art\u00edculo comprado en un plazo de 14 d\u00edas a partir de la recepci\u00f3n de la mercanc\u00eda.<\/span><\/p>\n<p style=\"margin: 0in 0in 0.0001pt; text-align: center;\" align=\"center\"><span lang=\"DE\" style=\"font-family: 'Nunito Sans'; mso-ansi-language: DE;\">Le reembolsaremos el 100% del importe de la compra, excluidos los gastos de env\u00edo.<\/span><\/p>\n<p style=\"margin: 0in 0in 0.0001pt; text-align: center;\" align=\"center\"><span lang=\"DE\" style=\"font-family: 'Nunito Sans'; mso-ansi-language: DE;\">El plazo de dos semanas comenzar\u00e1, como muy pronto, a partir de la recepci\u00f3n de la mercanc\u00eda. El env\u00edo puntual de la mercanc\u00eda bastar\u00e1 para cumplir el plazo.<\/span><\/p>\n<p style=\"margin: 0in 0in 0.0001pt; text-align: center;\" align=\"center\"><span lang=\"DE\" style=\"font-family: 'Nunito Sans'; mso-ansi-language: DE;\">\u00a0<\/span><\/p>\n<p style=\"margin: 0in 0in 0.0001pt; text-align: center;\" align=\"center\"><span lang=\"DE\" style=\"font-family: 'Nunito Sans'; mso-ansi-language: DE;\">Una vez transcurridos los 14 d\u00edas, s\u00f3lo se aceptar\u00e1n devoluciones como gesto de buena voluntad. Reembolsaremos 75 % del importe de la compra, excluidos los gastos de env\u00edo.<\/span><\/p>\n<p style=\"margin: 0in 0in 0.0001pt; text-align: center;\" align=\"center\"><span lang=\"DE\" style=\"font-family: 'Nunito Sans'; mso-ansi-language: DE;\">S\u00f3lo podemos realizar reembolsos si no se reconoce ning\u00fan uso\/da\u00f1o.<\/span><\/p>\n<p style=\"margin: 0in 0in 0.0001pt; text-align: center;\" align=\"center\"><span lang=\"DE\" style=\"font-family: 'Nunito Sans'; mso-ansi-language: DE;\">\u00a0<\/span><\/p>\n<p style=\"margin: 0in 0in 0.0001pt; text-align: center;\" align=\"center\"><span lang=\"DE\" style=\"font-family: 'Nunito Sans'; mso-ansi-language: DE;\">Adjunte a la devoluci\u00f3n una copia de la factura de compra.<\/span><\/p>\n<p style=\"margin: 0in 0in 0.0001pt; text-align: center;\" align=\"center\"><span lang=\"DE\" style=\"font-family: 'Nunito Sans'; mso-ansi-language: DE;\">La posibilidad de devoluci\u00f3n es conforme a la Ley de Venta a Distancia, por cuenta y riesgo del cliente.<\/span><\/p>\n<p style=\"margin: 0in 0in 0.0001pt; text-align: center;\" align=\"center\"><span lang=\"DE\" style=\"font-family: 'Nunito Sans'; mso-ansi-language: DE;\">\u00a0<\/span><\/p>\n<p style=\"margin: 0in 0in 0.0001pt; text-align: center;\" align=\"center\"><span lang=\"DE\" style=\"font-family: 'Nunito Sans'; mso-ansi-language: DE;\">Volver a:<\/span><\/p>\n<p style=\"margin: 0in 0in 0.0001pt; text-align: center;\" align=\"center\"><span lang=\"DE\" style=\"font-family: 'Nunito Sans'; mso-ansi-language: DE;\">Establecimiento \/ sucursal en Alemania:<\/span><\/p>\n<p style=\"margin: 0in 0in 0.0001pt; text-align: center;\" align=\"center\"><span lang=\"DE\" style=\"font-family: 'Nunito Sans'; mso-ansi-language: DE;\">\u00a0<\/span><\/p>\n<p style=\"margin: 0in 0in 0.0001pt; text-align: center;\" align=\"center\"><span style=\"font-family: 'Nunito Sans';\">MAGNEGY Distribution GmbH<\/span><\/p>\n<p style=\"margin: 0in 0in 0.0001pt; text-align: center;\" align=\"center\"><span style=\"font-family: 'Nunito Sans';\">Servicio para TRINITIX for LIFE<\/span><\/p>\n<p style=\"margin: 0in 0in 0.0001pt; text-align: center;\" align=\"center\"><span lang=\"DE\" style=\"font-family: 'Nunito Sans'; mso-ansi-language: DE;\">Obenhauptstr. 7<\/span><\/p>\n<p style=\"margin: 0in 0in 0.0001pt; text-align: center;\" align=\"center\"><span lang=\"DE\" style=\"font-family: 'Nunito Sans'; mso-ansi-language: DE;\">22335 Hamburgo<\/span><\/p>\n<p style=\"margin: 0in 0in 0.0001pt; text-align: center;\" align=\"center\"><span lang=\"DE\" style=\"font-family: 'Nunito Sans'; mso-ansi-language: DE;\">\u00a0<\/span><\/p>\n<p style=\"margin: 0in 0in 0.0001pt; text-align: center;\" align=\"center\"><span lang=\"DE\" style=\"font-family: 'Nunito Sans'; mso-ansi-language: DE;\">\u00a0<\/span><\/p>\n<p style=\"margin: 0in 0in 0.0001pt; text-align: center;\" align=\"center\"><b><span lang=\"DE\" style=\"font-size: 14.0pt; font-family: 'Nunito Sans'; mso-ansi-language: DE;\">Modelo de formulario de cancelaci\u00f3n<\/span><\/b><\/p>\n<p style=\"margin: 0in 0in 0.0001pt; text-align: center;\" align=\"center\"><span lang=\"DE\" style=\"font-family: 'Nunito Sans'; mso-ansi-language: DE;\">(Si desea rescindir el contrato, rellene y devuelva este formulario).<\/span><span style=\"background-color: var(--ast-global-color-5); color: var(--ast-global-color-3);\">\u00a0<\/span><\/p>\n<\/section>\n<p>\u00a0<\/p>\n<p class=\"MsoNormal\"><span lang=\"DE\">\u00a0<\/span><\/p>\t\t\t\t\t\t\t\t<\/div>\n\t\t\t\t<\/div>\n\t\t\t\t\t<\/div>\n\t\t<\/div>\n\t\t\t\t\t<\/div>\n\t\t<\/section>\n\t\t\t\t<section class=\"elementor-section elementor-top-section elementor-element elementor-element-1b87f65 elementor-section-boxed elementor-section-height-default elementor-section-height-default\" data-id=\"1b87f65\" data-element_type=\"section\" data-e-type=\"section\">\n\t\t\t\t\t\t<div class=\"elementor-container elementor-column-gap-default\">\n\t\t\t\t\t<div class=\"elementor-column elementor-col-100 elementor-top-column elementor-element elementor-element-c1eaaf4\" data-id=\"c1eaaf4\" data-element_type=\"column\" data-e-type=\"column\">\n\t\t\t<div class=\"elementor-widget-wrap elementor-element-populated\">\n\t\t\t\t\t\t<div class=\"elementor-element elementor-element-9020e4c elementor-align-center elementor-widget elementor-widget-button\" data-id=\"9020e4c\" data-element_type=\"widget\" data-e-type=\"widget\" data-widget_type=\"button.default\">\n\t\t\t\t<div class=\"elementor-widget-container\">\n\t\t\t\t\t\t\t\t\t<div class=\"elementor-button-wrapper\">\n\t\t\t\t\t<a class=\"elementor-button elementor-button-link elementor-size-sm\" href=\"http:\/\/trinitixshop.de\/wp-content\/uploads\/2023\/05\/Model-Withdrawal-form.pdf\">\n\t\t\t\t\t\t<span class=\"elementor-button-content-wrapper\">\n\t\t\t\t\t\t<span class=\"elementor-button-icon\">\n\t\t\t\t<i aria-hidden=\"true\" class=\"far fa-file-pdf\"><\/i>\t\t\t<\/span>\n\t\t\t\t\t\t\t\t\t<span class=\"elementor-button-text\">MODELO DE FORMULARIO DE CANCELACI\u00d3N<\/span>\n\t\t\t\t\t<\/span>\n\t\t\t\t\t<\/a>\n\t\t\t\t<\/div>\n\t\t\t\t\t\t\t\t<\/div>\n\t\t\t\t<\/div>\n\t\t\t\t\t<\/div>\n\t\t<\/div>\n\t\t\t\t\t<\/div>\n\t\t<\/section>\n\t\t\t\t<\/div>","protected":false},"excerpt":{"rendered":"<p>R\u00dcCKGABERECHT \/ WIDERRUFSRECHT \u00a0 Im TRX Network Webshop kaufen Sie nach Lust und Laune ohne jegliches Risiko. \u00a0 14 TAGE R\u00fcckgabegarantie \u00a0 Sind Sie mit dem erhaltenen Produkt doch nicht zufrieden? Entspricht es bei n\u00e4herer Betrachtung doch nicht Ihren Vorstellungen? Kein Problem! Sie genie\u00dfen bei TRX Network eine Zufriedenheitsgarantie! Mit unserer Zufriedenheitsgarantie k\u00f6nnen Sie innerhalb &hellip;<\/p>\n<p class=\"read-more\"> <a class=\"thunk-readmore button\" href=\"https:\/\/trinitixshop.de\/es\/refund_returns\/\"> <span class=\"screen-reader-text\">Pol\u00edtica de anulaci\u00f3n<\/span>Leer m\u00e1s<\/a><\/p>","protected":false},"author":1,"featured_media":0,"parent":0,"menu_order":0,"comment_status":"closed","ping_status":"closed","template":"","meta":{"footnotes":""},"class_list":["post-2019","page","type-page","status-publish","hentry","thunk-woo-product-list","opn-qv-enable","top-store-woo-hover-zoom","top-store-single-product-tab-horizontal","top-store-shadow-","top-store-shadow-hover-"],"_links":{"self":[{"href":"https:\/\/trinitixshop.de\/es\/wp-json\/wp\/v2\/pages\/2019","targetHints":{"allow":["GET"]}}],"collection":[{"href":"https:\/\/trinitixshop.de\/es\/wp-json\/wp\/v2\/pages"}],"about":[{"href":"https:\/\/trinitixshop.de\/es\/wp-json\/wp\/v2\/types\/page"}],"author":[{"embeddable":true,"href":"https:\/\/trinitixshop.de\/es\/wp-json\/wp\/v2\/users\/1"}],"replies":[{"embeddable":true,"href":"https:\/\/trinitixshop.de\/es\/wp-json\/wp\/v2\/comments?post=2019"}],"version-history":[{"count":19,"href":"https:\/\/trinitixshop.de\/es\/wp-json\/wp\/v2\/pages\/2019\/revisions"}],"predecessor-version":[{"id":2385,"href":"https:\/\/trinitixshop.de\/es\/wp-json\/wp\/v2\/pages\/2019\/revisions\/2385"}],"wp:attachment":[{"href":"https:\/\/trinitixshop.de\/es\/wp-json\/wp\/v2\/media?parent=2019"}],"curies":[{"name":"wp","href":"https:\/\/api.w.org\/{rel}","templated":true}]}}