{"id":2044,"date":"2023-05-12T10:38:30","date_gmt":"2023-05-12T08:38:30","guid":{"rendered":"https:\/\/trinitixshop.de\/?page_id=2044"},"modified":"2023-05-23T11:43:08","modified_gmt":"2023-05-23T09:43:08","slug":"metodos-de-envio","status":"publish","type":"page","link":"https:\/\/trinitixshop.de\/es\/versandarten\/","title":{"rendered":"M\u00e9todos de env\u00edo"},"content":{"rendered":"<div data-elementor-type=\"wp-page\" data-elementor-id=\"2044\" class=\"elementor elementor-2044\" data-elementor-settings=\"{&quot;ha_cmc_init_switcher&quot;:&quot;no&quot;}\">\n\t\t\t\t\t\t<section class=\"elementor-section elementor-top-section elementor-element elementor-element-a6dbb2b elementor-section-boxed elementor-section-height-default elementor-section-height-default\" data-id=\"a6dbb2b\" data-element_type=\"section\" data-e-type=\"section\">\n\t\t\t\t\t\t<div class=\"elementor-container elementor-column-gap-default\">\n\t\t\t\t\t<div class=\"elementor-column elementor-col-100 elementor-top-column elementor-element elementor-element-d30676b\" data-id=\"d30676b\" data-element_type=\"column\" data-e-type=\"column\">\n\t\t\t<div class=\"elementor-widget-wrap elementor-element-populated\">\n\t\t\t\t\t\t<div class=\"elementor-element elementor-element-2db7518 elementor-widget elementor-widget-text-editor\" data-id=\"2db7518\" data-element_type=\"widget\" data-e-type=\"widget\" data-widget_type=\"text-editor.default\">\n\t\t\t\t<div class=\"elementor-widget-container\">\n\t\t\t\t\t\t\t\t\t<p class=\"MsoNormal\" style=\"font-size: 16px; font-style: normal; font-weight: 400; margin-bottom: 0.0001pt; color: #000000; font-family: Lato, sans-serif; letter-spacing: normal; line-height: normal;\"><span style=\"font-weight: bold;\"><span lang=\"DE\" style=\"font-size: 18pt; font-family: Roboto;\">TARIFAS DE ENV\u00cdO<\/span><\/span><\/p>\n<p class=\"MsoNormal\" style=\"font-size: 16px; font-style: normal; font-weight: 400; margin-bottom: 0.0001pt; color: #000000; font-family: Lato, sans-serif; letter-spacing: normal; line-height: normal;\"><span style=\"font-weight: bold;\"><span lang=\"DE\" style=\"font-size: 18pt; font-family: Roboto;\">&nbsp;<\/span><\/span><\/p>\n<p class=\"MsoNormal\" style=\"font-size: 16px; font-style: normal; font-weight: 400; margin-bottom: 0.0001pt; color: #000000; font-family: Lato, sans-serif; letter-spacing: normal; line-height: normal;\"><span lang=\"DE\" style=\"font-size: 12pt; font-family: Roboto;\">Gastos de env\u00edo por pedido<\/span><\/p>\n<p class=\"MsoNormal\" style=\"font-size: 16px; font-style: normal; font-weight: 400; margin-bottom: 0.0001pt; color: #000000; font-family: Lato, sans-serif; letter-spacing: normal; line-height: normal;\"><span lang=\"DE\" style=\"font-size: 11.5pt; font-family: Roboto;\">Env\u00edo gratuito a partir de 120<\/span><\/p>\n<p class=\"MsoNormal\" style=\"font-size: 16px; font-style: normal; font-weight: 400; margin-bottom: 0.0001pt; color: #000000; font-family: Lato, sans-serif; letter-spacing: normal; line-height: normal;\"><span lang=\"DE\" style=\"font-size: 12pt; font-family: Roboto;\">&nbsp;<\/span><\/p>\n<p class=\"MsoNormal\" style=\"font-size: 16px; font-style: normal; font-weight: 400; margin-bottom: 0.0001pt; color: #000000; font-family: Lato, sans-serif; letter-spacing: normal; line-height: normal;\"><span lang=\"DE\" style=\"font-size: 12pt; font-family: Roboto;\">Independientemente del valor del pedido, cobramos una peque\u00f1a tarifa plana de 3,95 euros por pedido y direcci\u00f3n de entrega para los env\u00edos dentro de Alemania.&nbsp;<\/span><\/p>\n<p class=\"MsoNormal\" style=\"font-size: 16px; font-style: normal; font-weight: 400; margin-bottom: 0.0001pt; color: #000000; font-family: Lato, sans-serif; letter-spacing: normal; line-height: normal;\"><span lang=\"DE\" style=\"font-size: 12pt; font-family: Roboto;\">&nbsp;<\/span><\/p>\n<p class=\"MsoNormal\" style=\"font-size: 16px; font-style: normal; font-weight: 400; margin-bottom: 0.0001pt; color: #000000; font-family: Lato, sans-serif; letter-spacing: normal; line-height: normal;\"><span style=\"font-weight: bold;\"><span lang=\"DE\" style=\"font-size: 12pt; font-family: Roboto;\">Dentro de Alemania:<\/span><\/span><\/p>\n<p class=\"MsoNormal\" style=\"font-size: 16px; font-style: normal; font-weight: 400; margin-bottom: 0.0001pt; color: #000000; font-family: Lato, sans-serif; letter-spacing: normal; line-height: normal;\"><span lang=\"DE\" style=\"font-size: 12pt; font-family: Roboto;\">3,95 EUROS<\/span><\/p>\n<p class=\"MsoNormal\" style=\"font-size: 16px; font-style: normal; font-weight: 400; margin-bottom: 0.0001pt; color: #000000; font-family: Lato, sans-serif; letter-spacing: normal; line-height: normal;\"><span lang=\"DE\" style=\"font-size: 12pt; font-family: Roboto;\">&nbsp;<\/span><\/p>\n<p class=\"MsoNormal\" style=\"font-size: 16px; font-style: normal; font-weight: 400; margin-bottom: 0.0001pt; color: #000000; font-family: Lato, sans-serif; letter-spacing: normal; line-height: normal;\"><span style=\"font-weight: bold;\"><span lang=\"DE\" style=\"font-size: 12pt; font-family: Roboto;\">Para env\u00edos internacionales:<\/span><\/span><\/p>\n<p class=\"MsoNormal\" style=\"font-size: 16px; font-style: normal; font-weight: 400; margin-bottom: 0.0001pt; color: #000000; font-family: Lato, sans-serif; letter-spacing: normal; line-height: normal;\"><span style=\"font-weight: bold;\"><span lang=\"DE\" style=\"font-size: 12pt; font-family: Roboto;\">&nbsp;<\/span><\/span><\/p>\n<p class=\"MsoNormal\" style=\"font-size: 16px; font-style: normal; font-weight: 400; margin-bottom: 0.0001pt; color: #000000; font-family: Lato, sans-serif; letter-spacing: normal; line-height: normal;\"><span style=\"font-size: 12pt; font-family: Roboto;\">Regiones de Europa: 6,95 EUR<\/span><\/p>\n<p class=\"MsoNormal\" style=\"font-size: 16px; font-style: normal; font-weight: 400; margin-bottom: 0.0001pt; color: #000000; font-family: Lato, sans-serif; letter-spacing: normal; line-height: normal;\"><span style=\"font-size: 12pt; font-family: Roboto;\">Fuera de Europa: 12,95 EUR<\/span><\/p><p class=\"MsoNormal\" style=\"font-size: 16px; font-style: normal; font-weight: 400; margin-bottom: 0.0001pt; color: #000000; font-family: Lato, sans-serif; letter-spacing: normal; line-height: normal;\"><span style=\"font-size: 12pt; font-family: Roboto;\"><br><\/span><\/p>\n<p class=\"MsoNormal\" style=\"font-size: 16px; font-style: normal; font-weight: 400; margin-bottom: 0.0001pt; color: #000000; font-family: Lato, sans-serif; letter-spacing: normal; line-height: normal;\"><span style=\"font-weight: bold;\"><span lang=\"DE\" style=\"font-size: 12pt; font-family: Roboto;\">Enviamos con DHL Global Forwarding<\/span><\/span><\/p>\t\t\t\t\t\t\t\t<\/div>\n\t\t\t\t<\/div>\n\t\t\t\t\t<\/div>\n\t\t<\/div>\n\t\t\t\t\t<\/div>\n\t\t<\/section>\n\t\t\t\t<\/div>","protected":false},"excerpt":{"rendered":"<p>VERSANDTARIFE &nbsp; Versandtarife pro Bestellung Versandkostenfreie Lieferung ab 120\u20ac &nbsp; Wir berechnen unabh\u00e4ngig vom Bestellwert je Bestellung und Lieferanschrift eine geringe Versandkostenpauschale&nbsp;in H\u00f6he von 3,95 \u20ac&nbsp;bei einer Lieferung innerhalb Deutschlands.&nbsp; &nbsp; Innerhalb Deutschlands: EUR 3,95 &nbsp; Bei internationalem Versand: &nbsp; Regionen in Europa:&nbsp; &nbsp; &nbsp; &nbsp; EUR&nbsp; &nbsp; &nbsp;6.95 Au\u00dferhlab von Europa:&nbsp; &nbsp;EUR&nbsp; &nbsp;12,95 Wir &hellip;<\/p>\n<p class=\"read-more\"> <a class=\"thunk-readmore button\" href=\"https:\/\/trinitixshop.de\/es\/versandarten\/\"> <span class=\"screen-reader-text\">M\u00e9todos de env\u00edo<\/span>Leer m\u00e1s<\/a><\/p>","protected":false},"author":1,"featured_media":0,"parent":0,"menu_order":0,"comment_status":"closed","ping_status":"closed","template":"","meta":{"footnotes":""},"class_list":["post-2044","page","type-page","status-publish","hentry","thunk-woo-product-list","opn-qv-enable","top-store-woo-hover-zoom","top-store-single-product-tab-horizontal","top-store-shadow-","top-store-shadow-hover-"],"_links":{"self":[{"href":"https:\/\/trinitixshop.de\/es\/wp-json\/wp\/v2\/pages\/2044","targetHints":{"allow":["GET"]}}],"collection":[{"href":"https:\/\/trinitixshop.de\/es\/wp-json\/wp\/v2\/pages"}],"about":[{"href":"https:\/\/trinitixshop.de\/es\/wp-json\/wp\/v2\/types\/page"}],"author":[{"embeddable":true,"href":"https:\/\/trinitixshop.de\/es\/wp-json\/wp\/v2\/users\/1"}],"replies":[{"embeddable":true,"href":"https:\/\/trinitixshop.de\/es\/wp-json\/wp\/v2\/comments?post=2044"}],"version-history":[{"count":10,"href":"https:\/\/trinitixshop.de\/es\/wp-json\/wp\/v2\/pages\/2044\/revisions"}],"predecessor-version":[{"id":2379,"href":"https:\/\/trinitixshop.de\/es\/wp-json\/wp\/v2\/pages\/2044\/revisions\/2379"}],"wp:attachment":[{"href":"https:\/\/trinitixshop.de\/es\/wp-json\/wp\/v2\/media?parent=2044"}],"curies":[{"name":"wp","href":"https:\/\/api.w.org\/{rel}","templated":true}]}}