{"id":1481,"date":"2023-05-08T12:14:00","date_gmt":"2023-05-08T10:14:00","guid":{"rendered":"https:\/\/trinitixshop.de\/?post_type=product&#038;p=1481"},"modified":"2025-07-29T14:17:51","modified_gmt":"2025-07-29T12:17:51","slug":"anillo-magnetico-cielo-estrellado-maduro-con-cristales-swarovski-plata-20","status":"publish","type":"product","link":"https:\/\/trinitixshop.de\/es\/produkt\/starry-sky-reif-sternenhimmel-magnetring-mit-swarovski-crystals-silber-20\/","title":{"rendered":"Starry Sky Reif Sternenhimmel Magnetring mit Swarovski Crystals silber # 9020 &#8211; 20"},"content":{"rendered":"<p>[218] RX902020T<\/p>\n","protected":false},"excerpt":{"rendered":"<p>Elegante anillo magn\u00e9tico \"diamante\".<br \/>\nEngastado con brillantes elementos de cristal Swarovski en talla brillante.<br \/>\nUn regalo maravilloso para cualquier ocasi\u00f3n. Esta elegante joya est\u00e1 hecha a mano.<br \/>\nAnchura aprox. 7 mm Altura aprox. 3 mm. S\u00f3lido.<br \/>\nSuperficie elegantemente redondeada. Disponible en dorado bajo # 9010.<br \/>\nComo la visi\u00f3n del cielo nocturno estrellado. Verdaderamente asombroso.<br \/>\nAbundancia de brillantes elementos de Swarovski en forma de punto incrustados en el anillo en disposici\u00f3n irregular.<br \/>\nEl poeta ver\u00eda nuevos mundos en el mar de luz, flotando perdidos en el tiempo y el espacio.<br \/>\nEl esteta apreciar\u00eda el esplendor de los colores, el juego de luces y sombras.<br \/>\nComo estrellas parpadeantes, pueden desencadenar mucho en una persona y rara vez dejan impasible la mente humana.<br \/>\nLos anillos magn\u00e9ticos simbolizan la movilidad y la alegr\u00eda de vivir.<br \/>\nNuestros anillos magn\u00e9ticos llevan a\u00f1os figurando entre los art\u00edculos m\u00e1s populares de la colecci\u00f3n.<br \/>\nCompruebe usted mismo lo bonitas, resistentes y adaptables que son estas piezas de joyer\u00eda<br \/>\nEnerg\u00eda y elegancia<br \/>\nCada una de nuestras joyas est\u00e1 equipada con potentes imanes de neodimio de alta calidad. Incrustaci\u00f3n de im\u00e1n de neodimio con aprox. 1.200 gauss.<br \/>\nAcero inoxidable m\u00e9dico, sin cadmio, n\u00edquel ni plomo. Sin alergias.<\/p>","protected":false},"featured_media":1681,"comment_status":"open","ping_status":"closed","template":"","meta":[],"product_brand":[],"product_cat":[17,18],"product_tag":[28],"class_list":{"0":"post-1481","1":"product","2":"type-product","3":"status-publish","4":"has-post-thumbnail","6":"product_cat-alle-produkte","7":"product_cat-ringe","8":"product_tag-kurfuerst","9":"thunk-woo-product-list","10":"opn-qv-enable","11":"top-store-woo-hover-zoom","12":"top-store-single-product-tab-horizontal","13":"top-store-shadow-","14":"top-store-shadow-hover-","16":"first","17":"instock","18":"sale","19":"taxable","20":"shipping-taxable","21":"purchasable","22":"product-type-simple"},"_links":{"self":[{"href":"https:\/\/trinitixshop.de\/es\/wp-json\/wp\/v2\/product\/1481","targetHints":{"allow":["GET"]}}],"collection":[{"href":"https:\/\/trinitixshop.de\/es\/wp-json\/wp\/v2\/product"}],"about":[{"href":"https:\/\/trinitixshop.de\/es\/wp-json\/wp\/v2\/types\/product"}],"replies":[{"embeddable":true,"href":"https:\/\/trinitixshop.de\/es\/wp-json\/wp\/v2\/comments?post=1481"}],"wp:featuredmedia":[{"embeddable":true,"href":"https:\/\/trinitixshop.de\/es\/wp-json\/wp\/v2\/media\/1681"}],"wp:attachment":[{"href":"https:\/\/trinitixshop.de\/es\/wp-json\/wp\/v2\/media?parent=1481"}],"wp:term":[{"taxonomy":"product_brand","embeddable":true,"href":"https:\/\/trinitixshop.de\/es\/wp-json\/wp\/v2\/product_brand?post=1481"},{"taxonomy":"product_cat","embeddable":true,"href":"https:\/\/trinitixshop.de\/es\/wp-json\/wp\/v2\/product_cat?post=1481"},{"taxonomy":"product_tag","embeddable":true,"href":"https:\/\/trinitixshop.de\/es\/wp-json\/wp\/v2\/product_tag?post=1481"}],"curies":[{"name":"wp","href":"https:\/\/api.w.org\/{rel}","templated":true}]}}