{"id":1484,"date":"2023-05-08T12:14:00","date_gmt":"2023-05-08T10:14:00","guid":{"rendered":"https:\/\/trinitixshop.de\/?post_type=product&#038;p=1484"},"modified":"2024-12-30T17:39:53","modified_gmt":"2024-12-30T16:39:53","slug":"anillo-iman-arco-iris-brasil-con-piedras-swarovski-oro-16-21","status":"publish","type":"product","link":"https:\/\/trinitixshop.de\/es\/produkt\/brazil-rainbow-magnet-ring-mit-swarovski-edelsteinen-gold-16-21\/","title":{"rendered":"Brasil Anillo Im\u00e1n Arco Iris con Piedras Swarovski # 9002 oro 16 - 21"},"content":{"rendered":"<p>RX900200T<\/p>","protected":false},"excerpt":{"rendered":"<p>Un colorido anillo de nuestra \"Colecci\u00f3n Arco Iris\".<br \/>\nUna variedad con gemas Swarovski de colores espectrales.<br \/>\nUn trabajo realmente h\u00e1bil de los dise\u00f1adores de nuestra empresa.<br \/>\nHecho a mano. Los colores sutilmente graduados muestran los colores del espectro del arco iris.<br \/>\nLa selecci\u00f3n incluye elementos sint\u00e9ticos similares al granate, la amatista, el citrino, el peridoto y el topacio azul.<br \/>\nCuadrado mixto como secci\u00f3n modificada<br \/>\nAnchura aprox. 7 mm. Grosor aprox. 2,3 mm.<br \/>\nDisponible en dorado bajo # 9006.<br \/>\nEn el antiguo Oriente, el arco iris simbolizaba la victoria tras una disputa entre dioses. ...<br \/>\nA\u00fan hoy, la aparici\u00f3n del arco iris en el cielo sigue atrayendo a la gente. Se considera un s\u00edmbolo de armon\u00eda, integridad, conservaci\u00f3n de la naturaleza o una se\u00f1al de la conexi\u00f3n entre el cielo y la tierra. Esta exclusiva y elegante colecci\u00f3n incluye pendientes, un collar y un anillo. 24 k \"oro natural\" chapado en oro duro.<br \/>\nLos anillos magn\u00e9ticos son sin\u00f3nimo de movilidad y alegr\u00eda de vivir. Nuestros anillos magn\u00e9ticos llevan a\u00f1os siendo uno de los art\u00edculos m\u00e1s populares de la colecci\u00f3n.<br \/>\nCompruebe usted mismo lo bonitas, resistentes y adaptables que son estas piezas de joyer\u00eda<br \/>\nEnerg\u00eda y elegancia<br \/>\nCada una de nuestras joyas est\u00e1 equipada con potentes imanes de neodimio de alta calidad. Incrustaci\u00f3n de im\u00e1n de neodimio con aprox. 1.200 gauss.<br \/>\nAcero inoxidable m\u00e9dico, sin cadmio, n\u00edquel ni plomo. Sin alergias.<br \/>\nTallas disponibles: 16, 17, 18, 19, 20 \u00f3 21.<\/p>","protected":false},"featured_media":1715,"comment_status":"open","ping_status":"closed","template":"","meta":[],"product_brand":[],"product_cat":[17,18],"product_tag":[28],"class_list":{"0":"post-1484","1":"product","2":"type-product","3":"status-publish","4":"has-post-thumbnail","6":"product_cat-alle-produkte","7":"product_cat-ringe","8":"product_tag-kurfuerst","9":"thunk-woo-product-list","10":"opn-qv-enable","11":"top-store-woo-hover-zoom","12":"top-store-single-product-tab-horizontal","13":"top-store-shadow-","14":"top-store-shadow-hover-","16":"first","17":"instock","18":"taxable","19":"shipping-taxable","20":"purchasable","21":"product-type-variable"},"_links":{"self":[{"href":"https:\/\/trinitixshop.de\/es\/wp-json\/wp\/v2\/product\/1484","targetHints":{"allow":["GET"]}}],"collection":[{"href":"https:\/\/trinitixshop.de\/es\/wp-json\/wp\/v2\/product"}],"about":[{"href":"https:\/\/trinitixshop.de\/es\/wp-json\/wp\/v2\/types\/product"}],"replies":[{"embeddable":true,"href":"https:\/\/trinitixshop.de\/es\/wp-json\/wp\/v2\/comments?post=1484"}],"wp:featuredmedia":[{"embeddable":true,"href":"https:\/\/trinitixshop.de\/es\/wp-json\/wp\/v2\/media\/1715"}],"wp:attachment":[{"href":"https:\/\/trinitixshop.de\/es\/wp-json\/wp\/v2\/media?parent=1484"}],"wp:term":[{"taxonomy":"product_brand","embeddable":true,"href":"https:\/\/trinitixshop.de\/es\/wp-json\/wp\/v2\/product_brand?post=1484"},{"taxonomy":"product_cat","embeddable":true,"href":"https:\/\/trinitixshop.de\/es\/wp-json\/wp\/v2\/product_cat?post=1484"},{"taxonomy":"product_tag","embeddable":true,"href":"https:\/\/trinitixshop.de\/es\/wp-json\/wp\/v2\/product_tag?post=1484"}],"curies":[{"name":"wp","href":"https:\/\/api.w.org\/{rel}","templated":true}]}}