{"id":1486,"date":"2023-05-08T12:14:00","date_gmt":"2023-05-08T10:14:00","guid":{"rendered":"https:\/\/trinitixshop.de\/?post_type=product&#038;p=1486"},"modified":"2023-05-08T15:34:30","modified_gmt":"2023-05-08T13:34:30","slug":"anillo-solitario-bicolor-con-cristal-swarovski-366-talla16-a-22","status":"publish","type":"product","link":"https:\/\/trinitixshop.de\/es\/produkt\/solitaerring-bicolor-mit-swarovski-crystal-366-groesse16-bis-22\/","title":{"rendered":"Anillo solitario bicolor con cristal Swarovski # 366 Talla 16 a 22"},"content":{"rendered":"<p>RX036600T<\/p>","protected":false},"excerpt":{"rendered":"<p>Anillo magn\u00e9tico solitario macizo \"Goldline\", l\u00ednea chapada en oro, con elemento de cristal Swarovski.<br \/>\nAnchura: aprox. 7 mm, grosor: aprox. 3 mm<br \/>\nComo anillo asociado tenemos el anillo magn\u00e9tico solitario # 2143 - id\u00e9ntico pero sin cristal Swarovski.<br \/>\nLos anillos magn\u00e9ticos son sin\u00f3nimo de movilidad y alegr\u00eda de vivir. Desde hace a\u00f1os, nuestros anillos magn\u00e9ticos figuran entre las piezas m\u00e1s populares de la colecci\u00f3n. Compruebe usted mismo lo bonitas, robustas y adaptables que son estas piezas de joyer\u00eda \u00a1Energ\u00eda y elegancia!<br \/>\nCada una de nuestras joyas est\u00e1 equipada con potentes imanes de neodimio de alta calidad. Incrustaci\u00f3n de im\u00e1n de neodimio con aprox. 1.200 gauss.<br \/>\nAcero inoxidable m\u00e9dico, sin cadmio, n\u00edquel ni plomo. Sin alergias.<br \/>\nTallas disponibles: 16, 17, 18, 19, 20, 21 o 22.<\/p>","protected":false},"featured_media":1717,"comment_status":"open","ping_status":"closed","template":"","meta":[],"product_brand":[],"product_cat":[17,18],"product_tag":[25],"class_list":{"0":"post-1486","1":"product","2":"type-product","3":"status-publish","4":"has-post-thumbnail","6":"product_cat-alle-produkte","7":"product_cat-ringe","8":"product_tag-t-prime","9":"thunk-woo-product-list","10":"opn-qv-enable","11":"top-store-woo-hover-zoom","12":"top-store-single-product-tab-horizontal","13":"top-store-shadow-","14":"top-store-shadow-hover-","16":"first","17":"instock","18":"taxable","19":"shipping-taxable","20":"purchasable","21":"product-type-variable"},"_links":{"self":[{"href":"https:\/\/trinitixshop.de\/es\/wp-json\/wp\/v2\/product\/1486","targetHints":{"allow":["GET"]}}],"collection":[{"href":"https:\/\/trinitixshop.de\/es\/wp-json\/wp\/v2\/product"}],"about":[{"href":"https:\/\/trinitixshop.de\/es\/wp-json\/wp\/v2\/types\/product"}],"replies":[{"embeddable":true,"href":"https:\/\/trinitixshop.de\/es\/wp-json\/wp\/v2\/comments?post=1486"}],"wp:featuredmedia":[{"embeddable":true,"href":"https:\/\/trinitixshop.de\/es\/wp-json\/wp\/v2\/media\/1717"}],"wp:attachment":[{"href":"https:\/\/trinitixshop.de\/es\/wp-json\/wp\/v2\/media?parent=1486"}],"wp:term":[{"taxonomy":"product_brand","embeddable":true,"href":"https:\/\/trinitixshop.de\/es\/wp-json\/wp\/v2\/product_brand?post=1486"},{"taxonomy":"product_cat","embeddable":true,"href":"https:\/\/trinitixshop.de\/es\/wp-json\/wp\/v2\/product_cat?post=1486"},{"taxonomy":"product_tag","embeddable":true,"href":"https:\/\/trinitixshop.de\/es\/wp-json\/wp\/v2\/product_tag?post=1486"}],"curies":[{"name":"wp","href":"https:\/\/api.w.org\/{rel}","templated":true}]}}