{"id":1487,"date":"2023-05-08T12:14:00","date_gmt":"2023-05-08T10:14:00","guid":{"rendered":"https:\/\/trinitixshop.de\/?post_type=product&#038;p=1487"},"modified":"2025-06-03T13:30:36","modified_gmt":"2025-06-03T11:30:36","slug":"anillo-joya-magnetico-cielo-estrellado-maduro-con-cristales-swarovski-oro-16-21","status":"publish","type":"product","link":"https:\/\/trinitixshop.de\/es\/produkt\/starry-sky-reif-sternenhimmel-magnetschmuck-ring-mit-swarovski-crystals-gold-16-21\/","title":{"rendered":"Starry Sky Reif Sternenhimmel Magnetschmuck Ring mit Swarovski Crystals gold 16 &#8211; 21 # 9010"},"content":{"rendered":"<p>RX901000T<\/p>","protected":false},"excerpt":{"rendered":"<p>Elegante anillo magn\u00e9tico \"diamante\", chapado en oro duro de 24k.<br \/>\nEngastado con brillantes elementos de cristal Swarovski en talla brillante.<br \/>\nUn regalo maravilloso para cualquier ocasi\u00f3n.<br \/>\nEsta elegante pieza de joyer\u00eda est\u00e1 hecha a mano. Anchura aprox. 7 mm Altura aprox. 3 mm.<br \/>\nS\u00f3lida. Superficie elegantemente redondeada.<br \/>\nDisponible en plata con el n\u00famero # 9020.<br \/>\nComo la visi\u00f3n del cielo nocturno estrellado. Realmente asombroso. Abundancia de brillantes elementos de Swarovski en forma de punto incrustados en el anillo en disposici\u00f3n irregular. El poeta ver\u00eda nuevos mundos en el mar de luces, flotando perdidos en el tiempo y el espacio. El esteta apreciar\u00eda el esplendor de los colores, el juego de luces y sombras. Como estrellas parpadeantes, pueden desencadenar mucho en una persona y rara vez dejan indiferente la mente humana.<br \/>\nLos anillos magn\u00e9ticos son sin\u00f3nimo de movilidad y alegr\u00eda de vivir. Desde hace a\u00f1os, nuestros anillos magn\u00e9ticos figuran entre las piezas m\u00e1s populares de la colecci\u00f3n. Compruebe usted mismo lo bonitas, robustas y adaptables que son estas piezas de joyer\u00eda \u00a1Energ\u00eda y elegancia!<br \/>\nCada una de nuestras joyas est\u00e1 equipada con potentes imanes de neodimio de alta calidad. Incrustaci\u00f3n de im\u00e1n de neodimio con aprox. 1.200 gauss.<br \/>\nAcero inoxidable m\u00e9dico, sin cadmio, n\u00edquel ni plomo. Sin alergias.<br \/>\nTallas disponibles: 16, 17, 18, 19, 20 \u00f3 21.<\/p>","protected":false},"featured_media":1719,"comment_status":"open","ping_status":"closed","template":"","meta":[],"product_brand":[],"product_cat":[17,18],"product_tag":[28],"class_list":{"0":"post-1487","1":"product","2":"type-product","3":"status-publish","4":"has-post-thumbnail","6":"product_cat-alle-produkte","7":"product_cat-ringe","8":"product_tag-kurfuerst","9":"thunk-woo-product-list","10":"opn-qv-enable","11":"top-store-woo-hover-zoom","12":"top-store-single-product-tab-horizontal","13":"top-store-shadow-","14":"top-store-shadow-hover-","16":"first","17":"instock","18":"featured","19":"taxable","20":"shipping-taxable","21":"purchasable","22":"product-type-variable"},"_links":{"self":[{"href":"https:\/\/trinitixshop.de\/es\/wp-json\/wp\/v2\/product\/1487","targetHints":{"allow":["GET"]}}],"collection":[{"href":"https:\/\/trinitixshop.de\/es\/wp-json\/wp\/v2\/product"}],"about":[{"href":"https:\/\/trinitixshop.de\/es\/wp-json\/wp\/v2\/types\/product"}],"replies":[{"embeddable":true,"href":"https:\/\/trinitixshop.de\/es\/wp-json\/wp\/v2\/comments?post=1487"}],"wp:featuredmedia":[{"embeddable":true,"href":"https:\/\/trinitixshop.de\/es\/wp-json\/wp\/v2\/media\/1719"}],"wp:attachment":[{"href":"https:\/\/trinitixshop.de\/es\/wp-json\/wp\/v2\/media?parent=1487"}],"wp:term":[{"taxonomy":"product_brand","embeddable":true,"href":"https:\/\/trinitixshop.de\/es\/wp-json\/wp\/v2\/product_brand?post=1487"},{"taxonomy":"product_cat","embeddable":true,"href":"https:\/\/trinitixshop.de\/es\/wp-json\/wp\/v2\/product_cat?post=1487"},{"taxonomy":"product_tag","embeddable":true,"href":"https:\/\/trinitixshop.de\/es\/wp-json\/wp\/v2\/product_tag?post=1487"}],"curies":[{"name":"wp","href":"https:\/\/api.w.org\/{rel}","templated":true}]}}