{"id":1491,"date":"2023-05-08T12:14:01","date_gmt":"2023-05-08T10:14:01","guid":{"rendered":"https:\/\/trinitixshop.de\/?post_type=product&#038;p=1491"},"modified":"2025-12-04T16:59:42","modified_gmt":"2025-12-04T15:59:42","slug":"anillo-magnetico-bicolor-polvo-de-diamante-plata-oro-16-21","status":"publish","type":"product","link":"https:\/\/trinitixshop.de\/es\/produkt\/bicolor-magnetring-diamantenstaub-silber-gold-16-21\/","title":{"rendered":"Bicolor Magnetring Diamantenstaub Silber Gold 16 bis 21 # 106"},"content":{"rendered":"<p>RX010600T<\/p>","protected":false},"excerpt":{"rendered":"<p>Anillo magn\u00e9tico macizo \"polvo de diamantes\" estrecho. Unisex. Bicolor.<br \/>\nIdeal como anillo de pareja, boda o compromiso.<br \/>\nEl robusto y brillante acero inoxidable tiene una estructura \u00fanica que confiere al anillo un aspecto especialmente elegante, como si estuviera engastado con polvo de diamantes. Anchura: aprox. 4 mm, grosor: aprox. 2 mm. Este anillo tambi\u00e9n est\u00e1 disponible en 7 mm con el n\u00famero # 106.<br \/>\nLos anillos magn\u00e9ticos son sin\u00f3nimo de movilidad y alegr\u00eda de vivir. Nuestros anillos magn\u00e9ticos llevan a\u00f1os siendo uno de los art\u00edculos m\u00e1s populares de la colecci\u00f3n.<br \/>\nCompruebe usted mismo lo bonitas, resistentes y adaptables que son estas piezas de joyer\u00eda.<br \/>\nEnerg\u00eda y elegancia<br \/>\nCada una de nuestras joyas est\u00e1 equipada con potentes imanes de neodimio de alta calidad. Incrustaci\u00f3n de im\u00e1n de neodimio con aprox. 1.200 gauss.<br \/>\nAcero inoxidable m\u00e9dico, sin cadmio, n\u00edquel ni plomo. Sin alergias.<\/p>","protected":false},"featured_media":1708,"comment_status":"open","ping_status":"closed","template":"","meta":[],"product_brand":[],"product_cat":[17,18],"product_tag":[25],"class_list":{"0":"post-1491","1":"product","2":"type-product","3":"status-publish","4":"has-post-thumbnail","6":"product_cat-alle-produkte","7":"product_cat-ringe","8":"product_tag-t-prime","9":"thunk-woo-product-list","10":"opn-qv-enable","11":"top-store-woo-hover-zoom","12":"top-store-single-product-tab-horizontal","13":"top-store-shadow-","14":"top-store-shadow-hover-","16":"first","17":"instock","18":"taxable","19":"shipping-taxable","20":"purchasable","21":"product-type-variable"},"_links":{"self":[{"href":"https:\/\/trinitixshop.de\/es\/wp-json\/wp\/v2\/product\/1491","targetHints":{"allow":["GET"]}}],"collection":[{"href":"https:\/\/trinitixshop.de\/es\/wp-json\/wp\/v2\/product"}],"about":[{"href":"https:\/\/trinitixshop.de\/es\/wp-json\/wp\/v2\/types\/product"}],"replies":[{"embeddable":true,"href":"https:\/\/trinitixshop.de\/es\/wp-json\/wp\/v2\/comments?post=1491"}],"wp:featuredmedia":[{"embeddable":true,"href":"https:\/\/trinitixshop.de\/es\/wp-json\/wp\/v2\/media\/1708"}],"wp:attachment":[{"href":"https:\/\/trinitixshop.de\/es\/wp-json\/wp\/v2\/media?parent=1491"}],"wp:term":[{"taxonomy":"product_brand","embeddable":true,"href":"https:\/\/trinitixshop.de\/es\/wp-json\/wp\/v2\/product_brand?post=1491"},{"taxonomy":"product_cat","embeddable":true,"href":"https:\/\/trinitixshop.de\/es\/wp-json\/wp\/v2\/product_cat?post=1491"},{"taxonomy":"product_tag","embeddable":true,"href":"https:\/\/trinitixshop.de\/es\/wp-json\/wp\/v2\/product_tag?post=1491"}],"curies":[{"name":"wp","href":"https:\/\/api.w.org\/{rel}","templated":true}]}}