{"id":1492,"date":"2023-05-08T12:14:01","date_gmt":"2023-05-08T10:14:01","guid":{"rendered":"https:\/\/trinitixshop.de\/?post_type=product&#038;p=1492"},"modified":"2023-05-08T14:06:17","modified_gmt":"2023-05-08T12:06:17","slug":"pure-decide-technically-anillo-magnetico-recto-219-talla-16-a-22","status":"publish","type":"product","link":"https:\/\/trinitixshop.de\/es\/produkt\/pure-decide-technisch-gradliniger-magnetring-219-groesse-16-bis-22\/","title":{"rendered":"Anillo magn\u00e9tico recto t\u00e9cnico Pure Decide # 219 - Talla 16 a 22"},"content":{"rendered":"<p>RX021900T<\/p>","protected":false},"excerpt":{"rendered":"<p>Pure Decide - Magnet Ring. s\u00f3lido, t\u00e9cnico - sencillo.<br \/>\nElemento central como engastado con polvo de diamante. Cepillado y pulido.<br \/>\nAnchura: aprox. 9 mm, grosor: aprox. 3 mm.<br \/>\nInspirado en el estilo Fossil.<br \/>\nLa pieza de joyer\u00eda magn\u00e9tica perfecta para tipos sencillos.<br \/>\nPuede encontrar la cadena correspondiente aqu\u00ed: # 2191.<br \/>\nLos anillos magn\u00e9ticos simbolizan la movilidad y la alegr\u00eda de vivir.<br \/>\nNuestros anillos magn\u00e9ticos llevan a\u00f1os figurando entre los art\u00edculos m\u00e1s populares de la colecci\u00f3n.<br \/>\nCompruebe usted mismo lo bonitas, robustas y adaptables que son estas joyas \u00a1Energ\u00eda y elegancia!<br \/>\nCada una de nuestras joyas est\u00e1 equipada con potentes imanes de neodimio de alta calidad. Incrustaci\u00f3n de im\u00e1n de neodimio con aprox. 1.200 gauss.<br \/>\nAcero inoxidable m\u00e9dico, sin cadmio, n\u00edquel ni plomo. Sin alergias.<\/p>","protected":false},"featured_media":1705,"comment_status":"open","ping_status":"closed","template":"","meta":[],"product_brand":[],"product_cat":[17,18],"product_tag":[26],"class_list":{"0":"post-1492","1":"product","2":"type-product","3":"status-publish","4":"has-post-thumbnail","6":"product_cat-alle-produkte","7":"product_cat-ringe","8":"product_tag-paja","9":"thunk-woo-product-list","10":"opn-qv-enable","11":"top-store-woo-hover-zoom","12":"top-store-single-product-tab-horizontal","13":"top-store-shadow-","14":"top-store-shadow-hover-","16":"first","17":"instock","18":"taxable","19":"shipping-taxable","20":"purchasable","21":"product-type-variable"},"_links":{"self":[{"href":"https:\/\/trinitixshop.de\/es\/wp-json\/wp\/v2\/product\/1492","targetHints":{"allow":["GET"]}}],"collection":[{"href":"https:\/\/trinitixshop.de\/es\/wp-json\/wp\/v2\/product"}],"about":[{"href":"https:\/\/trinitixshop.de\/es\/wp-json\/wp\/v2\/types\/product"}],"replies":[{"embeddable":true,"href":"https:\/\/trinitixshop.de\/es\/wp-json\/wp\/v2\/comments?post=1492"}],"wp:featuredmedia":[{"embeddable":true,"href":"https:\/\/trinitixshop.de\/es\/wp-json\/wp\/v2\/media\/1705"}],"wp:attachment":[{"href":"https:\/\/trinitixshop.de\/es\/wp-json\/wp\/v2\/media?parent=1492"}],"wp:term":[{"taxonomy":"product_brand","embeddable":true,"href":"https:\/\/trinitixshop.de\/es\/wp-json\/wp\/v2\/product_brand?post=1492"},{"taxonomy":"product_cat","embeddable":true,"href":"https:\/\/trinitixshop.de\/es\/wp-json\/wp\/v2\/product_cat?post=1492"},{"taxonomy":"product_tag","embeddable":true,"href":"https:\/\/trinitixshop.de\/es\/wp-json\/wp\/v2\/product_tag?post=1492"}],"curies":[{"name":"wp","href":"https:\/\/api.w.org\/{rel}","templated":true}]}}