{"id":1500,"date":"2023-05-08T12:14:01","date_gmt":"2023-05-08T10:14:01","guid":{"rendered":"https:\/\/trinitixshop.de\/?post_type=product&#038;p=1500"},"modified":"2025-11-09T14:24:42","modified_gmt":"2025-11-09T13:24:42","slug":"exquisito-anillo-magnetico-plata-estrecho-16-22","status":"publish","type":"product","link":"https:\/\/trinitixshop.de\/es\/produkt\/exquisiter-magnetring-silber-schmal-16-22\/","title":{"rendered":"Exquisiter Magnetring silber schmal &#8211; 16\/22 # 1775"},"content":{"rendered":"<p>RX177500T<\/p>","protected":false},"excerpt":{"rendered":"<p>Anillo magn\u00e9tico macizo, plateado, mate \/ cepillado. Unisex. Ideal como anillo de pareja, de boda o de compromiso.<br \/>\nEl robusto acero inoxidable tiene un acabado cepillado mate, que confiere al anillo un aspecto especialmente elegante.<br \/>\nAnchura: aprox. 5 mm, grosor: aprox. 2 mm.<br \/>\nLos anillos magn\u00e9ticos simbolizan la movilidad y la alegr\u00eda de vivir.<br \/>\nNuestros anillos magn\u00e9ticos llevan a\u00f1os figurando entre los art\u00edculos m\u00e1s populares de la colecci\u00f3n.<br \/>\nCompruebe usted mismo lo bonitas, robustas y adaptables que son estas joyas \u00a1Energ\u00eda y elegancia!<br \/>\nCada una de nuestras joyas est\u00e1 equipada con potentes imanes de neodimio de alta calidad.<br \/>\nIncrustaci\u00f3n de im\u00e1n de neodimio con aprox. 1.200 gauss.<br \/>\nAcero inoxidable m\u00e9dico, sin cadmio, n\u00edquel ni plomo. Sin alergias.<\/p>","protected":false},"featured_media":1697,"comment_status":"open","ping_status":"closed","template":"","meta":[],"product_brand":[],"product_cat":[17,18],"product_tag":[26],"class_list":{"0":"post-1500","1":"product","2":"type-product","3":"status-publish","4":"has-post-thumbnail","6":"product_cat-alle-produkte","7":"product_cat-ringe","8":"product_tag-paja","9":"thunk-woo-product-list","10":"opn-qv-enable","11":"top-store-woo-hover-zoom","12":"top-store-single-product-tab-horizontal","13":"top-store-shadow-","14":"top-store-shadow-hover-","16":"first","17":"instock","18":"taxable","19":"shipping-taxable","20":"purchasable","21":"product-type-variable"},"_links":{"self":[{"href":"https:\/\/trinitixshop.de\/es\/wp-json\/wp\/v2\/product\/1500","targetHints":{"allow":["GET"]}}],"collection":[{"href":"https:\/\/trinitixshop.de\/es\/wp-json\/wp\/v2\/product"}],"about":[{"href":"https:\/\/trinitixshop.de\/es\/wp-json\/wp\/v2\/types\/product"}],"replies":[{"embeddable":true,"href":"https:\/\/trinitixshop.de\/es\/wp-json\/wp\/v2\/comments?post=1500"}],"wp:featuredmedia":[{"embeddable":true,"href":"https:\/\/trinitixshop.de\/es\/wp-json\/wp\/v2\/media\/1697"}],"wp:attachment":[{"href":"https:\/\/trinitixshop.de\/es\/wp-json\/wp\/v2\/media?parent=1500"}],"wp:term":[{"taxonomy":"product_brand","embeddable":true,"href":"https:\/\/trinitixshop.de\/es\/wp-json\/wp\/v2\/product_brand?post=1500"},{"taxonomy":"product_cat","embeddable":true,"href":"https:\/\/trinitixshop.de\/es\/wp-json\/wp\/v2\/product_cat?post=1500"},{"taxonomy":"product_tag","embeddable":true,"href":"https:\/\/trinitixshop.de\/es\/wp-json\/wp\/v2\/product_tag?post=1500"}],"curies":[{"name":"wp","href":"https:\/\/api.w.org\/{rel}","templated":true}]}}