{"id":1504,"date":"2023-05-08T12:14:01","date_gmt":"2023-05-08T10:14:01","guid":{"rendered":"https:\/\/trinitixshop.de\/?post_type=product&#038;p=1504"},"modified":"2023-05-08T15:09:04","modified_gmt":"2023-05-08T13:09:04","slug":"anillo-magnetico-premium-vintage-diseno-alas-de-oro-16-22","status":"publish","type":"product","link":"https:\/\/trinitixshop.de\/es\/produkt\/premium-vintage-magnetring-gold-wings-design-16-22\/","title":{"rendered":"Anillo magn\u00e9tico vintage premium dise\u00f1o alas doradas - 16\/22"},"content":{"rendered":"<p>RX274700T<\/p>","protected":false},"excerpt":{"rendered":"<p>Anillo magn\u00e9tico macizo chapado en oro duro de 24 quilates.<br \/>\nUnisex. Acero inoxidable, sin alergia al n\u00edquel.<br \/>\nDisponible en plata con el n\u00famero # 2749.<br \/>\nEl robusto acero inoxidable est\u00e1 muy pulido y brillante, lo que confiere al anillo un aspecto especialmente elegante.<br \/>\nAnchura: aprox. 8 mm, grosor: aprox. 2 mm.<br \/>\nEl robusto y brillante acero inoxidable tiene una estructura \u00fanica.<br \/>\nCon grabado exclusivo de alas.<br \/>\nSimbolismo: Cuando vemos alas, nuestro primer pensamiento es volar.<br \/>\nSi damos rienda suelta a nuestras fantas\u00edas, el s\u00edmbolo del ala es nuestra salvaci\u00f3n.<br \/>\nNos damos cuenta de que podemos huir y escapar de las cosas que nos atan y liberar as\u00ed nuestras almas.<br \/>\nLos anillos magn\u00e9ticos simbolizan la movilidad y la alegr\u00eda de vivir.<br \/>\nNuestros anillos magn\u00e9ticos llevan a\u00f1os figurando entre los art\u00edculos m\u00e1s populares de la colecci\u00f3n.<br \/>\nCompruebe usted mismo lo bonitas, resistentes y adaptables que son estas piezas de joyer\u00eda.<br \/>\nEnerg\u00eda y elegancia<br \/>\nCada una de nuestras joyas est\u00e1 equipada con potentes imanes de neodimio de alta calidad. Incrustaci\u00f3n de im\u00e1n de neodimio con aprox. 1.200 gauss.<br \/>\nAcero inoxidable m\u00e9dico, sin cadmio, n\u00edquel ni plomo. Sin alergias.<\/p>","protected":false},"featured_media":1710,"comment_status":"open","ping_status":"closed","template":"","meta":[],"product_brand":[],"product_cat":[17,18],"product_tag":[25],"class_list":{"0":"post-1504","1":"product","2":"type-product","3":"status-publish","4":"has-post-thumbnail","6":"product_cat-alle-produkte","7":"product_cat-ringe","8":"product_tag-t-prime","9":"thunk-woo-product-list","10":"opn-qv-enable","11":"top-store-woo-hover-zoom","12":"top-store-single-product-tab-horizontal","13":"top-store-shadow-","14":"top-store-shadow-hover-","16":"first","17":"instock","18":"taxable","19":"shipping-taxable","20":"purchasable","21":"product-type-variable"},"_links":{"self":[{"href":"https:\/\/trinitixshop.de\/es\/wp-json\/wp\/v2\/product\/1504","targetHints":{"allow":["GET"]}}],"collection":[{"href":"https:\/\/trinitixshop.de\/es\/wp-json\/wp\/v2\/product"}],"about":[{"href":"https:\/\/trinitixshop.de\/es\/wp-json\/wp\/v2\/types\/product"}],"replies":[{"embeddable":true,"href":"https:\/\/trinitixshop.de\/es\/wp-json\/wp\/v2\/comments?post=1504"}],"wp:featuredmedia":[{"embeddable":true,"href":"https:\/\/trinitixshop.de\/es\/wp-json\/wp\/v2\/media\/1710"}],"wp:attachment":[{"href":"https:\/\/trinitixshop.de\/es\/wp-json\/wp\/v2\/media?parent=1504"}],"wp:term":[{"taxonomy":"product_brand","embeddable":true,"href":"https:\/\/trinitixshop.de\/es\/wp-json\/wp\/v2\/product_brand?post=1504"},{"taxonomy":"product_cat","embeddable":true,"href":"https:\/\/trinitixshop.de\/es\/wp-json\/wp\/v2\/product_cat?post=1504"},{"taxonomy":"product_tag","embeddable":true,"href":"https:\/\/trinitixshop.de\/es\/wp-json\/wp\/v2\/product_tag?post=1504"}],"curies":[{"name":"wp","href":"https:\/\/api.w.org\/{rel}","templated":true}]}}