{"id":1506,"date":"2023-05-08T12:14:02","date_gmt":"2023-05-08T10:14:02","guid":{"rendered":"https:\/\/trinitixshop.de\/?post_type=product&#038;p=1506"},"modified":"2023-05-08T12:48:11","modified_gmt":"2023-05-08T10:48:11","slug":"anillo-magnetico-diseno-alas-con-cristal-swarovski-solitario-2752-16-21","status":"publish","type":"product","link":"https:\/\/trinitixshop.de\/es\/produkt\/wings-design-magnetring-mit-swarovski-solitaire-crystal-2752-16-21\/","title":{"rendered":"Anillo magn\u00e9tico Wings Design con cristal Swarovski Solitaire # 2752 - 16\/21"},"content":{"rendered":"<p>RX275200T<\/p>","protected":false},"excerpt":{"rendered":"<p>Anillo magn\u00e9tico de dise\u00f1o. Hecho a mano. Acabado mate.<br \/>\nCon elemento de cristal solitario original de Swarovski.<br \/>\nAnchura: aprox. 8 mm, grosor: aprox. 3 mm.<br \/>\nCon grabado de alas de alta calidad.<br \/>\nSimbolismo: Cuando vemos alas, lo primero que pensamos es en volar, pero si dejamos volar nuestra imaginaci\u00f3n, el s\u00edmbolo del ala es nuestra salvaci\u00f3n.<br \/>\nNos damos cuenta de que podemos huir y escapar de las cosas que nos atan y liberar as\u00ed nuestras almas.<br \/>\nLos anillos magn\u00e9ticos son sin\u00f3nimo de movilidad y alegr\u00eda de vivir. Nuestros anillos magn\u00e9ticos llevan a\u00f1os siendo uno de los art\u00edculos m\u00e1s populares de la colecci\u00f3n.<br \/>\nCompruebe usted mismo lo bonitas, resistentes y adaptables que son estas piezas de joyer\u00eda.<br \/>\nEnerg\u00eda y elegancia<br \/>\nCada una de nuestras joyas est\u00e1 equipada con potentes imanes de neodimio de alta calidad.<br \/>\nIncrustaci\u00f3n de im\u00e1n de neodimio con aprox. 1.200 gauss.<br \/>\nAcero inoxidable m\u00e9dico, sin cadmio, n\u00edquel ni plomo. Sin alergias.<\/p>","protected":false},"featured_media":1689,"comment_status":"open","ping_status":"closed","template":"","meta":[],"product_brand":[],"product_cat":[17,18],"product_tag":[25],"class_list":{"0":"post-1506","1":"product","2":"type-product","3":"status-publish","4":"has-post-thumbnail","6":"product_cat-alle-produkte","7":"product_cat-ringe","8":"product_tag-t-prime","9":"thunk-woo-product-list","10":"opn-qv-enable","11":"top-store-woo-hover-zoom","12":"top-store-single-product-tab-horizontal","13":"top-store-shadow-","14":"top-store-shadow-hover-","16":"first","17":"instock","18":"taxable","19":"shipping-taxable","20":"purchasable","21":"product-type-variable"},"_links":{"self":[{"href":"https:\/\/trinitixshop.de\/es\/wp-json\/wp\/v2\/product\/1506","targetHints":{"allow":["GET"]}}],"collection":[{"href":"https:\/\/trinitixshop.de\/es\/wp-json\/wp\/v2\/product"}],"about":[{"href":"https:\/\/trinitixshop.de\/es\/wp-json\/wp\/v2\/types\/product"}],"replies":[{"embeddable":true,"href":"https:\/\/trinitixshop.de\/es\/wp-json\/wp\/v2\/comments?post=1506"}],"wp:featuredmedia":[{"embeddable":true,"href":"https:\/\/trinitixshop.de\/es\/wp-json\/wp\/v2\/media\/1689"}],"wp:attachment":[{"href":"https:\/\/trinitixshop.de\/es\/wp-json\/wp\/v2\/media?parent=1506"}],"wp:term":[{"taxonomy":"product_brand","embeddable":true,"href":"https:\/\/trinitixshop.de\/es\/wp-json\/wp\/v2\/product_brand?post=1506"},{"taxonomy":"product_cat","embeddable":true,"href":"https:\/\/trinitixshop.de\/es\/wp-json\/wp\/v2\/product_cat?post=1506"},{"taxonomy":"product_tag","embeddable":true,"href":"https:\/\/trinitixshop.de\/es\/wp-json\/wp\/v2\/product_tag?post=1506"}],"curies":[{"name":"wp","href":"https:\/\/api.w.org\/{rel}","templated":true}]}}