{"id":1507,"date":"2023-05-08T12:14:02","date_gmt":"2023-05-08T10:14:02","guid":{"rendered":"https:\/\/trinitixshop.de\/?post_type=product&#038;p=1507"},"modified":"2025-08-17T20:07:10","modified_gmt":"2025-08-17T18:07:10","slug":"anillo-magnetico-de-cobre-tricolor-agradablemente-flexible","status":"publish","type":"product","link":"https:\/\/trinitixshop.de\/es\/produkt\/kupfer-magnetring-tricolor-angenehm-flexibel\/","title":{"rendered":"Kupfer Magnetring tricolor &#8211; angenehm &#8211; flexibel # 3034"},"content":{"rendered":"<p>RX303400T<\/p>","protected":false},"excerpt":{"rendered":"<p>Elegante y exclusivo anillo magn\u00e9tico tricolor de dise\u00f1o moderno.<br \/>\nEl anillo de cobre es macizo y est\u00e1 compuesto por cobre puro 98,9%.<br \/>\nComo el cobre es un material relativamente blando, puede moldearse f\u00e1cilmente al dedo correspondiente. Ligeramente el\u00e1stico, moderadamente moldeable mediante flexi\u00f3n en\u00e9rgica.<br \/>\nEl cobre es un metal que se trabaja desde hace 10.000 a\u00f1os, se lleva como adorno y se utiliza como agente terap\u00e9utico. Desde la antig\u00fcedad, culturas de todo el mundo han cre\u00eddo en su efecto beneficioso sobre el sistema inmunitario.<br \/>\nSupuesto efecto del cobre (CU):<br \/>\nFavorece la formaci\u00f3n de anticuerpos en el sistema de defensa, el crecimiento, el desarrollo y el fortalecimiento de los huesos.<br \/>\nLos anillos magn\u00e9ticos son sin\u00f3nimo de movilidad y alegr\u00eda de vivir. Desde hace a\u00f1os, nuestros anillos magn\u00e9ticos figuran entre las piezas m\u00e1s populares de la colecci\u00f3n. Compruebe usted mismo lo bonitas, resistentes y adaptables que son estas piezas de joyer\u00eda.<br \/>\nEnerg\u00eda y elegancia<br \/>\nCada una de nuestras joyas est\u00e1 equipada con potentes imanes de neodimio de alta calidad.<br \/>\nIncrustaci\u00f3n de im\u00e1n de neodimio con aproximadamente 2.000 gauss.<br \/>\nCobre, sin cadmio, n\u00edquel ni plomo. Sin alergias.<\/p>","protected":false},"featured_media":1685,"comment_status":"open","ping_status":"closed","template":"","meta":[],"product_brand":[],"product_cat":[17,18],"product_tag":[24],"class_list":{"0":"post-1507","1":"product","2":"type-product","3":"status-publish","4":"has-post-thumbnail","6":"product_cat-alle-produkte","7":"product_cat-ringe","8":"product_tag-jungbrunn","9":"thunk-woo-product-list","10":"opn-qv-enable","11":"top-store-woo-hover-zoom","12":"top-store-single-product-tab-horizontal","13":"top-store-shadow-","14":"top-store-shadow-hover-","16":"first","17":"instock","18":"sale","19":"taxable","20":"shipping-taxable","21":"purchasable","22":"product-type-simple"},"_links":{"self":[{"href":"https:\/\/trinitixshop.de\/es\/wp-json\/wp\/v2\/product\/1507","targetHints":{"allow":["GET"]}}],"collection":[{"href":"https:\/\/trinitixshop.de\/es\/wp-json\/wp\/v2\/product"}],"about":[{"href":"https:\/\/trinitixshop.de\/es\/wp-json\/wp\/v2\/types\/product"}],"replies":[{"embeddable":true,"href":"https:\/\/trinitixshop.de\/es\/wp-json\/wp\/v2\/comments?post=1507"}],"wp:featuredmedia":[{"embeddable":true,"href":"https:\/\/trinitixshop.de\/es\/wp-json\/wp\/v2\/media\/1685"}],"wp:attachment":[{"href":"https:\/\/trinitixshop.de\/es\/wp-json\/wp\/v2\/media?parent=1507"}],"wp:term":[{"taxonomy":"product_brand","embeddable":true,"href":"https:\/\/trinitixshop.de\/es\/wp-json\/wp\/v2\/product_brand?post=1507"},{"taxonomy":"product_cat","embeddable":true,"href":"https:\/\/trinitixshop.de\/es\/wp-json\/wp\/v2\/product_cat?post=1507"},{"taxonomy":"product_tag","embeddable":true,"href":"https:\/\/trinitixshop.de\/es\/wp-json\/wp\/v2\/product_tag?post=1507"}],"curies":[{"name":"wp","href":"https:\/\/api.w.org\/{rel}","templated":true}]}}