{"id":1509,"date":"2023-05-08T12:14:02","date_gmt":"2023-05-08T10:14:02","guid":{"rendered":"https:\/\/trinitixshop.de\/?post_type=product&#038;p=1509"},"modified":"2023-05-08T12:35:31","modified_gmt":"2023-05-08T10:35:31","slug":"anillo-magnetico-con-cristales-swarovski-rosa-17-20","status":"publish","type":"product","link":"https:\/\/trinitixshop.de\/es\/produkt\/magnetring-mit-swarovski-crystals-pink-17-20\/","title":{"rendered":"Anillo magn\u00e9tico con cristales Swarovski rosa - 17\/20"},"content":{"rendered":"<p>RX451116T<\/p>","protected":false},"excerpt":{"rendered":"<p>Elegante anillo magn\u00e9tico con muchos elementos originales de Swarovski. rosa.<br \/>\nAnchura aprox. 3 mm.<br \/>\n\u00bfLe gusta la elegancia? No dejes el glamour para las estrellas, haz que forme parte de tu vida.<br \/>\nLos anillos magn\u00e9ticos son sin\u00f3nimo de movilidad y alegr\u00eda de vivir. Desde hace a\u00f1os, nuestros anillos magn\u00e9ticos figuran entre las piezas m\u00e1s populares de la colecci\u00f3n. Conv\u00e9nzase usted mismo de la belleza, robustez y adaptabilidad de estas piezas de joyer\u00eda.<br \/>\nEnerg\u00eda y elegancia<br \/>\nCada una de nuestras joyas est\u00e1 equipada con potentes imanes de neodimio de alta calidad. Incrustaci\u00f3n de im\u00e1n de neodimio con aprox. 1.200 gauss.<br \/>\nAcero inoxidable m\u00e9dico, sin cadmio, n\u00edquel ni plomo. Sin alergias.<\/p>","protected":false},"featured_media":1684,"comment_status":"open","ping_status":"closed","template":"","meta":[],"product_brand":[],"product_cat":[17,18],"product_tag":[24],"class_list":{"0":"post-1509","1":"product","2":"type-product","3":"status-publish","4":"has-post-thumbnail","6":"product_cat-alle-produkte","7":"product_cat-ringe","8":"product_tag-jungbrunn","9":"thunk-woo-product-list","10":"opn-qv-enable","11":"top-store-woo-hover-zoom","12":"top-store-single-product-tab-horizontal","13":"top-store-shadow-","14":"top-store-shadow-hover-","16":"first","17":"instock","18":"taxable","19":"shipping-taxable","20":"purchasable","21":"product-type-variable"},"_links":{"self":[{"href":"https:\/\/trinitixshop.de\/es\/wp-json\/wp\/v2\/product\/1509","targetHints":{"allow":["GET"]}}],"collection":[{"href":"https:\/\/trinitixshop.de\/es\/wp-json\/wp\/v2\/product"}],"about":[{"href":"https:\/\/trinitixshop.de\/es\/wp-json\/wp\/v2\/types\/product"}],"replies":[{"embeddable":true,"href":"https:\/\/trinitixshop.de\/es\/wp-json\/wp\/v2\/comments?post=1509"}],"wp:featuredmedia":[{"embeddable":true,"href":"https:\/\/trinitixshop.de\/es\/wp-json\/wp\/v2\/media\/1684"}],"wp:attachment":[{"href":"https:\/\/trinitixshop.de\/es\/wp-json\/wp\/v2\/media?parent=1509"}],"wp:term":[{"taxonomy":"product_brand","embeddable":true,"href":"https:\/\/trinitixshop.de\/es\/wp-json\/wp\/v2\/product_brand?post=1509"},{"taxonomy":"product_cat","embeddable":true,"href":"https:\/\/trinitixshop.de\/es\/wp-json\/wp\/v2\/product_cat?post=1509"},{"taxonomy":"product_tag","embeddable":true,"href":"https:\/\/trinitixshop.de\/es\/wp-json\/wp\/v2\/product_tag?post=1509"}],"curies":[{"name":"wp","href":"https:\/\/api.w.org\/{rel}","templated":true}]}}