{"id":1511,"date":"2023-05-08T12:14:07","date_gmt":"2023-05-08T10:14:07","guid":{"rendered":"https:\/\/trinitixshop.de\/?post_type=product&#038;p=1511"},"modified":"2023-05-08T12:32:31","modified_gmt":"2023-05-08T10:32:31","slug":"unique-by-kokodash-trx-wings-coleccion-energy-ring-16-a-21-9053","status":"publish","type":"product","link":"https:\/\/trinitixshop.de\/es\/produkt\/unique-by-kokodash-trx-wings-collection-energy-ring-16-bis-21-9053\/","title":{"rendered":"UNIQUE by KokoDash TRX Wings Collection Anillo de energ\u00eda - 16 a 21 # 9053"},"content":{"rendered":"<p>RX905300T<\/p>","protected":false},"excerpt":{"rendered":"<p>Anillo magn\u00e9tico de dise\u00f1o, plata, ancho aprox. 9 mm.<br \/>\nKokoDash presenta esta hermosa colecci\u00f3n de dise\u00f1o \u00fanico y exclusivo en un art\u00edstico dise\u00f1o de alas.<br \/>\nUn discreto punto de atracci\u00f3n con un aspecto brillante.<br \/>\nEs una expresi\u00f3n de esperanza y alegr\u00eda de vivir. Como compa\u00f1ero, el talism\u00e1n pretende darte nueva energ\u00eda y valor para afrontar los retos de la vida.<br \/>\nEsta creaci\u00f3n de joyer\u00eda finamente elaborada y llena de significado le inspirar\u00e1 cada d\u00eda.<br \/>\nLas alas o alas de \u00e1ngel son s\u00edmbolos de protecci\u00f3n, libertad y desprenden una ligereza juvenil. Cuando vemos unas alas, lo primero que pensamos es en volar, pero si damos rienda suelta a nuestras fantas\u00edas, el s\u00edmbolo del ala es nuestra salvaci\u00f3n. Nos damos cuenta de que podemos huir y escapar de las cosas que nos atan y liberar nuestra alma.<br \/>\nLos anillos magn\u00e9ticos simbolizan la movilidad y la alegr\u00eda de vivir.<br \/>\nNuestros anillos magn\u00e9ticos llevan a\u00f1os figurando entre los art\u00edculos m\u00e1s populares de la colecci\u00f3n.<br \/>\nCompruebe usted mismo lo bonitas, resistentes y adaptables que son estas piezas de joyer\u00eda<br \/>\nEnerg\u00eda y elegancia<br \/>\nCada una de nuestras joyas est\u00e1 equipada con potentes imanes de neodimio de alta calidad. Incrustaci\u00f3n de im\u00e1n de neodimio con aprox. 1.200 gauss.<br \/>\nAcero inoxidable m\u00e9dico, sin cadmio, n\u00edquel ni plomo. Sin alergias.<br \/>\nTallas disponibles: 16, 17, 18, 19, 20 \u00f3 21.<\/p>","protected":false},"featured_media":1682,"comment_status":"open","ping_status":"closed","template":"","meta":[],"product_brand":[],"product_cat":[17,18],"product_tag":[25],"class_list":{"0":"post-1511","1":"product","2":"type-product","3":"status-publish","4":"has-post-thumbnail","6":"product_cat-alle-produkte","7":"product_cat-ringe","8":"product_tag-t-prime","9":"thunk-woo-product-list","10":"opn-qv-enable","11":"top-store-woo-hover-zoom","12":"top-store-single-product-tab-horizontal","13":"top-store-shadow-","14":"top-store-shadow-hover-","16":"first","17":"instock","18":"taxable","19":"shipping-taxable","20":"purchasable","21":"product-type-variable"},"_links":{"self":[{"href":"https:\/\/trinitixshop.de\/es\/wp-json\/wp\/v2\/product\/1511","targetHints":{"allow":["GET"]}}],"collection":[{"href":"https:\/\/trinitixshop.de\/es\/wp-json\/wp\/v2\/product"}],"about":[{"href":"https:\/\/trinitixshop.de\/es\/wp-json\/wp\/v2\/types\/product"}],"replies":[{"embeddable":true,"href":"https:\/\/trinitixshop.de\/es\/wp-json\/wp\/v2\/comments?post=1511"}],"wp:featuredmedia":[{"embeddable":true,"href":"https:\/\/trinitixshop.de\/es\/wp-json\/wp\/v2\/media\/1682"}],"wp:attachment":[{"href":"https:\/\/trinitixshop.de\/es\/wp-json\/wp\/v2\/media?parent=1511"}],"wp:term":[{"taxonomy":"product_brand","embeddable":true,"href":"https:\/\/trinitixshop.de\/es\/wp-json\/wp\/v2\/product_brand?post=1511"},{"taxonomy":"product_cat","embeddable":true,"href":"https:\/\/trinitixshop.de\/es\/wp-json\/wp\/v2\/product_cat?post=1511"},{"taxonomy":"product_tag","embeddable":true,"href":"https:\/\/trinitixshop.de\/es\/wp-json\/wp\/v2\/product_tag?post=1511"}],"curies":[{"name":"wp","href":"https:\/\/api.w.org\/{rel}","templated":true}]}}