{"id":2125,"date":"2023-05-16T13:38:50","date_gmt":"2023-05-16T11:38:50","guid":{"rendered":"https:\/\/trinitixshop.de\/?post_type=product&#038;p=2125"},"modified":"2024-11-25T17:07:36","modified_gmt":"2024-11-25T16:07:36","slug":"realeza-acero-inoxidable-marmol-mina-nude-brazalete-unico","status":"publish","type":"product","link":"https:\/\/trinitixshop.de\/es\/produkt\/royalty-edelstahl-marmor-mina-nude-bangle-unikate\/","title":{"rendered":"Royalty Acero inoxidable M\u00e1rmol Mina Nude Bangle Unique # 5132"},"content":{"rendered":"<p>[131] CH513200T<\/p>\n","protected":false},"excerpt":{"rendered":"<p>\u00a1Piezas \u00fanicas hechas a mano ! - Royalty Marble - Im\u00e1n brazalete decorado con incrustaciones de m\u00e1rmol original - aprox. incrustaci\u00f3n \u00d8 11 mm,<br \/>\nBrazalete \u00d8 aprox. 6 cm moderadamente plegable a otro tama\u00f1o, muy pulido.<br \/>\nPuede combinarse con el colgante magn\u00e9tico # 5131 de la misma colecci\u00f3n.<br \/>\nPura elegancia: as\u00ed puede describirse en pocas palabras esta maravillosa joya. M\u00e1rmol con vetas marrones. Desde siempre, esta piedra se ha considerado una nobleza.<br \/>\nMaterial. Pulido. Cada pieza es \u00fanica con l\u00edneas individuales (piedra natural).<br \/>\nHecho a mano.<br \/>\nAcero inoxidable de alta calidad, pulido, hipoalerg\u00e9nico, sin n\u00edquel ni al\u00e9rgenos.<br \/>\nIncrustaci\u00f3n de im\u00e1n de neodimio con aprox. 2.200 gauss.<\/p>","protected":false},"featured_media":2309,"comment_status":"open","ping_status":"closed","template":"","meta":[],"product_brand":[],"product_cat":[17,19],"product_tag":[26],"class_list":{"0":"post-2125","1":"product","2":"type-product","3":"status-publish","4":"has-post-thumbnail","6":"product_cat-alle-produkte","7":"product_cat-armbander","8":"product_tag-paja","9":"thunk-woo-product-list","10":"opn-qv-enable","11":"top-store-woo-hover-zoom","12":"top-store-single-product-tab-horizontal","13":"top-store-shadow-","14":"top-store-shadow-hover-","16":"first","17":"instock","18":"sale","19":"taxable","20":"shipping-taxable","21":"purchasable","22":"product-type-simple"},"_links":{"self":[{"href":"https:\/\/trinitixshop.de\/es\/wp-json\/wp\/v2\/product\/2125","targetHints":{"allow":["GET"]}}],"collection":[{"href":"https:\/\/trinitixshop.de\/es\/wp-json\/wp\/v2\/product"}],"about":[{"href":"https:\/\/trinitixshop.de\/es\/wp-json\/wp\/v2\/types\/product"}],"replies":[{"embeddable":true,"href":"https:\/\/trinitixshop.de\/es\/wp-json\/wp\/v2\/comments?post=2125"}],"wp:featuredmedia":[{"embeddable":true,"href":"https:\/\/trinitixshop.de\/es\/wp-json\/wp\/v2\/media\/2309"}],"wp:attachment":[{"href":"https:\/\/trinitixshop.de\/es\/wp-json\/wp\/v2\/media?parent=2125"}],"wp:term":[{"taxonomy":"product_brand","embeddable":true,"href":"https:\/\/trinitixshop.de\/es\/wp-json\/wp\/v2\/product_brand?post=2125"},{"taxonomy":"product_cat","embeddable":true,"href":"https:\/\/trinitixshop.de\/es\/wp-json\/wp\/v2\/product_cat?post=2125"},{"taxonomy":"product_tag","embeddable":true,"href":"https:\/\/trinitixshop.de\/es\/wp-json\/wp\/v2\/product_tag?post=2125"}],"curies":[{"name":"wp","href":"https:\/\/api.w.org\/{rel}","templated":true}]}}