{"id":2126,"date":"2023-05-16T13:38:50","date_gmt":"2023-05-16T11:38:50","guid":{"rendered":"https:\/\/trinitixshop.de\/?post_type=product&#038;p=2126"},"modified":"2023-05-18T15:40:10","modified_gmt":"2023-05-18T13:40:10","slug":"power-balance-brazalete-2en1-negro-sml","status":"publish","type":"product","link":"https:\/\/trinitixshop.de\/es\/produkt\/power-balance-armband-2in1-schwarz-sml\/","title":{"rendered":"POWER BALANCE ARMBAND 2en1 negro S,M,L"},"content":{"rendered":"","protected":false},"excerpt":{"rendered":"<p>Mu\u00f1equera de silicona Power Balance Original - negra - Mu\u00f1equera de silicona Pro Ion Uni Sport<br \/>\nTecnolog\u00eda Ion + Holgram<br \/>\nCalidad \u00f3ptima, elegante, flexible, extremadamente c\u00f3moda. Un efecto convincente.<br \/>\nAporta momentos de bienestar a tu vida. \u00a1M\u00e1s energ\u00eda para ti!<br \/>\nEstas pulseras de silicona Power Balance son especialmente elegantes.<br \/>\nGracias a la silicona 100% de calidad especialmente alta, la mu\u00f1equera puede utilizarse en cualquier lugar y ofrece una larga vida \u00fatil. Su buena elasticidad facilita el deslizamiento sobre la mano. Impresiona por su gran comodidad de uso y su elegante dise\u00f1o. Equipada con dos hologramas Power Balance integrados, esta pulsera deportiva es adecuada para cualquier ocasi\u00f3n. Las pulseras POWER BALANCE se han convertido en una parte integral del mundo del deporte. La tendencia procedente de EE.UU. es popular entre muchos atletas de \u00e9lite.<br \/>\nLos exclusivos hologramas de los brazaletes POWER BALANCE fueron desarrollados por atletas en EE.UU. y pueden llevarse c\u00f3modamente en casi todos los deportes. Adem\u00e1s de entre muchos deportistas de \u00e9lite de \u00e9xito, esta tecnolog\u00eda de alto rendimiento es especialmente popular entre las personas que tambi\u00e9n son activas en su vida cotidiana. El holograma POWER BALANCE est\u00e1 integrado en la pulsera. Esto facilita su uso en todos los deportes, como golf, esqu\u00ed, snowboard, f\u00fatbol, atletismo, ciclismo de monta\u00f1a, nataci\u00f3n, baloncesto, equitaci\u00f3n, hockey, voleibol, hockey sobre hielo, tenis, kite y windsurf, surf y todos los deportes de estilo libre.<br \/>\nRubens Barrichello, Shaquille O'Neal, Viktoria Rebensburg y la golfista Martina Eberl conf\u00edan desde hace tiempo en POWER BALANCE. Estas pulseras son muy robustas y resistentes al agua y, si se utilizan correctamente, duran varios a\u00f1os. Las pulseras de silicona son a la vez de alta calidad y duraderas, y son ideales para su uso en el deporte. Se secan r\u00e1pidamente y son muy c\u00f3modas de llevar, incluso durante actividades prolongadas.<\/p>","protected":false},"featured_media":2324,"comment_status":"open","ping_status":"closed","template":"","meta":[],"product_brand":[],"product_cat":[17,19],"product_tag":[27],"class_list":{"0":"post-2126","1":"product","2":"type-product","3":"status-publish","4":"has-post-thumbnail","6":"product_cat-alle-produkte","7":"product_cat-armbander","8":"product_tag-tribalance","9":"thunk-woo-product-list","10":"opn-qv-enable","11":"top-store-woo-hover-zoom","12":"top-store-single-product-tab-horizontal","13":"top-store-shadow-","14":"top-store-shadow-hover-","16":"first","17":"instock","18":"sale","19":"taxable","20":"shipping-taxable","21":"purchasable","22":"product-type-variable"},"_links":{"self":[{"href":"https:\/\/trinitixshop.de\/es\/wp-json\/wp\/v2\/product\/2126","targetHints":{"allow":["GET"]}}],"collection":[{"href":"https:\/\/trinitixshop.de\/es\/wp-json\/wp\/v2\/product"}],"about":[{"href":"https:\/\/trinitixshop.de\/es\/wp-json\/wp\/v2\/types\/product"}],"replies":[{"embeddable":true,"href":"https:\/\/trinitixshop.de\/es\/wp-json\/wp\/v2\/comments?post=2126"}],"wp:featuredmedia":[{"embeddable":true,"href":"https:\/\/trinitixshop.de\/es\/wp-json\/wp\/v2\/media\/2324"}],"wp:attachment":[{"href":"https:\/\/trinitixshop.de\/es\/wp-json\/wp\/v2\/media?parent=2126"}],"wp:term":[{"taxonomy":"product_brand","embeddable":true,"href":"https:\/\/trinitixshop.de\/es\/wp-json\/wp\/v2\/product_brand?post=2126"},{"taxonomy":"product_cat","embeddable":true,"href":"https:\/\/trinitixshop.de\/es\/wp-json\/wp\/v2\/product_cat?post=2126"},{"taxonomy":"product_tag","embeddable":true,"href":"https:\/\/trinitixshop.de\/es\/wp-json\/wp\/v2\/product_tag?post=2126"}],"curies":[{"name":"wp","href":"https:\/\/api.w.org\/{rel}","templated":true}]}}