{"id":2132,"date":"2023-05-16T13:38:50","date_gmt":"2023-05-16T11:38:50","guid":{"rendered":"https:\/\/trinitixshop.de\/?post_type=product&#038;p=2132"},"modified":"2023-05-18T14:40:23","modified_gmt":"2023-05-18T12:40:23","slug":"pulsera-magnetica-de-silicona-pro-ion-alas-rojas-con-cristal-swarovski","status":"publish","type":"product","link":"https:\/\/trinitixshop.de\/es\/produkt\/pro-ion-magnet-silikonarmband-rot-wings-mit-swarovski-crystal\/","title":{"rendered":"Pulsera de silicona Pro Ion Magnet Alas rojas con cristal de Swarovski"},"content":{"rendered":"<p>NB360600T<\/p>","protected":false},"excerpt":{"rendered":"<p>Iones magn\u00e9ticos positivos (+2.000) Pulsera de silicona Power \" 3 Wings \".<br \/>\nPlaca de joyer\u00eda de acero inoxidable con el elemento de cristal Swarovski original m\u00e1s brillante,<br \/>\nrojo, anchura 13 mm.<br \/>\nC\u00f3moda mu\u00f1equera de silicona ionizada Power Band para una circunferencia de mu\u00f1eca de 15 a 23 cm.<br \/>\nLas pulseras de energ\u00eda magn\u00e9tica de silicona se han convertido en parte integrante del mundo del deporte.<br \/>\nLa tendencia de Estados Unidos es popular entre muchos atletas de \u00e9lite.<br \/>\nEstas pulseras el\u00e9ctricas son un reclamo exclusivo. Rendimiento, dise\u00f1o y<br \/>\nCalidad al m\u00e1s alto nivel.<br \/>\nLos mejores elementos brillantes originales de Svarowski encantan con su brillo \u00fanico.<br \/>\nEnerg\u00eda y elegancia<br \/>\nCada una de nuestras joyas est\u00e1 equipada con potentes imanes de neodimio de alta calidad.<br \/>\nIncrustaci\u00f3n de im\u00e1n de neodimio con aproximadamente 2.200 gauss.<br \/>\nAcero inoxidable m\u00e9dico, sin cadmio, n\u00edquel ni plomo. Sin alergias.<br \/>\nSilicona ionizada sin plastificantes cancer\u00edgenos.<\/p>","protected":false},"featured_media":2308,"comment_status":"open","ping_status":"closed","template":"","meta":[],"product_brand":[],"product_cat":[17,19],"product_tag":[27],"class_list":{"0":"post-2132","1":"product","2":"type-product","3":"status-publish","4":"has-post-thumbnail","6":"product_cat-alle-produkte","7":"product_cat-armbander","8":"product_tag-tribalance","9":"thunk-woo-product-list","10":"opn-qv-enable","11":"top-store-woo-hover-zoom","12":"top-store-single-product-tab-horizontal","13":"top-store-shadow-","14":"top-store-shadow-hover-","16":"first","17":"instock","18":"sale","19":"taxable","20":"shipping-taxable","21":"purchasable","22":"product-type-simple"},"_links":{"self":[{"href":"https:\/\/trinitixshop.de\/es\/wp-json\/wp\/v2\/product\/2132","targetHints":{"allow":["GET"]}}],"collection":[{"href":"https:\/\/trinitixshop.de\/es\/wp-json\/wp\/v2\/product"}],"about":[{"href":"https:\/\/trinitixshop.de\/es\/wp-json\/wp\/v2\/types\/product"}],"replies":[{"embeddable":true,"href":"https:\/\/trinitixshop.de\/es\/wp-json\/wp\/v2\/comments?post=2132"}],"wp:featuredmedia":[{"embeddable":true,"href":"https:\/\/trinitixshop.de\/es\/wp-json\/wp\/v2\/media\/2308"}],"wp:attachment":[{"href":"https:\/\/trinitixshop.de\/es\/wp-json\/wp\/v2\/media?parent=2132"}],"wp:term":[{"taxonomy":"product_brand","embeddable":true,"href":"https:\/\/trinitixshop.de\/es\/wp-json\/wp\/v2\/product_brand?post=2132"},{"taxonomy":"product_cat","embeddable":true,"href":"https:\/\/trinitixshop.de\/es\/wp-json\/wp\/v2\/product_cat?post=2132"},{"taxonomy":"product_tag","embeddable":true,"href":"https:\/\/trinitixshop.de\/es\/wp-json\/wp\/v2\/product_tag?post=2132"}],"curies":[{"name":"wp","href":"https:\/\/api.w.org\/{rel}","templated":true}]}}