{"id":2134,"date":"2023-05-16T13:38:50","date_gmt":"2023-05-16T11:38:50","guid":{"rendered":"https:\/\/trinitixshop.de\/?post_type=product&#038;p=2134"},"modified":"2024-08-08T09:49:22","modified_gmt":"2024-08-08T07:49:22","slug":"power-sport-pulsera-magnetica-holograma-iones-azul-arena-gris-19-22-5-cm","status":"publish","type":"product","link":"https:\/\/trinitixshop.de\/es\/produkt\/power-sport-magnetarmband-hologramm-ionen-blau-sand-grau-19-22-5-cm\/","title":{"rendered":"Mu\u00f1equera magn\u00e9tica Power Sport + holograma + iones azul\/gris arena 19 - 22,5 cm"},"content":{"rendered":"","protected":false},"excerpt":{"rendered":"<p>Pulsera magn\u00e9tica de silicona TRI BALANCE con im\u00e1n + holograma + tecnolog\u00eda de iones. Incrustaci\u00f3n de im\u00e1n de neodimio con aprox. 2.200 gauss.<br \/>\nLongitud universal aprox. 19 - 24,5 cm. 25 mm de ancho.<br \/>\nSin plastificantes cancer\u00edgenos.<br \/>\nTecnolog\u00eda de hologramas:<br \/>\nMejora la resistencia, el equilibrio y tiene un efecto positivo sobre el bienestar. Ideal para personas que organizan activamente su vida diaria. Se dice que tiene los siguientes efectos: mejor sue\u00f1o, mayor nivel de<br \/>\nEquilibrio y apoyo con la dieta, dejar de fumar y dolor articular.<br \/>\n2.000 cc de iones negativos. Tecnolog\u00eda: el poder revitalizante de la naturaleza. Los iones negativos son los potenciadores invisibles del estado de \u00e1nimo y pueden influir positivamente en el bienestar humano. Ideal para aliviar numerosos problemas de salud. Trate alergias, hipertensi\u00f3n, dolores de cabeza, depresi\u00f3n y otras dolencias de forma natural, alivie las alergias, aumente la concentraci\u00f3n e incluso levante el \u00e1nimo.<br \/>\nTecnolog\u00eda de imanes de neodimio: La terapia de campos magn\u00e9ticos est\u00e1ticos forma parte de la medicina alternativa y se utiliza desde hace m\u00e1s tiempo que la acupuntura. Se han documentado numerosos efectos analg\u00e9sicos en los campos de la artrosis, las enfermedades articulares y la ortopedia. El objetivo principal de la terapia de campo magn\u00e9tico es aliviar el dolor cr\u00f3nico y mejorar la circulaci\u00f3n sangu\u00ednea. Mediante el uso de imanes de neodimio, las c\u00e9lulas del cuerpo se enriquecen con m\u00e1s ox\u00edgeno.<br \/>\nComo resultado, se refuerzan las defensas y el sistema inmunitario del organismo, lo que se traduce en un aumento de la vitalidad f\u00edsica. Adem\u00e1s de optimizar el bienestar general, su uso activa el suministro de nutrientes del organismo y estimula importantes procesos curativos. No tiene efectos secundarios.<br \/>\nLlamamos la atenci\u00f3n sobre el hecho de que nuestras hip\u00f3tesis y afirmaciones relativas al uso de<br \/>\nde joyas magn\u00e9ticas no est\u00e1n probadas en el sentido cient\u00edfico y<br \/>\npor lo tanto, ser rechazada por la medicina convencional.<\/p>","protected":false},"featured_media":2307,"comment_status":"open","ping_status":"closed","template":"","meta":[],"product_brand":[],"product_cat":[17,19],"product_tag":[27],"class_list":{"0":"post-2134","1":"product","2":"type-product","3":"status-publish","4":"has-post-thumbnail","6":"product_cat-alle-produkte","7":"product_cat-armbander","8":"product_tag-tribalance","9":"thunk-woo-product-list","10":"opn-qv-enable","11":"top-store-woo-hover-zoom","12":"top-store-single-product-tab-horizontal","13":"top-store-shadow-","14":"top-store-shadow-hover-","16":"first","17":"instock","18":"sale","19":"taxable","20":"shipping-taxable","21":"purchasable","22":"product-type-variable"},"_links":{"self":[{"href":"https:\/\/trinitixshop.de\/es\/wp-json\/wp\/v2\/product\/2134","targetHints":{"allow":["GET"]}}],"collection":[{"href":"https:\/\/trinitixshop.de\/es\/wp-json\/wp\/v2\/product"}],"about":[{"href":"https:\/\/trinitixshop.de\/es\/wp-json\/wp\/v2\/types\/product"}],"replies":[{"embeddable":true,"href":"https:\/\/trinitixshop.de\/es\/wp-json\/wp\/v2\/comments?post=2134"}],"wp:featuredmedia":[{"embeddable":true,"href":"https:\/\/trinitixshop.de\/es\/wp-json\/wp\/v2\/media\/2307"}],"wp:attachment":[{"href":"https:\/\/trinitixshop.de\/es\/wp-json\/wp\/v2\/media?parent=2134"}],"wp:term":[{"taxonomy":"product_brand","embeddable":true,"href":"https:\/\/trinitixshop.de\/es\/wp-json\/wp\/v2\/product_brand?post=2134"},{"taxonomy":"product_cat","embeddable":true,"href":"https:\/\/trinitixshop.de\/es\/wp-json\/wp\/v2\/product_cat?post=2134"},{"taxonomy":"product_tag","embeddable":true,"href":"https:\/\/trinitixshop.de\/es\/wp-json\/wp\/v2\/product_tag?post=2134"}],"curies":[{"name":"wp","href":"https:\/\/api.w.org\/{rel}","templated":true}]}}