{"id":2136,"date":"2023-05-16T13:38:51","date_gmt":"2023-05-16T11:38:51","guid":{"rendered":"https:\/\/trinitixshop.de\/?post_type=product&#038;p=2136"},"modified":"2023-05-18T13:41:40","modified_gmt":"2023-05-18T11:41:40","slug":"3-in-1-magnetarmband-wings-silber-s-m-oder-l-xl-8066","status":"publish","type":"product","link":"https:\/\/trinitixshop.de\/es\/produkt\/3-in-1-magnetarmband-wings-silber-s-m-oder-l-xl-8066\/","title":{"rendered":"Pulsera magn\u00e9tica 3 en 1 Alas plata S\/M o L\/XL # 8066"},"content":{"rendered":"","protected":false},"excerpt":{"rendered":"<p>Exclusiva pulsera magn\u00e9tica 3 en 1, maciza, uni\/plata. Ancho aprox. 9,5 mm.<br \/>\nLos elementos est\u00e1n muy pulidos y llevan nuestro exclusivo logotipo 3 Wings.<br \/>\nA la turmalina se le atribuyen los siguientes efectos: La piedra preciosa turmalina tiene un fuerte efecto en el flujo de energ\u00eda del cuerpo y se le atribuye un efecto psicol\u00f3gico estimulante y revitalizante. La turmalina favorece la b\u00fasqueda de la armon\u00eda y la claridad en la vida. Nos permite ser m\u00e1s conscientes de los acontecimientos y procesos y, por tanto, controlarlos. La turmalina negra es una de las piedras m\u00e1s protectoras contra las energ\u00edas negativas y debe llevarse en contacto directo con la piel.<br \/>\nSupuesto efecto del germanio: el germanio es un semimetal gris\/blanco y quebradizo. Se compone de 6 \u00e1tomos de germanio y 12 de ox\u00edgeno. Suministra ox\u00edgeno a las c\u00e9lulas y refuerza el sistema inmunitario. Se considera un eliminador de radicales para los iones H+ resultantes del proceso de combusti\u00f3n organ\u00edsmica. El germanio estimula el sistema inmunitario y lo equilibra. Se activan las defensas propias del organismo.<br \/>\nAlas: Cuando vemos unas alas, nuestro primer pensamiento es volar, pero cuando damos rienda suelta a nuestras fantas\u00edas, el s\u00edmbolo del ala es nuestra salvaci\u00f3n. Nos damos cuenta de que podemos huir y escapar de las cosas que nos atan o liberar nuestra alma. Las alas simbolizan la paz, el amor, la tierra y el aire, la mortalidad y lo divino. A veces nos muestra seres sobrenaturales y m\u00e1gicos como dragones, grifos, hadas, mariposas, abejas, pegasos, etc.<br \/>\nIncrustaciones de im\u00e1n de neodimio con aproximadamente 3.000 gauss.<br \/>\nAcero inoxidable, sin cadmio, n\u00edquel ni plomo. Sin al\u00e9rgenos.<br \/>\nTallas disponibles:<br \/>\nS\/M = 16,5 cm + 2 elementos de fijaci\u00f3n adicionales para la extensi\u00f3n. Cada uno aprox. 1,5 cm<br \/>\nL\/XL = 19 cm + 2 elementos de fijaci\u00f3n adicionales para prolongaci\u00f3n. Cada uno de aprox. 1,5 cm.<br \/>\nInd\u00edquenos el tama\u00f1o de entrega deseado.<\/p>","protected":false},"featured_media":2293,"comment_status":"open","ping_status":"closed","template":"","meta":[],"product_brand":[],"product_cat":[17,19],"product_tag":[25],"class_list":{"0":"post-2136","1":"product","2":"type-product","3":"status-publish","4":"has-post-thumbnail","6":"product_cat-alle-produkte","7":"product_cat-armbander","8":"product_tag-t-prime","9":"thunk-woo-product-list","10":"opn-qv-enable","11":"top-store-woo-hover-zoom","12":"top-store-single-product-tab-horizontal","13":"top-store-shadow-","14":"top-store-shadow-hover-","16":"first","17":"instock","18":"sale","19":"taxable","20":"shipping-taxable","21":"purchasable","22":"product-type-variable"},"_links":{"self":[{"href":"https:\/\/trinitixshop.de\/es\/wp-json\/wp\/v2\/product\/2136","targetHints":{"allow":["GET"]}}],"collection":[{"href":"https:\/\/trinitixshop.de\/es\/wp-json\/wp\/v2\/product"}],"about":[{"href":"https:\/\/trinitixshop.de\/es\/wp-json\/wp\/v2\/types\/product"}],"replies":[{"embeddable":true,"href":"https:\/\/trinitixshop.de\/es\/wp-json\/wp\/v2\/comments?post=2136"}],"wp:featuredmedia":[{"embeddable":true,"href":"https:\/\/trinitixshop.de\/es\/wp-json\/wp\/v2\/media\/2293"}],"wp:attachment":[{"href":"https:\/\/trinitixshop.de\/es\/wp-json\/wp\/v2\/media?parent=2136"}],"wp:term":[{"taxonomy":"product_brand","embeddable":true,"href":"https:\/\/trinitixshop.de\/es\/wp-json\/wp\/v2\/product_brand?post=2136"},{"taxonomy":"product_cat","embeddable":true,"href":"https:\/\/trinitixshop.de\/es\/wp-json\/wp\/v2\/product_cat?post=2136"},{"taxonomy":"product_tag","embeddable":true,"href":"https:\/\/trinitixshop.de\/es\/wp-json\/wp\/v2\/product_tag?post=2136"}],"curies":[{"name":"wp","href":"https:\/\/api.w.org\/{rel}","templated":true}]}}