{"id":2137,"date":"2023-05-16T13:38:51","date_gmt":"2023-05-16T11:38:51","guid":{"rendered":"https:\/\/trinitixshop.de\/?post_type=product&#038;p=2137"},"modified":"2023-05-18T12:58:40","modified_gmt":"2023-05-18T10:58:40","slug":"charm-pata-con-cierre-langosta-colgante-magnetico-para-pulsera-charm","status":"publish","type":"product","link":"https:\/\/trinitixshop.de\/es\/produkt\/charm-pfote-mit-lobster-clasp-magnetanhaenger-fuer-bettelarmband\/","title":{"rendered":"Charm garra con cierre de langosta colgante magn\u00e9tico para pulsera charm"},"content":{"rendered":"<p>AX071410T<\/p>","protected":false},"excerpt":{"rendered":"<p>Elegante charm pata ( perro - gato - pata - oso ), tama\u00f1o aprox. 2 cm, con cierre de langosta.<br \/>\nPata colgante de cadena magn\u00e9tica con brillante elemento original de Swarovski.<br \/>\nUn reclamo \"bestial\" para todos los d\u00edas. Con los pendientes a juego ( #1387P ) y la pulsera magn\u00e9tica ( # 2153 o # 7141 ), la eficacia est\u00e1 garantizada.<br \/>\nIncrustaciones de im\u00e1n de neodimio con aproximadamente 1.200 gauss. Acero inoxidable, sin cadmio, n\u00edquel ni plomo. Sin alergias.<br \/>\nAtraiga la atenci\u00f3n de los dem\u00e1s con este elegante accesorio. Este charm de poder con cierre de langosta se adapta a casi cualquier \"pulsera de dijes\" y es una pieza de joyer\u00eda sencilla y atemporal.<br \/>\nNuestra pulsera # 1643 - disponible aqu\u00ed en la tienda<\/p>","protected":false},"featured_media":2282,"comment_status":"open","ping_status":"closed","template":"","meta":[],"product_brand":[],"product_cat":[17,19,21],"product_tag":[24],"class_list":{"0":"post-2137","1":"product","2":"type-product","3":"status-publish","4":"has-post-thumbnail","6":"product_cat-alle-produkte","7":"product_cat-armbander","8":"product_cat-halsketten","9":"product_tag-jungbrunn","10":"thunk-woo-product-list","11":"opn-qv-enable","12":"top-store-woo-hover-zoom","13":"top-store-single-product-tab-horizontal","14":"top-store-shadow-","15":"top-store-shadow-hover-","17":"first","18":"instock","19":"taxable","20":"shipping-taxable","21":"purchasable","22":"product-type-simple"},"_links":{"self":[{"href":"https:\/\/trinitixshop.de\/es\/wp-json\/wp\/v2\/product\/2137","targetHints":{"allow":["GET"]}}],"collection":[{"href":"https:\/\/trinitixshop.de\/es\/wp-json\/wp\/v2\/product"}],"about":[{"href":"https:\/\/trinitixshop.de\/es\/wp-json\/wp\/v2\/types\/product"}],"replies":[{"embeddable":true,"href":"https:\/\/trinitixshop.de\/es\/wp-json\/wp\/v2\/comments?post=2137"}],"wp:featuredmedia":[{"embeddable":true,"href":"https:\/\/trinitixshop.de\/es\/wp-json\/wp\/v2\/media\/2282"}],"wp:attachment":[{"href":"https:\/\/trinitixshop.de\/es\/wp-json\/wp\/v2\/media?parent=2137"}],"wp:term":[{"taxonomy":"product_brand","embeddable":true,"href":"https:\/\/trinitixshop.de\/es\/wp-json\/wp\/v2\/product_brand?post=2137"},{"taxonomy":"product_cat","embeddable":true,"href":"https:\/\/trinitixshop.de\/es\/wp-json\/wp\/v2\/product_cat?post=2137"},{"taxonomy":"product_tag","embeddable":true,"href":"https:\/\/trinitixshop.de\/es\/wp-json\/wp\/v2\/product_tag?post=2137"}],"curies":[{"name":"wp","href":"https:\/\/api.w.org\/{rel}","templated":true}]}}