{"id":2138,"date":"2023-05-16T13:38:51","date_gmt":"2023-05-16T11:38:51","guid":{"rendered":"https:\/\/trinitixshop.de\/?post_type=product&#038;p=2138"},"modified":"2023-05-18T13:08:00","modified_gmt":"2023-05-18T11:08:00","slug":"charm-corazon-con-cierre-de-langosta-colgante-magnetico-para-pulsera-charm","status":"publish","type":"product","link":"https:\/\/trinitixshop.de\/es\/produkt\/charm-herz-mit-lobster-clasp-magnetanhaenger-fuer-bettelarmband\/","title":{"rendered":"Colgante magn\u00e9tico coraz\u00f3n con cierre de langosta para pulsera"},"content":{"rendered":"<p>AX117710T<\/p>","protected":false},"excerpt":{"rendered":"<p>Tu compa\u00f1ero inseparable: el elegante Emoji Charm Heart. Demuestre su amor con el cl\u00e1sico charm im\u00e1n coraz\u00f3n para pulsera (p. ej. # 1643), adornado con un delicado charm coraz\u00f3n con 3 originales cristales de Swarovski, \u00d8 aprox. 24 mm, cierre de langosta, muy pulido. El colgante tambi\u00e9n puede llevarse en una cadena.<br \/>\nIncrustaciones de im\u00e1n de neodimio con aproximadamente 1.200 gauss.<br \/>\nAcero inoxidable, sin cadmio, n\u00edquel ni plomo. Sin al\u00e9rgenos.<br \/>\n\"Made with Love\" Siente el poder vitalizante. Atrae la atenci\u00f3n de los dem\u00e1s con este elegante accesorio.<br \/>\nEste amuleto de poder con cierre de langosta se adapta a casi cualquier \"pulsera de dijes\" y es una pieza de joyer\u00eda sencilla y atemporal.<br \/>\nNuestra pulsera # 1643 - disponible aqu\u00ed en la tienda<\/p>","protected":false},"featured_media":2284,"comment_status":"open","ping_status":"closed","template":"","meta":[],"product_brand":[],"product_cat":[17,19,21],"product_tag":[24],"class_list":{"0":"post-2138","1":"product","2":"type-product","3":"status-publish","4":"has-post-thumbnail","6":"product_cat-alle-produkte","7":"product_cat-armbander","8":"product_cat-halsketten","9":"product_tag-jungbrunn","10":"thunk-woo-product-list","11":"opn-qv-enable","12":"top-store-woo-hover-zoom","13":"top-store-single-product-tab-horizontal","14":"top-store-shadow-","15":"top-store-shadow-hover-","17":"first","18":"instock","19":"taxable","20":"shipping-taxable","21":"purchasable","22":"product-type-simple"},"_links":{"self":[{"href":"https:\/\/trinitixshop.de\/es\/wp-json\/wp\/v2\/product\/2138","targetHints":{"allow":["GET"]}}],"collection":[{"href":"https:\/\/trinitixshop.de\/es\/wp-json\/wp\/v2\/product"}],"about":[{"href":"https:\/\/trinitixshop.de\/es\/wp-json\/wp\/v2\/types\/product"}],"replies":[{"embeddable":true,"href":"https:\/\/trinitixshop.de\/es\/wp-json\/wp\/v2\/comments?post=2138"}],"wp:featuredmedia":[{"embeddable":true,"href":"https:\/\/trinitixshop.de\/es\/wp-json\/wp\/v2\/media\/2284"}],"wp:attachment":[{"href":"https:\/\/trinitixshop.de\/es\/wp-json\/wp\/v2\/media?parent=2138"}],"wp:term":[{"taxonomy":"product_brand","embeddable":true,"href":"https:\/\/trinitixshop.de\/es\/wp-json\/wp\/v2\/product_brand?post=2138"},{"taxonomy":"product_cat","embeddable":true,"href":"https:\/\/trinitixshop.de\/es\/wp-json\/wp\/v2\/product_cat?post=2138"},{"taxonomy":"product_tag","embeddable":true,"href":"https:\/\/trinitixshop.de\/es\/wp-json\/wp\/v2\/product_tag?post=2138"}],"curies":[{"name":"wp","href":"https:\/\/api.w.org\/{rel}","templated":true}]}}