{"id":2139,"date":"2023-05-16T13:38:51","date_gmt":"2023-05-16T11:38:51","guid":{"rendered":"https:\/\/trinitixshop.de\/?post_type=product&#038;p=2139"},"modified":"2024-03-08T12:54:02","modified_gmt":"2024-03-08T11:54:02","slug":"brazalete-de-cobre-con-6-imanes-de-neodimio-incrustados","status":"publish","type":"product","link":"https:\/\/trinitixshop.de\/es\/produkt\/armspange-kupfer-mit-6-neodym-magnet-inlays\/","title":{"rendered":"Pulsera de cobre con 6 imanes de neodimio incrustados # 137"},"content":{"rendered":"<p>BA013700T<\/p>","protected":false},"excerpt":{"rendered":"<p>Atractiva y sencilla pulsera de cobre macizo.<br \/>\nDe cobre puro 99,9%. Anchura aprox. 10 mm, grosor aprox. 3 mm, peso aprox. 38 g, muy pulido.<br \/>\nCon 6 potentes imanes de neodimio (aprox. 2.200 gauss). Di\u00e1metro interior aprox. 5,5 - 6,5 cm.<br \/>\nComo el cobre es un material relativamente blando, puede moldearse f\u00e1cilmente a la mu\u00f1eca = ligeramente el\u00e1stico, puede moldearse moderadamente dobl\u00e1ndolo en\u00e9rgicamente. Unisex. Cobre: un metal que ya se utilizaba hace 10.000 a\u00f1os.<br \/>\nse trabajaba, se llevaba como adorno y se utilizaba como agente terap\u00e9utico.<br \/>\nDesde la antig\u00fcedad, culturas de todo el mundo han cre\u00eddo en su efecto beneficioso sobre el sistema inmunitario.<br \/>\nSe dice que las pulseras magn\u00e9ticas de energ\u00eda de cobre son muy eficaces para reducir el dolor articular (artritis, reumatismo, lesiones deportivas... etc.).<br \/>\nSupuesto efecto del cobre: El cobre (CU) tambi\u00e9n puede tener un efecto positivo en la formaci\u00f3n de anticuerpos en el sistema de defensa,<br \/>\ncrecimiento, desarrollo y fortalecimiento de los huesos.<\/p>","protected":false},"featured_media":2285,"comment_status":"open","ping_status":"closed","template":"","meta":[],"product_brand":[],"product_cat":[17,19],"product_tag":[25],"class_list":{"0":"post-2139","1":"product","2":"type-product","3":"status-publish","4":"has-post-thumbnail","6":"product_cat-alle-produkte","7":"product_cat-armbander","8":"product_tag-t-prime","9":"thunk-woo-product-list","10":"opn-qv-enable","11":"top-store-woo-hover-zoom","12":"top-store-single-product-tab-horizontal","13":"top-store-shadow-","14":"top-store-shadow-hover-","16":"first","17":"instock","18":"sale","19":"taxable","20":"shipping-taxable","21":"purchasable","22":"product-type-simple"},"_links":{"self":[{"href":"https:\/\/trinitixshop.de\/es\/wp-json\/wp\/v2\/product\/2139","targetHints":{"allow":["GET"]}}],"collection":[{"href":"https:\/\/trinitixshop.de\/es\/wp-json\/wp\/v2\/product"}],"about":[{"href":"https:\/\/trinitixshop.de\/es\/wp-json\/wp\/v2\/types\/product"}],"replies":[{"embeddable":true,"href":"https:\/\/trinitixshop.de\/es\/wp-json\/wp\/v2\/comments?post=2139"}],"wp:featuredmedia":[{"embeddable":true,"href":"https:\/\/trinitixshop.de\/es\/wp-json\/wp\/v2\/media\/2285"}],"wp:attachment":[{"href":"https:\/\/trinitixshop.de\/es\/wp-json\/wp\/v2\/media?parent=2139"}],"wp:term":[{"taxonomy":"product_brand","embeddable":true,"href":"https:\/\/trinitixshop.de\/es\/wp-json\/wp\/v2\/product_brand?post=2139"},{"taxonomy":"product_cat","embeddable":true,"href":"https:\/\/trinitixshop.de\/es\/wp-json\/wp\/v2\/product_cat?post=2139"},{"taxonomy":"product_tag","embeddable":true,"href":"https:\/\/trinitixshop.de\/es\/wp-json\/wp\/v2\/product_tag?post=2139"}],"curies":[{"name":"wp","href":"https:\/\/api.w.org\/{rel}","templated":true}]}}