{"id":2140,"date":"2023-05-16T13:38:51","date_gmt":"2023-05-16T11:38:51","guid":{"rendered":"https:\/\/trinitixshop.de\/?post_type=product&#038;p=2140"},"modified":"2024-11-14T08:36:42","modified_gmt":"2024-11-14T07:36:42","slug":"brazalete-de-cobre-nilay-cu-bio-energy-magnet-bangle","status":"publish","type":"product","link":"https:\/\/trinitixshop.de\/es\/produkt\/kupfer-armspange-nilay-cu-bio-energie-magnet-bangle\/","title":{"rendered":"Brazalete de cobre Nilay Cu Bio Energ\u00eda Im\u00e1n Brazalete # 1437"},"content":{"rendered":"<p>BA143700T<\/p>","protected":false},"excerpt":{"rendered":"<p>Pulsera magn\u00e9tica de bio-cobreterapia. 98,9 % cobre puro<br \/>\nAnchura aprox. 9 mm, grosor aprox. 2,6 mm, di\u00e1metro interior aprox. 6,7 cm. Peso aprox. 32 g, muy pulido.<br \/>\nCon 2 potentes imanes de neodimio incrustados (aprox. 2.200 gauss). Fabricado en cobre de alta calidad.<br \/>\nSin alergia al n\u00edquel, pulido, antial\u00e9rgico.<br \/>\nSupuesto efecto del cobre (CU): Favorece la formaci\u00f3n de anticuerpos en el sistema de defensa, el crecimiento, el desarrollo, el fortalecimiento de los huesos.<br \/>\nComo el cobre es un material relativamente blando, puede adaptarse f\u00e1cilmente a la mu\u00f1eca.<br \/>\nLigeramente el\u00e1stico, moderadamente moldeable y ajustable mediante flexi\u00f3n en\u00e9rgica.<br \/>\nUnisex.<br \/>\nElegancia sencilla. Delicadeza y estilo.<br \/>\nEsta pulsera de cobre de alta calidad expresa el estilo franc\u00e9s y la alegr\u00eda de vivir.<br \/>\nEsto le convencer\u00e1 en todo momento.<br \/>\nUna pieza atemporal de joyer\u00eda magn\u00e9tica que podr\u00e1 llevar a todas horas.<br \/>\nEsta emblem\u00e1tica pulsera de dise\u00f1o atemporal y moderno puede llevarse a diario y en cualquier ocasi\u00f3n, sola o combinada.<br \/>\nEl brazalete es f\u00e1cil de poner y muy c\u00f3modo de llevar.<br \/>\nEl cobre respetuoso con la piel, los potentes imanes y el efecto antibacteriano del cobre hacen que la pulsera sea tan eficaz.<br \/>\nEl cobre, un metal que ya trabajaba la gente hace 10.000 a\u00f1os, se llevaba como adorno y se utilizaba como agente terap\u00e9utico.<br \/>\nDesde la antig\u00fcedad, culturas de todo el mundo han cre\u00eddo en su efecto beneficioso sobre el sistema inmunitario.<br \/>\nMuchas personas han informado de que las pulseras magn\u00e9ticas energ\u00e9ticas de cobre pueden ayudarles a aliviar diversas dolencias, como el cansancio, la fatiga, las migra\u00f1as, el dolor articular, la artritis y otros problemas de salud.<\/p>","protected":false},"featured_media":2283,"comment_status":"open","ping_status":"closed","template":"","meta":[],"product_brand":[],"product_cat":[17,19],"product_tag":[25],"class_list":{"0":"post-2140","1":"product","2":"type-product","3":"status-publish","4":"has-post-thumbnail","6":"product_cat-alle-produkte","7":"product_cat-armbander","8":"product_tag-t-prime","9":"thunk-woo-product-list","10":"opn-qv-enable","11":"top-store-woo-hover-zoom","12":"top-store-single-product-tab-horizontal","13":"top-store-shadow-","14":"top-store-shadow-hover-","16":"first","17":"instock","18":"sale","19":"taxable","20":"shipping-taxable","21":"purchasable","22":"product-type-simple"},"_links":{"self":[{"href":"https:\/\/trinitixshop.de\/es\/wp-json\/wp\/v2\/product\/2140","targetHints":{"allow":["GET"]}}],"collection":[{"href":"https:\/\/trinitixshop.de\/es\/wp-json\/wp\/v2\/product"}],"about":[{"href":"https:\/\/trinitixshop.de\/es\/wp-json\/wp\/v2\/types\/product"}],"replies":[{"embeddable":true,"href":"https:\/\/trinitixshop.de\/es\/wp-json\/wp\/v2\/comments?post=2140"}],"wp:featuredmedia":[{"embeddable":true,"href":"https:\/\/trinitixshop.de\/es\/wp-json\/wp\/v2\/media\/2283"}],"wp:attachment":[{"href":"https:\/\/trinitixshop.de\/es\/wp-json\/wp\/v2\/media?parent=2140"}],"wp:term":[{"taxonomy":"product_brand","embeddable":true,"href":"https:\/\/trinitixshop.de\/es\/wp-json\/wp\/v2\/product_brand?post=2140"},{"taxonomy":"product_cat","embeddable":true,"href":"https:\/\/trinitixshop.de\/es\/wp-json\/wp\/v2\/product_cat?post=2140"},{"taxonomy":"product_tag","embeddable":true,"href":"https:\/\/trinitixshop.de\/es\/wp-json\/wp\/v2\/product_tag?post=2140"}],"curies":[{"name":"wp","href":"https:\/\/api.w.org\/{rel}","templated":true}]}}