{"id":2143,"date":"2023-05-16T13:38:51","date_gmt":"2023-05-16T11:38:51","guid":{"rendered":"https:\/\/trinitixshop.de\/?post_type=product&#038;p=2143"},"modified":"2023-05-18T13:21:52","modified_gmt":"2023-05-18T11:21:52","slug":"power-hearts-energy-reloj-negro-elegante-con-diseno-de-corazon","status":"publish","type":"product","link":"https:\/\/trinitixshop.de\/es\/produkt\/power-hearts-energy-uhr-schwarz-elegant-mit-herz-design\/","title":{"rendered":"Power Hearts Reloj energ\u00e9tico negro elegante con dise\u00f1o de coraz\u00f3n"},"content":{"rendered":"<p>CL252200T<\/p>","protected":false},"excerpt":{"rendered":"<p>Reloj joya magn\u00e9tico Power Hearts negro. No hay mejor forma de saber la hora que con un reloj de pulsera.<br \/>\nreloj de pulsera. La elegancia sencilla es el centro de este reloj de dise\u00f1o moderno.<br \/>\nen primer plano. Reloj de pulsera de cuarzo fabricado con la m\u00e1xima calidad.<br \/>\nLa esfera de dise\u00f1o moderno con discretos marcadores horarios se ve realzada por las elegantes agujas. Agujas y n\u00fameros de color oro rosa. Dise\u00f1o extraplano.<br \/>\nLa esfera blanca destaca por los corazones brillantes con cristales y se complementa con un brazalete negro de acero inoxidable con cierre de clip.<br \/>\nInspirado en el dise\u00f1o Esprit. La fabricaci\u00f3n especial y los materiales de blindaje garantizan que los imanes de potencia integrados no puedan afectar a la precisi\u00f3n del reloj. Un reloj de pulsera de tendencia que llamar\u00e1 la atenci\u00f3n en su mu\u00f1eca todos los d\u00edas.<br \/>\nLongitud total aprox. 23 cm, anchura de la correa aprox. 15 mm, di\u00e1metro del reloj aprox. 36 mm, movimiento de cuarzo de alta calidad. dise\u00f1o extraplano con un peso total de 51 gramos, 2 imanes integrados ( aprox. 0,12 Tesla ), aleaci\u00f3n de metal ( sin n\u00edquel, sin alergias ), cristal mineral, acabado de la superficie: pulido, cepillado. Resistente al agua hasta 3 ATM. Bater\u00eda: Bater\u00eda GM15 SR621SW.<br \/>\nLas bellas joyas magn\u00e9ticas son sin\u00f3nimo de ligereza, energ\u00eda y elegancia. Cada una de nuestras joyas est\u00e1 equipada con potentes imanes de neodimio de alta calidad.<br \/>\nIncrustaci\u00f3n de im\u00e1n de neodimio con aprox. 1.200 gauss.<br \/>\nAcero inoxidable, sin cadmio, n\u00edquel ni plomo. Sin al\u00e9rgenos.<\/p>","protected":false},"featured_media":2288,"comment_status":"open","ping_status":"closed","template":"","meta":[],"product_brand":[],"product_cat":[17,19],"product_tag":[28],"class_list":{"0":"post-2143","1":"product","2":"type-product","3":"status-publish","4":"has-post-thumbnail","6":"product_cat-alle-produkte","7":"product_cat-armbander","8":"product_tag-kurfuerst","9":"thunk-woo-product-list","10":"opn-qv-enable","11":"top-store-woo-hover-zoom","12":"top-store-single-product-tab-horizontal","13":"top-store-shadow-","14":"top-store-shadow-hover-","16":"first","17":"instock","18":"sale","19":"taxable","20":"shipping-taxable","21":"purchasable","22":"product-type-simple"},"_links":{"self":[{"href":"https:\/\/trinitixshop.de\/es\/wp-json\/wp\/v2\/product\/2143","targetHints":{"allow":["GET"]}}],"collection":[{"href":"https:\/\/trinitixshop.de\/es\/wp-json\/wp\/v2\/product"}],"about":[{"href":"https:\/\/trinitixshop.de\/es\/wp-json\/wp\/v2\/types\/product"}],"replies":[{"embeddable":true,"href":"https:\/\/trinitixshop.de\/es\/wp-json\/wp\/v2\/comments?post=2143"}],"wp:featuredmedia":[{"embeddable":true,"href":"https:\/\/trinitixshop.de\/es\/wp-json\/wp\/v2\/media\/2288"}],"wp:attachment":[{"href":"https:\/\/trinitixshop.de\/es\/wp-json\/wp\/v2\/media?parent=2143"}],"wp:term":[{"taxonomy":"product_brand","embeddable":true,"href":"https:\/\/trinitixshop.de\/es\/wp-json\/wp\/v2\/product_brand?post=2143"},{"taxonomy":"product_cat","embeddable":true,"href":"https:\/\/trinitixshop.de\/es\/wp-json\/wp\/v2\/product_cat?post=2143"},{"taxonomy":"product_tag","embeddable":true,"href":"https:\/\/trinitixshop.de\/es\/wp-json\/wp\/v2\/product_tag?post=2143"}],"curies":[{"name":"wp","href":"https:\/\/api.w.org\/{rel}","templated":true}]}}