{"id":2144,"date":"2023-05-16T13:38:51","date_gmt":"2023-05-16T11:38:51","guid":{"rendered":"https:\/\/trinitixshop.de\/?post_type=product&#038;p=2144"},"modified":"2023-05-18T12:55:57","modified_gmt":"2023-05-18T10:55:57","slug":"reloj-de-pulsera-sunray-energy-boulevard-pantone-rojo-rosa-moda-oro-rosa","status":"publish","type":"product","link":"https:\/\/trinitixshop.de\/es\/produkt\/sunray-energy-armbanduhr-boulevard-pantone-rot-pink-fashion-rosegolden\/","title":{"rendered":"Reloj de pulsera Sunray Energy Boulevard Pantone rojo \/ rosa Fashion oro rosa"},"content":{"rendered":"<p>CL257700T<\/p>","protected":false},"excerpt":{"rendered":"<p>Reloj joya magn\u00e9tico Boulevard Pantone Fashion. Color oro rosa. No hay forma m\u00e1s preciosa de saber la hora que con un reloj de pulsera. La elegancia sencilla es el centro de este reloj de dise\u00f1o moderno. Reloj de pulsera de cuarzo fabricado con la m\u00e1xima calidad. Esfera con dise\u00f1o Sunray rojo\/rosa brillante, con indicador de horas en color oro rosa y elegantes manecillas. Dise\u00f1o extraplano.<br \/>\nLa esfera Sunray Fashion de color rojo\/rosa brillante destaca por la incidencia de la luz y se complementa con un brazalete de acero inoxidable de color oro rosa con cierre de clip. Inspirado en el dise\u00f1o MK. La fabricaci\u00f3n y los materiales especiales garantizan que los imanes de potencia integrados no afecten a la precisi\u00f3n. no pueden influir en la precisi\u00f3n del reloj. Un reloj de tendencia que llamar\u00e1 la atenci\u00f3n en su mu\u00f1eca todos los d\u00edas.<br \/>\nLongitud total aprox. 23 cm, anchura de la correa aprox. 15 mm, di\u00e1metro del reloj aprox. 36 mm,<br \/>\nMovimiento de cuarzo de alta calidad. Dise\u00f1o extraplano con un peso total de 51 gramos, 2 imanes integrados (aprox. 0,12 Tesla), aleaci\u00f3n met\u00e1lica (sin n\u00edquel ni al\u00e9rgenos), cristal mineral, acabado superficial: pulido, cepillado. Resistente al agua hasta 3 ATM. Bater\u00eda: Bater\u00eda GM15 SR621SW.<br \/>\nLas bellas joyas magn\u00e9ticas son sin\u00f3nimo de ligereza, energ\u00eda y elegancia. Cada una de nuestras joyas est\u00e1 equipada con potentes imanes de neodimio de alta calidad.<br \/>\nIncrustaci\u00f3n de im\u00e1n de neodimio con aprox. 1.200 gauss.<br \/>\nAcero inoxidable, sin cadmio, n\u00edquel ni plomo. Sin al\u00e9rgenos.<\/p>","protected":false},"featured_media":2281,"comment_status":"open","ping_status":"closed","template":"","meta":[],"product_brand":[],"product_cat":[17,19],"product_tag":[28],"class_list":{"0":"post-2144","1":"product","2":"type-product","3":"status-publish","4":"has-post-thumbnail","6":"product_cat-alle-produkte","7":"product_cat-armbander","8":"product_tag-kurfuerst","9":"thunk-woo-product-list","10":"opn-qv-enable","11":"top-store-woo-hover-zoom","12":"top-store-single-product-tab-horizontal","13":"top-store-shadow-","14":"top-store-shadow-hover-","16":"first","17":"instock","18":"sale","19":"taxable","20":"shipping-taxable","21":"purchasable","22":"product-type-simple"},"_links":{"self":[{"href":"https:\/\/trinitixshop.de\/es\/wp-json\/wp\/v2\/product\/2144","targetHints":{"allow":["GET"]}}],"collection":[{"href":"https:\/\/trinitixshop.de\/es\/wp-json\/wp\/v2\/product"}],"about":[{"href":"https:\/\/trinitixshop.de\/es\/wp-json\/wp\/v2\/types\/product"}],"replies":[{"embeddable":true,"href":"https:\/\/trinitixshop.de\/es\/wp-json\/wp\/v2\/comments?post=2144"}],"wp:featuredmedia":[{"embeddable":true,"href":"https:\/\/trinitixshop.de\/es\/wp-json\/wp\/v2\/media\/2281"}],"wp:attachment":[{"href":"https:\/\/trinitixshop.de\/es\/wp-json\/wp\/v2\/media?parent=2144"}],"wp:term":[{"taxonomy":"product_brand","embeddable":true,"href":"https:\/\/trinitixshop.de\/es\/wp-json\/wp\/v2\/product_brand?post=2144"},{"taxonomy":"product_cat","embeddable":true,"href":"https:\/\/trinitixshop.de\/es\/wp-json\/wp\/v2\/product_cat?post=2144"},{"taxonomy":"product_tag","embeddable":true,"href":"https:\/\/trinitixshop.de\/es\/wp-json\/wp\/v2\/product_tag?post=2144"}],"curies":[{"name":"wp","href":"https:\/\/api.w.org\/{rel}","templated":true}]}}