{"id":2148,"date":"2023-05-16T13:38:51","date_gmt":"2023-05-16T11:38:51","guid":{"rendered":"https:\/\/trinitixshop.de\/?post_type=product&#038;p=2148"},"modified":"2023-05-18T14:20:55","modified_gmt":"2023-05-18T12:20:55","slug":"pulsera-tobillera-pata-plata-con-cristales-swarovski","status":"publish","type":"product","link":"https:\/\/trinitixshop.de\/es\/produkt\/pfote-fusskette-armband-silber-mit-swarovski-crystals\/","title":{"rendered":"Tobillera Paw - pulsera de plata con cristales Swarovski"},"content":{"rendered":"<p>FB225300T<\/p>","protected":false},"excerpt":{"rendered":"<p>Esta tobillera delicada y discreta tambi\u00e9n puede llevarse como pulsera.<br \/>\nImpresiona con su acabado artesanal en un juguet\u00f3n dise\u00f1o de patas.<br \/>\nJusto lo que necesitan los amantes de los animales. Ya sea grande o peque\u00f1o, llama la atenci\u00f3n.<br \/>\nLos brillantes cristales de Swarovski y el moderno aspecto de acero inoxidable irradian pasi\u00f3n por una vida de belleza animal.<br \/>\nUn reclamo \"bestial\" para todos los d\u00edas. Con los pendientes a juego ( # 1387P ), el colgante de cadena (# 714) y la pulsera magn\u00e9tica con forma de pata ( # 2153 o # 7141), las apariencias efectivas est\u00e1n garantizadas.<br \/>\nEsta hermosa joya magn\u00e9tica es sin\u00f3nimo de ligereza, energ\u00eda y elegancia.<br \/>\nCada una de nuestras joyas est\u00e1 equipada con potentes imanes de neodimio de alta calidad. Acero inoxidable, sin n\u00edquel ni al\u00e9rgenos. Imanes de neodimio incorporados con aprox. 1.200 gauss.<br \/>\nLongitud ajustable individualmente gracias a varios ojales y cierre de langosta.<br \/>\nOjales de aprox. 6, 11,5, 16,5, 18, 19,5, 21, 22,5, 24 y 25,5 cm.<\/p>","protected":false},"featured_media":2303,"comment_status":"open","ping_status":"closed","template":"","meta":[],"product_brand":[],"product_cat":[17,19],"product_tag":[24],"class_list":{"0":"post-2148","1":"product","2":"type-product","3":"status-publish","4":"has-post-thumbnail","6":"product_cat-alle-produkte","7":"product_cat-armbander","8":"product_tag-jungbrunn","9":"thunk-woo-product-list","10":"opn-qv-enable","11":"top-store-woo-hover-zoom","12":"top-store-single-product-tab-horizontal","13":"top-store-shadow-","14":"top-store-shadow-hover-","16":"first","17":"instock","18":"sale","19":"taxable","20":"shipping-taxable","21":"purchasable","22":"product-type-simple"},"_links":{"self":[{"href":"https:\/\/trinitixshop.de\/es\/wp-json\/wp\/v2\/product\/2148","targetHints":{"allow":["GET"]}}],"collection":[{"href":"https:\/\/trinitixshop.de\/es\/wp-json\/wp\/v2\/product"}],"about":[{"href":"https:\/\/trinitixshop.de\/es\/wp-json\/wp\/v2\/types\/product"}],"replies":[{"embeddable":true,"href":"https:\/\/trinitixshop.de\/es\/wp-json\/wp\/v2\/comments?post=2148"}],"wp:featuredmedia":[{"embeddable":true,"href":"https:\/\/trinitixshop.de\/es\/wp-json\/wp\/v2\/media\/2303"}],"wp:attachment":[{"href":"https:\/\/trinitixshop.de\/es\/wp-json\/wp\/v2\/media?parent=2148"}],"wp:term":[{"taxonomy":"product_brand","embeddable":true,"href":"https:\/\/trinitixshop.de\/es\/wp-json\/wp\/v2\/product_brand?post=2148"},{"taxonomy":"product_cat","embeddable":true,"href":"https:\/\/trinitixshop.de\/es\/wp-json\/wp\/v2\/product_cat?post=2148"},{"taxonomy":"product_tag","embeddable":true,"href":"https:\/\/trinitixshop.de\/es\/wp-json\/wp\/v2\/product_tag?post=2148"}],"curies":[{"name":"wp","href":"https:\/\/api.w.org\/{rel}","templated":true}]}}