{"id":2150,"date":"2023-05-16T13:38:51","date_gmt":"2023-05-16T11:38:51","guid":{"rendered":"https:\/\/trinitixshop.de\/?post_type=product&#038;p=2150"},"modified":"2023-12-06T21:09:21","modified_gmt":"2023-12-06T20:09:21","slug":"magnet-energy-pulsera-de-cuero-blanco-con-cristal-swarovski","status":"publish","type":"product","link":"https:\/\/trinitixshop.de\/es\/produkt\/magnet-energy-lederarmband-weiss-mit-swarovski-crystal\/","title":{"rendered":"Energ\u00eda magn\u00e9tica pulsera de cuero blanco con cristal de Swarovski # 22132"},"content":{"rendered":"<p>LB221320T<\/p>","protected":false},"excerpt":{"rendered":"<p>Pulsera magn\u00e9tica de cuero, con cristal Swarovski original, grabable, blanco,<br \/>\nPulsera de cuero: anchura aprox. 7 mm - grosor aprox. 2 mm, elemento de acero inoxidable \u00f8 aprox. 1,6 cm, talla XS - XXL universal hasta aprox. 22,5 cm.<br \/>\nGracias al contraste con la fina piel y el exclusivo elemento magn\u00e9tico de Swarovski, esta pulsera combina la joyer\u00eda magn\u00e9tica con el estilo de moda de una forma completamente diferente. La pulsera de cuero es la compa\u00f1era perfecta para los amantes de la libertad. Los materiales nobles combinados con un dise\u00f1o innovador hacen que la pulsera de cuero sea especialmente eficaz. Con esta pulsera rebosar\u00e1 energ\u00eda y alegr\u00eda de vivir.<br \/>\nEnerg\u00eda y elegancia<br \/>\nCada una de nuestras joyas est\u00e1 equipada con potentes imanes de neodimio de alta calidad. Incrustaci\u00f3n de im\u00e1n de neodimio con aprox. 2.000 gauss.<br \/>\nAcero inoxidable m\u00e9dico, sin cadmio, n\u00edquel ni plomo. Sin alergias<\/p>","protected":false},"featured_media":2292,"comment_status":"open","ping_status":"closed","template":"","meta":[],"product_brand":[],"product_cat":[17,19],"product_tag":[24],"class_list":{"0":"post-2150","1":"product","2":"type-product","3":"status-publish","4":"has-post-thumbnail","6":"product_cat-alle-produkte","7":"product_cat-armbander","8":"product_tag-jungbrunn","9":"thunk-woo-product-list","10":"opn-qv-enable","11":"top-store-woo-hover-zoom","12":"top-store-single-product-tab-horizontal","13":"top-store-shadow-","14":"top-store-shadow-hover-","16":"first","17":"instock","18":"taxable","19":"shipping-taxable","20":"purchasable","21":"product-type-simple"},"_links":{"self":[{"href":"https:\/\/trinitixshop.de\/es\/wp-json\/wp\/v2\/product\/2150","targetHints":{"allow":["GET"]}}],"collection":[{"href":"https:\/\/trinitixshop.de\/es\/wp-json\/wp\/v2\/product"}],"about":[{"href":"https:\/\/trinitixshop.de\/es\/wp-json\/wp\/v2\/types\/product"}],"replies":[{"embeddable":true,"href":"https:\/\/trinitixshop.de\/es\/wp-json\/wp\/v2\/comments?post=2150"}],"wp:featuredmedia":[{"embeddable":true,"href":"https:\/\/trinitixshop.de\/es\/wp-json\/wp\/v2\/media\/2292"}],"wp:attachment":[{"href":"https:\/\/trinitixshop.de\/es\/wp-json\/wp\/v2\/media?parent=2150"}],"wp:term":[{"taxonomy":"product_brand","embeddable":true,"href":"https:\/\/trinitixshop.de\/es\/wp-json\/wp\/v2\/product_brand?post=2150"},{"taxonomy":"product_cat","embeddable":true,"href":"https:\/\/trinitixshop.de\/es\/wp-json\/wp\/v2\/product_cat?post=2150"},{"taxonomy":"product_tag","embeddable":true,"href":"https:\/\/trinitixshop.de\/es\/wp-json\/wp\/v2\/product_tag?post=2150"}],"curies":[{"name":"wp","href":"https:\/\/api.w.org\/{rel}","templated":true}]}}