{"id":2151,"date":"2023-05-16T13:38:51","date_gmt":"2023-05-16T11:38:51","guid":{"rendered":"https:\/\/trinitixshop.de\/?post_type=product&#038;p=2151"},"modified":"2025-08-03T14:42:44","modified_gmt":"2025-08-03T12:42:44","slug":"pulsera-flex-con-facetas-de-cristal-swarovski","status":"publish","type":"product","link":"https:\/\/trinitixshop.de\/es\/produkt\/flex-armband-mit-swarovski-crystals-facette\/","title":{"rendered":"Serpenti Flex Armband mit Swarovski Crystals SAMWAY FACETTE # 1850"},"content":{"rendered":"<p>MA_1850_2<\/p>","protected":false},"excerpt":{"rendered":"<p>Pulsera magn\u00e9tica Flex con 33 cristales Swarovski (sin cobre).<br \/>\nM \/ L (18 - 20 cm) XL \/ XXL (21,5 - 23 cm)<br \/>\nSAMWAY FACETTE significa \"peque\u00f1a superficie en forma de diamante\" en franc\u00e9s.<br \/>\nAcero inoxidable, sin n\u00edquel alerg\u00e9nico, pulido, con 2 imanes de neodimio Gauss: 1200,<br \/>\nAnchura: aprox. 7,9 mm. Flexible y con cierre adicional.<br \/>\nLas pulseras flexibles simbolizan la movilidad y la alegr\u00eda de vivir.<br \/>\nNuestras joyas Flexi son una de las piezas m\u00e1s populares de la colecci\u00f3n desde hace a\u00f1os.<br \/>\nCompruebe usted mismo lo bonitas, resistentes y adaptables que son estas piezas de joyer\u00eda.<br \/>\nIncluso los antiguos chinos sab\u00edan hace miles de a\u00f1os lo importante que es para nuestro bienestar un cuerpo equilibrado y un flujo armonioso de energ\u00eda.<\/p>","protected":false},"featured_media":2300,"comment_status":"open","ping_status":"closed","template":"","meta":[],"product_brand":[],"product_cat":[17,19],"product_tag":[25],"class_list":{"0":"post-2151","1":"product","2":"type-product","3":"status-publish","4":"has-post-thumbnail","6":"product_cat-alle-produkte","7":"product_cat-armbander","8":"product_tag-t-prime","9":"thunk-woo-product-list","10":"opn-qv-enable","11":"top-store-woo-hover-zoom","12":"top-store-single-product-tab-horizontal","13":"top-store-shadow-","14":"top-store-shadow-hover-","16":"first","17":"instock","18":"sale","19":"taxable","20":"shipping-taxable","21":"purchasable","22":"product-type-variable"},"_links":{"self":[{"href":"https:\/\/trinitixshop.de\/es\/wp-json\/wp\/v2\/product\/2151","targetHints":{"allow":["GET"]}}],"collection":[{"href":"https:\/\/trinitixshop.de\/es\/wp-json\/wp\/v2\/product"}],"about":[{"href":"https:\/\/trinitixshop.de\/es\/wp-json\/wp\/v2\/types\/product"}],"replies":[{"embeddable":true,"href":"https:\/\/trinitixshop.de\/es\/wp-json\/wp\/v2\/comments?post=2151"}],"wp:featuredmedia":[{"embeddable":true,"href":"https:\/\/trinitixshop.de\/es\/wp-json\/wp\/v2\/media\/2300"}],"wp:attachment":[{"href":"https:\/\/trinitixshop.de\/es\/wp-json\/wp\/v2\/media?parent=2151"}],"wp:term":[{"taxonomy":"product_brand","embeddable":true,"href":"https:\/\/trinitixshop.de\/es\/wp-json\/wp\/v2\/product_brand?post=2151"},{"taxonomy":"product_cat","embeddable":true,"href":"https:\/\/trinitixshop.de\/es\/wp-json\/wp\/v2\/product_cat?post=2151"},{"taxonomy":"product_tag","embeddable":true,"href":"https:\/\/trinitixshop.de\/es\/wp-json\/wp\/v2\/product_tag?post=2151"}],"curies":[{"name":"wp","href":"https:\/\/api.w.org\/{rel}","templated":true}]}}