{"id":2153,"date":"2023-05-16T13:39:08","date_gmt":"2023-05-16T11:39:08","guid":{"rendered":"https:\/\/trinitixshop.de\/?post_type=product&#038;p=2153"},"modified":"2023-05-17T15:30:37","modified_gmt":"2023-05-17T13:30:37","slug":"pulsera-de-silicona-ionica-cruz-con-cristal-swarovski-s-xl","status":"publish","type":"product","link":"https:\/\/trinitixshop.de\/es\/produkt\/ionen-silikon-armband-cross-mit-swarovski-crystal-s-xl\/","title":{"rendered":"Pulsera de silicona i\u00f3nica Cruz con cristal Swarovski S - XL"},"content":{"rendered":"<p>NB060201T<\/p>","protected":false},"excerpt":{"rendered":"<p>Pulsera de silicona de iones magn\u00e9ticos Premium Energy Power. Pieza central de acero inoxidable con incrustaci\u00f3n de cristal Swarovski de alta calidad.<br \/>\nAncho aprox. 10 mm. Mu\u00f1equera de silicona ionizada flexible para mu\u00f1ecas de tama\u00f1o universal: 15,5 - 21,5 cm (S - XL).<br \/>\nLas pulseras magn\u00e9ticas energ\u00e9ticas de silicona se han convertido en parte integrante del mundo del deporte. La tendencia de EE.UU. es popular entre muchos atletas de \u00e9lite.<br \/>\nEstas pulseras el\u00e9ctricas son un reclamo exclusivo. Rendimiento, dise\u00f1o y calidad al m\u00e1s alto nivel.<br \/>\nEnerg\u00eda y elegancia Cada una de nuestras joyas est\u00e1 equipada con potentes imanes de neodimio de alta calidad.<br \/>\nIncrustaci\u00f3n de im\u00e1n de neodimio con aproximadamente 2.200 gauss.<br \/>\nAcero inoxidable m\u00e9dico, sin cadmio, n\u00edquel ni plomo. Sin alergias.<br \/>\nSilicona ionizada sin plastificantes cancer\u00edgenos.<\/p>","protected":false},"featured_media":2265,"comment_status":"open","ping_status":"closed","template":"","meta":[],"product_brand":[],"product_cat":[17,19],"product_tag":[27],"class_list":{"0":"post-2153","1":"product","2":"type-product","3":"status-publish","4":"has-post-thumbnail","6":"product_cat-alle-produkte","7":"product_cat-armbander","8":"product_tag-tribalance","9":"thunk-woo-product-list","10":"opn-qv-enable","11":"top-store-woo-hover-zoom","12":"top-store-single-product-tab-horizontal","13":"top-store-shadow-","14":"top-store-shadow-hover-","16":"first","17":"instock","18":"sale","19":"taxable","20":"shipping-taxable","21":"purchasable","22":"product-type-simple"},"_links":{"self":[{"href":"https:\/\/trinitixshop.de\/es\/wp-json\/wp\/v2\/product\/2153","targetHints":{"allow":["GET"]}}],"collection":[{"href":"https:\/\/trinitixshop.de\/es\/wp-json\/wp\/v2\/product"}],"about":[{"href":"https:\/\/trinitixshop.de\/es\/wp-json\/wp\/v2\/types\/product"}],"replies":[{"embeddable":true,"href":"https:\/\/trinitixshop.de\/es\/wp-json\/wp\/v2\/comments?post=2153"}],"wp:featuredmedia":[{"embeddable":true,"href":"https:\/\/trinitixshop.de\/es\/wp-json\/wp\/v2\/media\/2265"}],"wp:attachment":[{"href":"https:\/\/trinitixshop.de\/es\/wp-json\/wp\/v2\/media?parent=2153"}],"wp:term":[{"taxonomy":"product_brand","embeddable":true,"href":"https:\/\/trinitixshop.de\/es\/wp-json\/wp\/v2\/product_brand?post=2153"},{"taxonomy":"product_cat","embeddable":true,"href":"https:\/\/trinitixshop.de\/es\/wp-json\/wp\/v2\/product_cat?post=2153"},{"taxonomy":"product_tag","embeddable":true,"href":"https:\/\/trinitixshop.de\/es\/wp-json\/wp\/v2\/product_tag?post=2153"}],"curies":[{"name":"wp","href":"https:\/\/api.w.org\/{rel}","templated":true}]}}