{"id":2159,"date":"2023-05-16T13:39:08","date_gmt":"2023-05-16T11:39:08","guid":{"rendered":"https:\/\/trinitixshop.de\/?post_type=product&#038;p=2159"},"modified":"2023-05-17T15:40:54","modified_gmt":"2023-05-17T13:40:54","slug":"pro-ion-magnet-silikonarmband-grau-stripes-mit-swarovski-crystal","status":"publish","type":"product","link":"https:\/\/trinitixshop.de\/es\/produkt\/pro-ion-magnet-silikonarmband-grau-stripes-mit-swarovski-crystal\/","title":{"rendered":"Pulsera magn\u00e9tica de silicona Pro Ion Rayas grises con cristal de Swarovski"},"content":{"rendered":"<p>NB303100T<\/p>","protected":false},"excerpt":{"rendered":"<p>Iones magn\u00e9ticos positivos (+2.000) Pulsera de silicona Power \" 3 Rayas \".<br \/>\nAlto brillo y pulido mate.<br \/>\nPlaca de joyer\u00eda de acero inoxidable con el elemento de cristal Swarovski original m\u00e1s brillante,<br \/>\ngris oscuro fuerte, incl. 3 potentes imanes de neodimio de aprox. 2.200 gauss ( Bio Nord)<br \/>\nAnchura 13 mm<br \/>\nC\u00f3moda mu\u00f1equera de silicona ionizada Power Band para una circunferencia de mu\u00f1eca de 15 a 23 cm.<br \/>\nLa silicona no contiene plastificantes altamente cancer\u00edgenos.<br \/>\nLas pulseras de energ\u00eda magn\u00e9tica de silicona se han convertido en parte integrante del mundo del deporte.<br \/>\nLa tendencia de Estados Unidos es popular entre muchos atletas de \u00e9lite.<br \/>\nEstas pulseras de energ\u00eda son un reclamo exclusivo.<br \/>\nRendimiento, dise\u00f1o y calidad al m\u00e1s alto nivel.<br \/>\nLos mejores elementos brillantes originales de Svarowski encantan con su brillo \u00fanico.<\/p>","protected":false},"featured_media":2269,"comment_status":"open","ping_status":"closed","template":"","meta":[],"product_brand":[],"product_cat":[17,19],"product_tag":[27],"class_list":{"0":"post-2159","1":"product","2":"type-product","3":"status-publish","4":"has-post-thumbnail","6":"product_cat-alle-produkte","7":"product_cat-armbander","8":"product_tag-tribalance","9":"thunk-woo-product-list","10":"opn-qv-enable","11":"top-store-woo-hover-zoom","12":"top-store-single-product-tab-horizontal","13":"top-store-shadow-","14":"top-store-shadow-hover-","16":"first","17":"instock","18":"taxable","19":"shipping-taxable","20":"purchasable","21":"product-type-simple"},"_links":{"self":[{"href":"https:\/\/trinitixshop.de\/es\/wp-json\/wp\/v2\/product\/2159","targetHints":{"allow":["GET"]}}],"collection":[{"href":"https:\/\/trinitixshop.de\/es\/wp-json\/wp\/v2\/product"}],"about":[{"href":"https:\/\/trinitixshop.de\/es\/wp-json\/wp\/v2\/types\/product"}],"replies":[{"embeddable":true,"href":"https:\/\/trinitixshop.de\/es\/wp-json\/wp\/v2\/comments?post=2159"}],"wp:featuredmedia":[{"embeddable":true,"href":"https:\/\/trinitixshop.de\/es\/wp-json\/wp\/v2\/media\/2269"}],"wp:attachment":[{"href":"https:\/\/trinitixshop.de\/es\/wp-json\/wp\/v2\/media?parent=2159"}],"wp:term":[{"taxonomy":"product_brand","embeddable":true,"href":"https:\/\/trinitixshop.de\/es\/wp-json\/wp\/v2\/product_brand?post=2159"},{"taxonomy":"product_cat","embeddable":true,"href":"https:\/\/trinitixshop.de\/es\/wp-json\/wp\/v2\/product_cat?post=2159"},{"taxonomy":"product_tag","embeddable":true,"href":"https:\/\/trinitixshop.de\/es\/wp-json\/wp\/v2\/product_tag?post=2159"}],"curies":[{"name":"wp","href":"https:\/\/api.w.org\/{rel}","templated":true}]}}