{"id":2160,"date":"2023-05-16T13:39:08","date_gmt":"2023-05-16T11:39:08","guid":{"rendered":"https:\/\/trinitixshop.de\/?post_type=product&#038;p=2160"},"modified":"2023-05-17T15:44:06","modified_gmt":"2023-05-17T13:44:06","slug":"bionic-ionic-sport-pulsera-magnetica-negro-s-xl-607","status":"publish","type":"product","link":"https:\/\/trinitixshop.de\/es\/produkt\/bionic-ionen-sport-magnetarmband-schwarz-s-xl-607\/","title":{"rendered":"Pulsera magn\u00e9tica Bionic Ion Sport negra S - XL # 607"},"content":{"rendered":"<p>NB607000T<\/p>","protected":false},"excerpt":{"rendered":"<p>Pulsera de silicona de iones magn\u00e9ticos Premium Energy Power.<br \/>\nPieza central de acero inoxidable con grabado exclusivo 3 Wings. Anchura aprox. 10 mm.<br \/>\nMu\u00f1equera de silicona ionizada ajustada a la circunferencia de la mu\u00f1eca<br \/>\nTalla universal: 15,5 - 21,5 cm (S - XL).<br \/>\nLas pulseras de energ\u00eda magn\u00e9tica de silicona se han convertido en parte integrante del mundo del deporte.<br \/>\nLa tendencia de EE.UU. es popular entre muchos atletas de \u00e9lite. Esta potencia<br \/>\nLas pulseras energ\u00e9ticas son un reclamo exclusivo. Rendimiento, dise\u00f1o y<br \/>\nCalidad al m\u00e1s alto nivel.<br \/>\nEnerg\u00eda y elegancia Cada una de nuestras joyas est\u00e1 equipada con potentes imanes de neodimio de alta calidad. Incrustaci\u00f3n de im\u00e1n de neodimio con aprox. 2.200 gauss.<br \/>\nAcero inoxidable m\u00e9dico, sin cadmio, n\u00edquel ni plomo. Sin alergias.<br \/>\nSilicona ionizada sin plastificantes cancer\u00edgenos.<\/p>","protected":false},"featured_media":2270,"comment_status":"open","ping_status":"closed","template":"","meta":[],"product_brand":[],"product_cat":[17,19],"product_tag":[27],"class_list":{"0":"post-2160","1":"product","2":"type-product","3":"status-publish","4":"has-post-thumbnail","6":"product_cat-alle-produkte","7":"product_cat-armbander","8":"product_tag-tribalance","9":"thunk-woo-product-list","10":"opn-qv-enable","11":"top-store-woo-hover-zoom","12":"top-store-single-product-tab-horizontal","13":"top-store-shadow-","14":"top-store-shadow-hover-","16":"first","17":"instock","18":"taxable","19":"shipping-taxable","20":"purchasable","21":"product-type-simple"},"_links":{"self":[{"href":"https:\/\/trinitixshop.de\/es\/wp-json\/wp\/v2\/product\/2160","targetHints":{"allow":["GET"]}}],"collection":[{"href":"https:\/\/trinitixshop.de\/es\/wp-json\/wp\/v2\/product"}],"about":[{"href":"https:\/\/trinitixshop.de\/es\/wp-json\/wp\/v2\/types\/product"}],"replies":[{"embeddable":true,"href":"https:\/\/trinitixshop.de\/es\/wp-json\/wp\/v2\/comments?post=2160"}],"wp:featuredmedia":[{"embeddable":true,"href":"https:\/\/trinitixshop.de\/es\/wp-json\/wp\/v2\/media\/2270"}],"wp:attachment":[{"href":"https:\/\/trinitixshop.de\/es\/wp-json\/wp\/v2\/media?parent=2160"}],"wp:term":[{"taxonomy":"product_brand","embeddable":true,"href":"https:\/\/trinitixshop.de\/es\/wp-json\/wp\/v2\/product_brand?post=2160"},{"taxonomy":"product_cat","embeddable":true,"href":"https:\/\/trinitixshop.de\/es\/wp-json\/wp\/v2\/product_cat?post=2160"},{"taxonomy":"product_tag","embeddable":true,"href":"https:\/\/trinitixshop.de\/es\/wp-json\/wp\/v2\/product_tag?post=2160"}],"curies":[{"name":"wp","href":"https:\/\/api.w.org\/{rel}","templated":true}]}}