{"id":2167,"date":"2023-05-16T13:39:09","date_gmt":"2023-05-16T11:39:09","guid":{"rendered":"https:\/\/trinitixshop.de\/?post_type=product&#038;p=2167"},"modified":"2023-05-16T15:50:42","modified_gmt":"2023-05-16T13:50:42","slug":"pulsera-flex-retro-evita-con-cristales-de-swarovski-12-en-s","status":"publish","type":"product","link":"https:\/\/trinitixshop.de\/es\/produkt\/flex-retro-armband-evita-mit-swarovski-crystals-12-in-s\/","title":{"rendered":"Pulsera Flex Retro EVITA con Cristales de Swarovski # 12 en S"},"content":{"rendered":"<p>SB001201T<\/p>","protected":false},"excerpt":{"rendered":"<p>Pulsera magn\u00e9tica de energ\u00eda flexible uni - plata con muchos cristales brillantes de Swarovski.<br \/>\nAnchura 11 mm Acero inoxidable, sin n\u00edquel ni al\u00e9rgenos<br \/>\nIncrustaciones de im\u00e1n de neodimio con aprox. 2.200 gauss<br \/>\nTalla: S (14-15 cm)<br \/>\nBelleza y una nueva ligereza: a\u00f1o tras a\u00f1o, nuestras pulseras de energ\u00eda figuran entre los art\u00edculos m\u00e1s populares de la colecci\u00f3n.<br \/>\nCompruebe usted mismo lo bonitas, resistentes y adaptables que son estas piezas de joyer\u00eda.<br \/>\nSeguro que no querr\u00e1 desprenderse de \u00e9l en mucho tiempo.<br \/>\nSiente el poder de los imanes.<\/p>","protected":false},"featured_media":2256,"comment_status":"open","ping_status":"closed","template":"","meta":[],"product_brand":[],"product_cat":[17,19],"product_tag":[25],"class_list":{"0":"post-2167","1":"product","2":"type-product","3":"status-publish","4":"has-post-thumbnail","6":"product_cat-alle-produkte","7":"product_cat-armbander","8":"product_tag-t-prime","9":"thunk-woo-product-list","10":"opn-qv-enable","11":"top-store-woo-hover-zoom","12":"top-store-single-product-tab-horizontal","13":"top-store-shadow-","14":"top-store-shadow-hover-","16":"first","17":"instock","18":"sale","19":"taxable","20":"shipping-taxable","21":"purchasable","22":"product-type-simple"},"_links":{"self":[{"href":"https:\/\/trinitixshop.de\/es\/wp-json\/wp\/v2\/product\/2167","targetHints":{"allow":["GET"]}}],"collection":[{"href":"https:\/\/trinitixshop.de\/es\/wp-json\/wp\/v2\/product"}],"about":[{"href":"https:\/\/trinitixshop.de\/es\/wp-json\/wp\/v2\/types\/product"}],"replies":[{"embeddable":true,"href":"https:\/\/trinitixshop.de\/es\/wp-json\/wp\/v2\/comments?post=2167"}],"wp:featuredmedia":[{"embeddable":true,"href":"https:\/\/trinitixshop.de\/es\/wp-json\/wp\/v2\/media\/2256"}],"wp:attachment":[{"href":"https:\/\/trinitixshop.de\/es\/wp-json\/wp\/v2\/media?parent=2167"}],"wp:term":[{"taxonomy":"product_brand","embeddable":true,"href":"https:\/\/trinitixshop.de\/es\/wp-json\/wp\/v2\/product_brand?post=2167"},{"taxonomy":"product_cat","embeddable":true,"href":"https:\/\/trinitixshop.de\/es\/wp-json\/wp\/v2\/product_cat?post=2167"},{"taxonomy":"product_tag","embeddable":true,"href":"https:\/\/trinitixshop.de\/es\/wp-json\/wp\/v2\/product_tag?post=2167"}],"curies":[{"name":"wp","href":"https:\/\/api.w.org\/{rel}","templated":true}]}}