{"id":2170,"date":"2023-05-16T13:39:09","date_gmt":"2023-05-16T11:39:09","guid":{"rendered":"https:\/\/trinitixshop.de\/?post_type=product&#038;p=2170"},"modified":"2023-05-17T15:18:45","modified_gmt":"2023-05-17T13:18:45","slug":"pulsera-flexible-de-acero-inoxidable-con-parte-de-cobre-plata-fija-l-xxl","status":"publish","type":"product","link":"https:\/\/trinitixshop.de\/es\/produkt\/edelstahl-flex-armband-mit-kupferpart-silber-fix-l-xxl\/","title":{"rendered":"Pulsera flexible de acero inoxidable con parte de cobre fijaci\u00f3n de plata L\/XXL"},"content":{"rendered":"","protected":false},"excerpt":{"rendered":"<p>Pulsera magn\u00e9tica flexible con cobre, lisa \/ plateada.<br \/>\nSupuesto efecto del cobre (CU):<br \/>\nFavorece la formaci\u00f3n de anticuerpos en el sistema de defensa, el crecimiento, el desarrollo y el fortalecimiento de los huesos.<br \/>\nAcero inoxidable, sin n\u00edquel ni al\u00e9rgenos<br \/>\nIncrustaciones de im\u00e1n de neodimio con aprox. 1.200 gauss<br \/>\nLongitud (L) aprox. 18,5 cm, longitud (XXL) aprox. 22,5 cm, anchura: aprox. 7 mm, secci\u00f3n central pulida, grabable.<br \/>\nLas pulseras flexibles simbolizan la movilidad y la alegr\u00eda de vivir.<br \/>\nNuestras joyas Flexi son una de las piezas m\u00e1s populares de la colecci\u00f3n desde hace a\u00f1os.<br \/>\nCompruebe usted mismo lo bonitas, resistentes y adaptables que son estas piezas de joyer\u00eda.<\/p>","protected":false},"featured_media":2263,"comment_status":"open","ping_status":"closed","template":"","meta":[],"product_brand":[],"product_cat":[17,19],"product_tag":[25],"class_list":{"0":"post-2170","1":"product","2":"type-product","3":"status-publish","4":"has-post-thumbnail","6":"product_cat-alle-produkte","7":"product_cat-armbander","8":"product_tag-t-prime","9":"thunk-woo-product-list","10":"opn-qv-enable","11":"top-store-woo-hover-zoom","12":"top-store-single-product-tab-horizontal","13":"top-store-shadow-","14":"top-store-shadow-hover-","16":"first","17":"instock","18":"taxable","19":"shipping-taxable","20":"purchasable","21":"product-type-variable"},"_links":{"self":[{"href":"https:\/\/trinitixshop.de\/es\/wp-json\/wp\/v2\/product\/2170","targetHints":{"allow":["GET"]}}],"collection":[{"href":"https:\/\/trinitixshop.de\/es\/wp-json\/wp\/v2\/product"}],"about":[{"href":"https:\/\/trinitixshop.de\/es\/wp-json\/wp\/v2\/types\/product"}],"replies":[{"embeddable":true,"href":"https:\/\/trinitixshop.de\/es\/wp-json\/wp\/v2\/comments?post=2170"}],"wp:featuredmedia":[{"embeddable":true,"href":"https:\/\/trinitixshop.de\/es\/wp-json\/wp\/v2\/media\/2263"}],"wp:attachment":[{"href":"https:\/\/trinitixshop.de\/es\/wp-json\/wp\/v2\/media?parent=2170"}],"wp:term":[{"taxonomy":"product_brand","embeddable":true,"href":"https:\/\/trinitixshop.de\/es\/wp-json\/wp\/v2\/product_brand?post=2170"},{"taxonomy":"product_cat","embeddable":true,"href":"https:\/\/trinitixshop.de\/es\/wp-json\/wp\/v2\/product_cat?post=2170"},{"taxonomy":"product_tag","embeddable":true,"href":"https:\/\/trinitixshop.de\/es\/wp-json\/wp\/v2\/product_tag?post=2170"}],"curies":[{"name":"wp","href":"https:\/\/api.w.org\/{rel}","templated":true}]}}