{"id":2171,"date":"2023-05-16T13:39:09","date_gmt":"2023-05-16T11:39:09","guid":{"rendered":"https:\/\/trinitixshop.de\/?post_type=product&#038;p=2171"},"modified":"2023-05-16T15:23:14","modified_gmt":"2023-05-16T13:23:14","slug":"pulsera-magnetica-de-acero-inoxidable-flexible-joyeria-cubo-retro-con-cobre-l-xl-183","status":"publish","type":"product","link":"https:\/\/trinitixshop.de\/es\/produkt\/flexibles-edelstahl-magnetschmuck-armband-cube-retro-mit-kupfer-l-xl-183\/","title":{"rendered":"Pulsera magn\u00e9tica flexible de acero inoxidable Cube Retro con cobre L\/XL 183"},"content":{"rendered":"<p>SB018310T<\/p>","protected":false},"excerpt":{"rendered":"<p>Pulsera magn\u00e9tica flexible de dise\u00f1o retro, lisa \/ plateada, mate y pulida.<br \/>\nAnchura: aprox. 7 mm,<br \/>\nGrosor aprox. 3,6 mm.<br \/>\nIncrustaciones de im\u00e1n de neodimio con aproximadamente 2.200 gauss.<br \/>\nAcero inoxidable, sin cadmio, n\u00edquel ni plomo. Sin alergias. Con pieza de cobre.<br \/>\nEfecto del cobre (CU): Favorece la formaci\u00f3n de anticuerpos en el sistema de defensa, el crecimiento, el desarrollo, el fortalecimiento de los huesos. Belleza y una nueva ligereza. A\u00f1o tras a\u00f1o, nuestras pulseras energ\u00e9ticas figuran entre los art\u00edculos m\u00e1s populares de la colecci\u00f3n.<br \/>\nCompruebe usted mismo lo bonitas, resistentes y adaptables que son estas piezas de joyer\u00eda.<br \/>\nSeguro que no querr\u00e1 desprenderse de \u00e9l en mucho tiempo.<br \/>\nSiente el poder de los imanes.<br \/>\nTalla: L\/XL 19 -22,5 cm con 2 elementos de fijaci\u00f3n para la extensi\u00f3n. aprox. 1,5 cm cada uno<\/p>","protected":false},"featured_media":2252,"comment_status":"open","ping_status":"closed","template":"","meta":[],"product_brand":[],"product_cat":[17,19],"product_tag":[25],"class_list":{"0":"post-2171","1":"product","2":"type-product","3":"status-publish","4":"has-post-thumbnail","6":"product_cat-alle-produkte","7":"product_cat-armbander","8":"product_tag-t-prime","9":"thunk-woo-product-list","10":"opn-qv-enable","11":"top-store-woo-hover-zoom","12":"top-store-single-product-tab-horizontal","13":"top-store-shadow-","14":"top-store-shadow-hover-","16":"first","17":"instock","18":"sale","19":"taxable","20":"shipping-taxable","21":"purchasable","22":"product-type-simple"},"_links":{"self":[{"href":"https:\/\/trinitixshop.de\/es\/wp-json\/wp\/v2\/product\/2171","targetHints":{"allow":["GET"]}}],"collection":[{"href":"https:\/\/trinitixshop.de\/es\/wp-json\/wp\/v2\/product"}],"about":[{"href":"https:\/\/trinitixshop.de\/es\/wp-json\/wp\/v2\/types\/product"}],"replies":[{"embeddable":true,"href":"https:\/\/trinitixshop.de\/es\/wp-json\/wp\/v2\/comments?post=2171"}],"wp:featuredmedia":[{"embeddable":true,"href":"https:\/\/trinitixshop.de\/es\/wp-json\/wp\/v2\/media\/2252"}],"wp:attachment":[{"href":"https:\/\/trinitixshop.de\/es\/wp-json\/wp\/v2\/media?parent=2171"}],"wp:term":[{"taxonomy":"product_brand","embeddable":true,"href":"https:\/\/trinitixshop.de\/es\/wp-json\/wp\/v2\/product_brand?post=2171"},{"taxonomy":"product_cat","embeddable":true,"href":"https:\/\/trinitixshop.de\/es\/wp-json\/wp\/v2\/product_cat?post=2171"},{"taxonomy":"product_tag","embeddable":true,"href":"https:\/\/trinitixshop.de\/es\/wp-json\/wp\/v2\/product_tag?post=2171"}],"curies":[{"name":"wp","href":"https:\/\/api.w.org\/{rel}","templated":true}]}}