{"id":2172,"date":"2023-05-16T13:39:09","date_gmt":"2023-05-16T11:39:09","guid":{"rendered":"https:\/\/trinitixshop.de\/?post_type=product&#038;p=2172"},"modified":"2023-05-16T15:33:31","modified_gmt":"2023-05-16T13:33:31","slug":"power-dynamic-brazalete-magnetico-de-acero-inoxidable-oceanic-201-en-s-m-o-l-xl","status":"publish","type":"product","link":"https:\/\/trinitixshop.de\/es\/produkt\/power-dynamic-edelstahl-magnetarmband-oceanic-201-in-s-m-oder-l-xl\/","title":{"rendered":"Pulsera magn\u00e9tica Power Dynamic de acero inoxidable Oceanic # 201 en S\/M o L\/XL"},"content":{"rendered":"","protected":false},"excerpt":{"rendered":"<p>Pulsera magn\u00e9tica energ\u00e9tica \"Oceanic - Wave\" de acero inoxidable<br \/>\nPlata, anchura 10 mm, varios imanes de neodimio con aprox. 3.000 gauss<br \/>\nAcero inoxidable, macizo, sin n\u00edquel ni al\u00e9rgenos.<br \/>\nBelleza y una nueva ligereza.<br \/>\nA\u00f1o tras a\u00f1o, nuestras pulseras de energ\u00eda figuran entre los art\u00edculos m\u00e1s populares de la colecci\u00f3n.<br \/>\nCompruebe usted mismo lo bonitas, resistentes y adaptables que son estas piezas de joyer\u00eda.<br \/>\nSeguro que no querr\u00e1 desprenderse de \u00e9l en mucho tiempo.<br \/>\nSiente el poder de los imanes.<\/p>\n<p>S\/M = 16,5 cm + 2 elementos de fijaci\u00f3n adicionales para prolongaci\u00f3n. Cada uno aprox. 1,5 cm<br \/>\nL\/XL = 19 cm + 2 elementos de fijaci\u00f3n adicionales para prolongaci\u00f3n. Cada uno de aprox. 1,5 cm.<\/p>","protected":false},"featured_media":2253,"comment_status":"open","ping_status":"closed","template":"","meta":[],"product_brand":[],"product_cat":[17,19],"product_tag":[25],"class_list":{"0":"post-2172","1":"product","2":"type-product","3":"status-publish","4":"has-post-thumbnail","6":"product_cat-alle-produkte","7":"product_cat-armbander","8":"product_tag-t-prime","9":"thunk-woo-product-list","10":"opn-qv-enable","11":"top-store-woo-hover-zoom","12":"top-store-single-product-tab-horizontal","13":"top-store-shadow-","14":"top-store-shadow-hover-","16":"first","17":"instock","18":"taxable","19":"shipping-taxable","20":"purchasable","21":"product-type-variable"},"_links":{"self":[{"href":"https:\/\/trinitixshop.de\/es\/wp-json\/wp\/v2\/product\/2172","targetHints":{"allow":["GET"]}}],"collection":[{"href":"https:\/\/trinitixshop.de\/es\/wp-json\/wp\/v2\/product"}],"about":[{"href":"https:\/\/trinitixshop.de\/es\/wp-json\/wp\/v2\/types\/product"}],"replies":[{"embeddable":true,"href":"https:\/\/trinitixshop.de\/es\/wp-json\/wp\/v2\/comments?post=2172"}],"wp:featuredmedia":[{"embeddable":true,"href":"https:\/\/trinitixshop.de\/es\/wp-json\/wp\/v2\/media\/2253"}],"wp:attachment":[{"href":"https:\/\/trinitixshop.de\/es\/wp-json\/wp\/v2\/media?parent=2172"}],"wp:term":[{"taxonomy":"product_brand","embeddable":true,"href":"https:\/\/trinitixshop.de\/es\/wp-json\/wp\/v2\/product_brand?post=2172"},{"taxonomy":"product_cat","embeddable":true,"href":"https:\/\/trinitixshop.de\/es\/wp-json\/wp\/v2\/product_cat?post=2172"},{"taxonomy":"product_tag","embeddable":true,"href":"https:\/\/trinitixshop.de\/es\/wp-json\/wp\/v2\/product_tag?post=2172"}],"curies":[{"name":"wp","href":"https:\/\/api.w.org\/{rel}","templated":true}]}}