{"id":2214,"date":"2023-05-16T13:39:19","date_gmt":"2023-05-16T11:39:19","guid":{"rendered":"https:\/\/trinitixshop.de\/?post_type=product&#038;p=2214"},"modified":"2023-05-16T14:25:11","modified_gmt":"2023-05-16T12:25:11","slug":"pulsera-magnetica-acero-inoxidable-oceanic-wave-plata-201-estrecha-xs-s-m-l-xl-xxl-xxxl","status":"publish","type":"product","link":"https:\/\/trinitixshop.de\/es\/produkt\/edelstahl-magnetarmband-oceanic-welle-silber-201-schmal-xs-s-m-l-xl-xxl-xxxl\/","title":{"rendered":"Pulsera magn\u00e9tica de acero Oceanic wave plata 201 estrecha XS\/S\/M\/L\/XL\/XXL\/XXXL"},"content":{"rendered":"<p>SB030100T<\/p>","protected":false},"excerpt":{"rendered":"<p>Pulsera magn\u00e9tica energ\u00e9tica de acero inoxidable \"Oceanic - Wave\", # 201 plata estrecha, ancho 7 mm, varios imanes de neodimio con aprox. 3.000 gauss<br \/>\nAcero inoxidable, macizo, sin n\u00edquel ni al\u00e9rgenos.<br \/>\nBelleza y una nueva ligereza. A\u00f1o tras a\u00f1o, nuestras pulseras de energ\u00eda figuran entre los art\u00edculos m\u00e1s populares de la colecci\u00f3n.<br \/>\nCompruebe usted mismo lo bonitas, resistentes y adaptables que son estas piezas de joyer\u00eda.<br \/>\nSeguro que no querr\u00e1 desprenderse de \u00e9l en mucho tiempo.<br \/>\nSiente el poder de los imanes.<br \/>\nTallas XS (13-14 cm), S (14-15 cm), M (15-16 cm), L (16-18 cm), XL (18-20 cm), XXL (20-22 cm) o XXXL (22-24 cm)<br \/>\nInd\u00edquenos el tama\u00f1o de entrega deseado.<\/p>","protected":false},"featured_media":2241,"comment_status":"open","ping_status":"closed","template":"","meta":[],"product_brand":[],"product_cat":[17,19],"product_tag":[25],"class_list":{"0":"post-2214","1":"product","2":"type-product","3":"status-publish","4":"has-post-thumbnail","6":"product_cat-alle-produkte","7":"product_cat-armbander","8":"product_tag-t-prime","9":"thunk-woo-product-list","10":"opn-qv-enable","11":"top-store-woo-hover-zoom","12":"top-store-single-product-tab-horizontal","13":"top-store-shadow-","14":"top-store-shadow-hover-","16":"first","17":"instock","18":"taxable","19":"shipping-taxable","20":"purchasable","21":"product-type-variable"},"_links":{"self":[{"href":"https:\/\/trinitixshop.de\/es\/wp-json\/wp\/v2\/product\/2214","targetHints":{"allow":["GET"]}}],"collection":[{"href":"https:\/\/trinitixshop.de\/es\/wp-json\/wp\/v2\/product"}],"about":[{"href":"https:\/\/trinitixshop.de\/es\/wp-json\/wp\/v2\/types\/product"}],"replies":[{"embeddable":true,"href":"https:\/\/trinitixshop.de\/es\/wp-json\/wp\/v2\/comments?post=2214"}],"wp:featuredmedia":[{"embeddable":true,"href":"https:\/\/trinitixshop.de\/es\/wp-json\/wp\/v2\/media\/2241"}],"wp:attachment":[{"href":"https:\/\/trinitixshop.de\/es\/wp-json\/wp\/v2\/media?parent=2214"}],"wp:term":[{"taxonomy":"product_brand","embeddable":true,"href":"https:\/\/trinitixshop.de\/es\/wp-json\/wp\/v2\/product_brand?post=2214"},{"taxonomy":"product_cat","embeddable":true,"href":"https:\/\/trinitixshop.de\/es\/wp-json\/wp\/v2\/product_cat?post=2214"},{"taxonomy":"product_tag","embeddable":true,"href":"https:\/\/trinitixshop.de\/es\/wp-json\/wp\/v2\/product_tag?post=2214"}],"curies":[{"name":"wp","href":"https:\/\/api.w.org\/{rel}","templated":true}]}}