{"id":2217,"date":"2023-05-16T13:39:19","date_gmt":"2023-05-16T11:39:19","guid":{"rendered":"https:\/\/trinitixshop.de\/?post_type=product&#038;p=2217"},"modified":"2023-05-16T14:21:49","modified_gmt":"2023-05-16T12:21:49","slug":"diseno-de-la-pata-de-moda-pulsera-magnetica-con-cristales-de-swarovski-plata-2153","status":"publish","type":"product","link":"https:\/\/trinitixshop.de\/es\/produkt\/pfote-design-fashion-magnetarmband-mit-swarovski-crystals-silber-2153\/","title":{"rendered":"Paws Design Pulsera magn\u00e9tica de moda con cristales Swarovski plata # 2153"},"content":{"rendered":"<p>SB215300T<\/p>","protected":false},"excerpt":{"rendered":"<ul class=\"a-unordered-list a-vertical a-spacing-mini\">\n<li><span class=\"a-list-item\">Pulsera magn\u00e9tica de acero inoxidable con dise\u00f1o de pata de animal y brillantes cristales originales de Swarovski. Incrustaciones de im\u00e1n de neodimio con aprox. 2200 gauss. Ancho aprox. 10,5 mm. Acero inoxidable, sin cadmio, n\u00edquel ni plomo. Plata pulida\u00a0<\/span><\/li>\n<li><span class=\"a-list-item\">Tallas: S\/M = 16,5 cm + 2 elementos de fijaci\u00f3n adicionales para prolongaci\u00f3n. Cada uno aprox. 1,5 cm <\/span><\/li>\n<li><span class=\"a-list-item\">o <\/span><\/li>\n<li><span class=\"a-list-item\">L\/XL = 19 cm + 2 elementos de fijaci\u00f3n suplementarios para la prolongaci\u00f3n. aprox. 1,5 cm cada uno<\/span><\/li>\n<li><span class=\"a-list-item\">Demuestra tu amor por los animales sobre la marcha. La pulsera est\u00e1 hecha con mucho cari\u00f1o. Un dise\u00f1o \u00fanico, potentes incrustaciones magn\u00e9ticas y una atractiva piel de acero inoxidable. Gracias a los elementos de cristal de Swarovski que brillan discretamente, la pulsera atrae todas las miradas y es algo muy especial para todos los d\u00edas. Una joya que no querr\u00e1 quitarse nunca m\u00e1s. Los pendientes a juego # 1387P y el colgante magn\u00e9tico # 714 son el complemento perfecto.<\/span><\/li>\n<\/ul>","protected":false},"featured_media":2237,"comment_status":"open","ping_status":"closed","template":"","meta":[],"product_brand":[],"product_cat":[17,19],"product_tag":[25],"class_list":{"0":"post-2217","1":"product","2":"type-product","3":"status-publish","4":"has-post-thumbnail","6":"product_cat-alle-produkte","7":"product_cat-armbander","8":"product_tag-t-prime","9":"thunk-woo-product-list","10":"opn-qv-enable","11":"top-store-woo-hover-zoom","12":"top-store-single-product-tab-horizontal","13":"top-store-shadow-","14":"top-store-shadow-hover-","16":"first","17":"instock","18":"sale","19":"taxable","20":"shipping-taxable","21":"purchasable","22":"product-type-variable","23":"has-default-attributes"},"_links":{"self":[{"href":"https:\/\/trinitixshop.de\/es\/wp-json\/wp\/v2\/product\/2217","targetHints":{"allow":["GET"]}}],"collection":[{"href":"https:\/\/trinitixshop.de\/es\/wp-json\/wp\/v2\/product"}],"about":[{"href":"https:\/\/trinitixshop.de\/es\/wp-json\/wp\/v2\/types\/product"}],"replies":[{"embeddable":true,"href":"https:\/\/trinitixshop.de\/es\/wp-json\/wp\/v2\/comments?post=2217"}],"wp:featuredmedia":[{"embeddable":true,"href":"https:\/\/trinitixshop.de\/es\/wp-json\/wp\/v2\/media\/2237"}],"wp:attachment":[{"href":"https:\/\/trinitixshop.de\/es\/wp-json\/wp\/v2\/media?parent=2217"}],"wp:term":[{"taxonomy":"product_brand","embeddable":true,"href":"https:\/\/trinitixshop.de\/es\/wp-json\/wp\/v2\/product_brand?post=2217"},{"taxonomy":"product_cat","embeddable":true,"href":"https:\/\/trinitixshop.de\/es\/wp-json\/wp\/v2\/product_cat?post=2217"},{"taxonomy":"product_tag","embeddable":true,"href":"https:\/\/trinitixshop.de\/es\/wp-json\/wp\/v2\/product_tag?post=2217"}],"curies":[{"name":"wp","href":"https:\/\/api.w.org\/{rel}","templated":true}]}}