{"id":2421,"date":"2023-05-24T14:12:12","date_gmt":"2023-05-24T12:12:12","guid":{"rendered":"https:\/\/trinitixshop.de\/?post_type=product&#038;p=2421"},"modified":"2023-05-24T14:54:59","modified_gmt":"2023-05-24T12:54:59","slug":"pendientes-de-estrella-chapados-en-oro-de-24k-con-cristales-de-swarovski-196-p-oro","status":"publish","type":"product","link":"https:\/\/trinitixshop.de\/es\/produkt\/stern-ohrstecker-24k-vergoldet-mit-swarovski-crystals-196-p-gold\/","title":{"rendered":"Pendientes estrella ba\u00f1ados en oro de 24k con cristales de la Casa Swarovski # 196 P oro"},"content":{"rendered":"<p>[8] EX019700T<\/p>\n","protected":false},"excerpt":{"rendered":"<p>Pendientes im\u00e1n estrella de neodimio Cristales de Swarovski<br \/>\nDiscretos y elegantes. 2 elegantes pendientes magn\u00e9ticos.<br \/>\nJoyas de orejas en forma de estrella con cristales Swarovski.<br \/>\nAcero inoxidable quir\u00fargico, oro (chapado en oro duro de 24 quilates), sin n\u00edquel ni al\u00e9rgenos,<br \/>\n\u00d8 aprox. 11 mm con im\u00e1n de neodimio incrustado (aprox. 1.200 gauss).<\/p>","protected":false},"featured_media":2489,"comment_status":"open","ping_status":"closed","template":"","meta":[],"product_brand":[],"product_cat":[17,20],"product_tag":[25],"class_list":{"0":"post-2421","1":"product","2":"type-product","3":"status-publish","4":"has-post-thumbnail","6":"product_cat-alle-produkte","7":"product_cat-ohrringe","8":"product_tag-t-prime","9":"thunk-woo-product-list","10":"opn-qv-enable","11":"top-store-woo-hover-zoom","12":"top-store-single-product-tab-horizontal","13":"top-store-shadow-","14":"top-store-shadow-hover-","16":"first","17":"instock","18":"sale","19":"taxable","20":"shipping-taxable","21":"purchasable","22":"product-type-simple"},"_links":{"self":[{"href":"https:\/\/trinitixshop.de\/es\/wp-json\/wp\/v2\/product\/2421","targetHints":{"allow":["GET"]}}],"collection":[{"href":"https:\/\/trinitixshop.de\/es\/wp-json\/wp\/v2\/product"}],"about":[{"href":"https:\/\/trinitixshop.de\/es\/wp-json\/wp\/v2\/types\/product"}],"replies":[{"embeddable":true,"href":"https:\/\/trinitixshop.de\/es\/wp-json\/wp\/v2\/comments?post=2421"}],"wp:featuredmedia":[{"embeddable":true,"href":"https:\/\/trinitixshop.de\/es\/wp-json\/wp\/v2\/media\/2489"}],"wp:attachment":[{"href":"https:\/\/trinitixshop.de\/es\/wp-json\/wp\/v2\/media?parent=2421"}],"wp:term":[{"taxonomy":"product_brand","embeddable":true,"href":"https:\/\/trinitixshop.de\/es\/wp-json\/wp\/v2\/product_brand?post=2421"},{"taxonomy":"product_cat","embeddable":true,"href":"https:\/\/trinitixshop.de\/es\/wp-json\/wp\/v2\/product_cat?post=2421"},{"taxonomy":"product_tag","embeddable":true,"href":"https:\/\/trinitixshop.de\/es\/wp-json\/wp\/v2\/product_tag?post=2421"}],"curies":[{"name":"wp","href":"https:\/\/api.w.org\/{rel}","templated":true}]}}