{"id":2424,"date":"2023-05-24T14:12:12","date_gmt":"2023-05-24T12:12:12","guid":{"rendered":"https:\/\/trinitixshop.de\/?post_type=product&#038;p=2424"},"modified":"2025-12-07T15:16:33","modified_gmt":"2025-12-07T14:16:33","slug":"filigrana-solitario-pendientes-con-cristal-swarovski-diamante-1382p-plata","status":"publish","type":"product","link":"https:\/\/trinitixshop.de\/es\/produkt\/filigrane-solitaire-ohrstecker-mit-swarovski-diamond-crystal-1382p-silber\/","title":{"rendered":"Pendientes Solitario Filigrana con Cristal de Diamante Swarovski 1382P plata"},"content":{"rendered":"<p>[577] EX138200T<\/p>\n","protected":false},"excerpt":{"rendered":"<p>Solitaire Magnet Ohrstecker White Diamond Solitaire, silber\/hochglanz, \u00f8 ca. 6 mm.<br \/>\nDise\u00f1o retro de moda con gran solitario de cristal, enmarcado en una moderna montura de metal.<\/p>\n<p>Diese eleganten Ohrstecker sind auch in rosegold und gold verf\u00fcgbar.<\/p>\n<p>Un compa\u00f1ero brillante ideal, tanto de d\u00eda como de noche. Joyas brillantes para las orejas con el original elemento de cristal Swarovski \"Diamante blanco\". Discreto y elegante. Atrae todas las miradas. (# 461 es ligeramente m\u00e1s grande con \u00f8 aprox. 7,5 mm)<\/p>\n<p>Dise\u00f1o brillante para apariencias efectivas. Perfecto para mujeres de negocios o glamurosas.<br \/>\nCon este pendiente siempre conseguir\u00e1 el efecto deseado.<br \/>\nLos potentes imanes de neodimio se asientan directamente en el l\u00f3bulo de la oreja.<br \/>\nEsta hermosa joya magn\u00e9tica es sin\u00f3nimo de ligereza, energ\u00eda y elegancia.<br \/>\nCada una de nuestras joyas est\u00e1 equipada con potentes imanes de neodimio de alta calidad.<br \/>\nIncrustaci\u00f3n de im\u00e1n de neodimio con aproximadamente 1.200 gauss.<br \/>\nAcero inoxidable m\u00e9dico, sin cadmio, n\u00edquel ni plomo. Sin alergias<\/p>","protected":false},"featured_media":0,"comment_status":"open","ping_status":"closed","template":"","meta":[],"product_brand":[],"product_cat":[17,20],"product_tag":[24],"class_list":{"0":"post-2424","1":"product","2":"type-product","3":"status-publish","5":"product_cat-alle-produkte","6":"product_cat-ohrringe","7":"product_tag-jungbrunn","8":"thunk-woo-product-list","9":"opn-qv-enable","10":"top-store-woo-hover-zoom","11":"top-store-single-product-tab-horizontal","12":"top-store-shadow-","13":"top-store-shadow-hover-","15":"first","16":"instock","17":"sale","18":"taxable","19":"shipping-taxable","20":"purchasable","21":"product-type-simple"},"_links":{"self":[{"href":"https:\/\/trinitixshop.de\/es\/wp-json\/wp\/v2\/product\/2424","targetHints":{"allow":["GET"]}}],"collection":[{"href":"https:\/\/trinitixshop.de\/es\/wp-json\/wp\/v2\/product"}],"about":[{"href":"https:\/\/trinitixshop.de\/es\/wp-json\/wp\/v2\/types\/product"}],"replies":[{"embeddable":true,"href":"https:\/\/trinitixshop.de\/es\/wp-json\/wp\/v2\/comments?post=2424"}],"wp:attachment":[{"href":"https:\/\/trinitixshop.de\/es\/wp-json\/wp\/v2\/media?parent=2424"}],"wp:term":[{"taxonomy":"product_brand","embeddable":true,"href":"https:\/\/trinitixshop.de\/es\/wp-json\/wp\/v2\/product_brand?post=2424"},{"taxonomy":"product_cat","embeddable":true,"href":"https:\/\/trinitixshop.de\/es\/wp-json\/wp\/v2\/product_cat?post=2424"},{"taxonomy":"product_tag","embeddable":true,"href":"https:\/\/trinitixshop.de\/es\/wp-json\/wp\/v2\/product_tag?post=2424"}],"curies":[{"name":"wp","href":"https:\/\/api.w.org\/{rel}","templated":true}]}}