{"id":2428,"date":"2023-05-24T14:12:12","date_gmt":"2023-05-24T12:12:12","guid":{"rendered":"https:\/\/trinitixshop.de\/?post_type=product&#038;p=2428"},"modified":"2025-05-28T22:28:30","modified_gmt":"2025-05-28T20:28:30","slug":"pendientes-arco-iris-de-plata-con-piedras-swarovski-m","status":"publish","type":"product","link":"https:\/\/trinitixshop.de\/es\/produkt\/rainbow-silber-ohrstecker-mit-swarovski-edelsteinen-m\/","title":{"rendered":"Rainbow silber Ohrstecker mit Swarovski Edelsteinen &#8211; M # 9006"},"content":{"rendered":"<p>EX900600T<\/p>","protected":false},"excerpt":{"rendered":"<p>Dos coloridos pendientes magn\u00e9ticos de nuestra \"Rainbow Collection\". Una variedad con gemas Swarovski de colores espectrales. Aut\u00e9ntica artesan\u00eda de los dise\u00f1adores de nuestra empresa. Hechos a mano.<br \/>\nLos colores sutilmente degradados muestran los colores del espectro del arco iris. La selecci\u00f3n incluye elementos sint\u00e9ticos similares al granate, la amatista, el citrino, el peridoto y el topacio azul.<br \/>\nCuadrado mixto como corte modificado. Plata. Pendientes cada uno. aprox. 5 x 26 mm. Grosor aprox. 3 mm.<br \/>\nMixed Square Magnetic Stud Earrings plata Brasil Arco Iris Juego Multicolor TRX Star Collection con Swarovski Gemstones En el antiguo Oriente, el arco iris era s\u00edmbolo de victoria tras una disputa entre dioses. ... Incluso hoy en d\u00eda, la aparici\u00f3n del arco iris en el cielo sigue hablando por s\u00ed misma.<br \/>\npersonas. Simboliza la armon\u00eda, la integridad, la conservaci\u00f3n de la naturaleza y la conexi\u00f3n entre el cielo y la tierra. Los potentes imanes de neodimio se colocan directamente en el l\u00f3bulo de la oreja.<br \/>\nLas bellas joyas magn\u00e9ticas son sin\u00f3nimo de ligereza, energ\u00eda y elegancia. Cada una de nuestras joyas est\u00e1 fabricada con potentes imanes de neodimio de alta calidad.<br \/>\nequipado. Incrustaci\u00f3n de im\u00e1n de neodimio con aprox. 1.200 gauss.<br \/>\nAcero inoxidable m\u00e9dico, sin cadmio, n\u00edquel ni plomo. Sin alergias<\/p>","protected":false},"featured_media":2513,"comment_status":"open","ping_status":"closed","template":"","meta":[],"product_brand":[],"product_cat":[17,20],"product_tag":[28],"class_list":{"0":"post-2428","1":"product","2":"type-product","3":"status-publish","4":"has-post-thumbnail","6":"product_cat-alle-produkte","7":"product_cat-ohrringe","8":"product_tag-kurfuerst","9":"thunk-woo-product-list","10":"opn-qv-enable","11":"top-store-woo-hover-zoom","12":"top-store-single-product-tab-horizontal","13":"top-store-shadow-","14":"top-store-shadow-hover-","16":"first","17":"instock","18":"sale","19":"taxable","20":"shipping-taxable","21":"purchasable","22":"product-type-simple"},"_links":{"self":[{"href":"https:\/\/trinitixshop.de\/es\/wp-json\/wp\/v2\/product\/2428","targetHints":{"allow":["GET"]}}],"collection":[{"href":"https:\/\/trinitixshop.de\/es\/wp-json\/wp\/v2\/product"}],"about":[{"href":"https:\/\/trinitixshop.de\/es\/wp-json\/wp\/v2\/types\/product"}],"replies":[{"embeddable":true,"href":"https:\/\/trinitixshop.de\/es\/wp-json\/wp\/v2\/comments?post=2428"}],"wp:featuredmedia":[{"embeddable":true,"href":"https:\/\/trinitixshop.de\/es\/wp-json\/wp\/v2\/media\/2513"}],"wp:attachment":[{"href":"https:\/\/trinitixshop.de\/es\/wp-json\/wp\/v2\/media?parent=2428"}],"wp:term":[{"taxonomy":"product_brand","embeddable":true,"href":"https:\/\/trinitixshop.de\/es\/wp-json\/wp\/v2\/product_brand?post=2428"},{"taxonomy":"product_cat","embeddable":true,"href":"https:\/\/trinitixshop.de\/es\/wp-json\/wp\/v2\/product_cat?post=2428"},{"taxonomy":"product_tag","embeddable":true,"href":"https:\/\/trinitixshop.de\/es\/wp-json\/wp\/v2\/product_tag?post=2428"}],"curies":[{"name":"wp","href":"https:\/\/api.w.org\/{rel}","templated":true}]}}