{"id":2430,"date":"2023-05-24T14:12:12","date_gmt":"2023-05-24T12:12:12","guid":{"rendered":"https:\/\/trinitixshop.de\/?post_type=product&#038;p=2430"},"modified":"2023-05-24T14:34:35","modified_gmt":"2023-05-24T12:34:35","slug":"pendientes-pata-con-cristal-swarovski-plata-1387p","status":"publish","type":"product","link":"https:\/\/trinitixshop.de\/es\/produkt\/ohrstecker-pfote-mit-swarovski-crystal-silber-1387p\/","title":{"rendered":"Pendientes stud pata con Swarovski Crystal plata # 1387P"},"content":{"rendered":"<p>EX138700T<\/p>","protected":false},"excerpt":{"rendered":"<p>Pendientes magn\u00e9ticos garra de plata, \u00d8 aprox. 13 mm. Joyas brillantes para las orejas con cristal de Swarovski.<br \/>\nAtrae la atenci\u00f3n de todos. Resulta especialmente eficaz con el colgante # 714 y la pulsera magn\u00e9tica # 2153 a juego.<br \/>\nUn compa\u00f1ero brillante ideal, tanto de d\u00eda como de noche. Joyas brillantes para las orejas con un original elemento de cristal de Swarovski.<br \/>\nCon este pendiente siempre conseguir\u00e1 el efecto deseado.<br \/>\nLos potentes imanes de neodimio se asientan directamente en el l\u00f3bulo de la oreja.<br \/>\nLas bellas joyas magn\u00e9ticas son sin\u00f3nimo de ligereza, energ\u00eda y elegancia. Cada una de nuestras joyas est\u00e1 equipada con potentes imanes de neodimio de alta calidad. Incrustaci\u00f3n de im\u00e1n de neodimio con aprox. 1.200 gauss.<br \/>\nAcero inoxidable m\u00e9dico, sin cadmio, n\u00edquel ni plomo. Sin alergias Comisi\u00f3n y puntos de clasificaci\u00f3n = 0 (Magnetschmuck.de)<\/p>","protected":false},"featured_media":2506,"comment_status":"open","ping_status":"closed","template":"","meta":[],"product_brand":[],"product_cat":[17,20],"product_tag":[25],"class_list":{"0":"post-2430","1":"product","2":"type-product","3":"status-publish","4":"has-post-thumbnail","6":"product_cat-alle-produkte","7":"product_cat-ohrringe","8":"product_tag-t-prime","9":"thunk-woo-product-list","10":"opn-qv-enable","11":"top-store-woo-hover-zoom","12":"top-store-single-product-tab-horizontal","13":"top-store-shadow-","14":"top-store-shadow-hover-","16":"first","17":"instock","18":"sale","19":"taxable","20":"shipping-taxable","21":"purchasable","22":"product-type-simple"},"_links":{"self":[{"href":"https:\/\/trinitixshop.de\/es\/wp-json\/wp\/v2\/product\/2430","targetHints":{"allow":["GET"]}}],"collection":[{"href":"https:\/\/trinitixshop.de\/es\/wp-json\/wp\/v2\/product"}],"about":[{"href":"https:\/\/trinitixshop.de\/es\/wp-json\/wp\/v2\/types\/product"}],"replies":[{"embeddable":true,"href":"https:\/\/trinitixshop.de\/es\/wp-json\/wp\/v2\/comments?post=2430"}],"wp:featuredmedia":[{"embeddable":true,"href":"https:\/\/trinitixshop.de\/es\/wp-json\/wp\/v2\/media\/2506"}],"wp:attachment":[{"href":"https:\/\/trinitixshop.de\/es\/wp-json\/wp\/v2\/media?parent=2430"}],"wp:term":[{"taxonomy":"product_brand","embeddable":true,"href":"https:\/\/trinitixshop.de\/es\/wp-json\/wp\/v2\/product_brand?post=2430"},{"taxonomy":"product_cat","embeddable":true,"href":"https:\/\/trinitixshop.de\/es\/wp-json\/wp\/v2\/product_cat?post=2430"},{"taxonomy":"product_tag","embeddable":true,"href":"https:\/\/trinitixshop.de\/es\/wp-json\/wp\/v2\/product_tag?post=2430"}],"curies":[{"name":"wp","href":"https:\/\/api.w.org\/{rel}","templated":true}]}}