{"id":2431,"date":"2023-05-24T14:12:12","date_gmt":"2023-05-24T12:12:12","guid":{"rendered":"https:\/\/trinitixshop.de\/?post_type=product&#038;p=2431"},"modified":"2023-05-24T14:53:39","modified_gmt":"2023-05-24T12:53:39","slug":"pendientes-arco-iris-de-brasil-con-piedras-swarovski-oro-xxl","status":"publish","type":"product","link":"https:\/\/trinitixshop.de\/es\/produkt\/brazil-rainbow-ohrstecker-mit-swarovski-edelsteinen-gold-xxl\/","title":{"rendered":"Brasil Pendientes arco iris con piedras Swarovski oro XXL"},"content":{"rendered":"<p>EX900100T<\/p>","protected":false},"excerpt":{"rendered":"<p>Dos coloridos pendientes magn\u00e9ticos de nuestra \"Rainbow Collection\". Una variedad con gemas Swarovski de colores espectrales.<br \/>\nAut\u00e9ntica artesan\u00eda de los dise\u00f1adores de nuestra empresa. Hecho a mano. Los colores sutilmente degradados muestran los colores del espectro del arco iris. La selecci\u00f3n incluye elementos sint\u00e9ticos similares al granate, la amatista, el citrino, el peridoto y el topacio azul.<br \/>\nCuadrado mixto como secci\u00f3n modificada.<br \/>\nTono dorado c\u00e1lido, chapado en oro duro de 24k \"oro natural\". Pendientes XXL cada uno. Aprox. 6 x 32 mm. Grosor aprox. 3,2 mm.<br \/>\nEn el antiguo Oriente, el arco iris simbolizaba la victoria tras una disputa entre dioses. ... Incluso hoy, la aparici\u00f3n del arco iris en el cielo sigue atrayendo a la gente. Se considera un s\u00edmbolo de armon\u00eda, integridad, conservaci\u00f3n de la naturaleza o un signo de la conexi\u00f3n entre el cielo y la tierra.<br \/>\nLos potentes imanes de neodimio se asientan directamente en el l\u00f3bulo de la oreja.<br \/>\nEsta hermosa joya magn\u00e9tica es sin\u00f3nimo de ligereza, energ\u00eda y elegancia.<br \/>\nCada una de nuestras piezas de joyer\u00eda est\u00e1 equipada con potentes imanes de neodimio de alta calidad. Incrustaci\u00f3n de im\u00e1n de neodimio con aprox. 1.200 gauss.<br \/>\nAcero inoxidable m\u00e9dico, sin cadmio, n\u00edquel ni plomo. Sin alergias<\/p>","protected":false},"featured_media":2509,"comment_status":"open","ping_status":"closed","template":"","meta":[],"product_brand":[],"product_cat":[17,20],"product_tag":[28],"class_list":{"0":"post-2431","1":"product","2":"type-product","3":"status-publish","4":"has-post-thumbnail","6":"product_cat-alle-produkte","7":"product_cat-ohrringe","8":"product_tag-kurfuerst","9":"thunk-woo-product-list","10":"opn-qv-enable","11":"top-store-woo-hover-zoom","12":"top-store-single-product-tab-horizontal","13":"top-store-shadow-","14":"top-store-shadow-hover-","16":"first","17":"instock","18":"taxable","19":"shipping-taxable","20":"purchasable","21":"product-type-simple"},"_links":{"self":[{"href":"https:\/\/trinitixshop.de\/es\/wp-json\/wp\/v2\/product\/2431","targetHints":{"allow":["GET"]}}],"collection":[{"href":"https:\/\/trinitixshop.de\/es\/wp-json\/wp\/v2\/product"}],"about":[{"href":"https:\/\/trinitixshop.de\/es\/wp-json\/wp\/v2\/types\/product"}],"replies":[{"embeddable":true,"href":"https:\/\/trinitixshop.de\/es\/wp-json\/wp\/v2\/comments?post=2431"}],"wp:featuredmedia":[{"embeddable":true,"href":"https:\/\/trinitixshop.de\/es\/wp-json\/wp\/v2\/media\/2509"}],"wp:attachment":[{"href":"https:\/\/trinitixshop.de\/es\/wp-json\/wp\/v2\/media?parent=2431"}],"wp:term":[{"taxonomy":"product_brand","embeddable":true,"href":"https:\/\/trinitixshop.de\/es\/wp-json\/wp\/v2\/product_brand?post=2431"},{"taxonomy":"product_cat","embeddable":true,"href":"https:\/\/trinitixshop.de\/es\/wp-json\/wp\/v2\/product_cat?post=2431"},{"taxonomy":"product_tag","embeddable":true,"href":"https:\/\/trinitixshop.de\/es\/wp-json\/wp\/v2\/product_tag?post=2431"}],"curies":[{"name":"wp","href":"https:\/\/api.w.org\/{rel}","templated":true}]}}