{"id":2433,"date":"2023-05-24T14:12:13","date_gmt":"2023-05-24T12:12:13","guid":{"rendered":"https:\/\/trinitixshop.de\/?post_type=product&#038;p=2433"},"modified":"2023-05-24T14:30:21","modified_gmt":"2023-05-24T12:30:21","slug":"criollas-vintage-de-oro-con-cristales-swarovski-blancos-o-aprox-13-mm-620p","status":"publish","type":"product","link":"https:\/\/trinitixshop.de\/es\/produkt\/vintage-creolen-gold-mit-weissen-swarovski-crystals-o-ca-13-mm-620p\/","title":{"rendered":"Pendientes de aro vintage de oro con cristales Swarovski blancos \u00d8 aprox. 13 mm # 620P"},"content":{"rendered":"<p>CR062000T<\/p>","protected":false},"excerpt":{"rendered":"<p>Pendientes de aro de energ\u00eda Moda Vintage 24k chapado en oro duro m\u00e9dico de acero inoxidable libre de n\u00edquel libre de alergias con brillantes cristales de Swarovski<br \/>\nBrillante joya para la oreja con cristales de Swarovski transparentes y brillantes e im\u00e1n de neodimio con aproximadamente 1.200 gauss.<br \/>\nDiscreto y elegante.<br \/>\nUn regalo maravilloso en combinaci\u00f3n con la pulsera magn\u00e9tica a juego n\u00ba 473.24k chapada en oro duro.<br \/>\nAcero inoxidable, sin alergia al n\u00edquel, \u00d8 aprox. 13 mm, grosor 4 mm.<br \/>\nLos potentes imanes de neodimio (aprox. 1200 gauss) se asientan directamente en el l\u00f3bulo de la oreja.<\/p>","protected":false},"featured_media":2468,"comment_status":"open","ping_status":"closed","template":"","meta":[],"product_brand":[],"product_cat":[17,20],"product_tag":[28],"class_list":{"0":"post-2433","1":"product","2":"type-product","3":"status-publish","4":"has-post-thumbnail","6":"product_cat-alle-produkte","7":"product_cat-ohrringe","8":"product_tag-kurfuerst","9":"thunk-woo-product-list","10":"opn-qv-enable","11":"top-store-woo-hover-zoom","12":"top-store-single-product-tab-horizontal","13":"top-store-shadow-","14":"top-store-shadow-hover-","16":"first","17":"instock","18":"sale","19":"taxable","20":"shipping-taxable","21":"purchasable","22":"product-type-simple"},"_links":{"self":[{"href":"https:\/\/trinitixshop.de\/es\/wp-json\/wp\/v2\/product\/2433","targetHints":{"allow":["GET"]}}],"collection":[{"href":"https:\/\/trinitixshop.de\/es\/wp-json\/wp\/v2\/product"}],"about":[{"href":"https:\/\/trinitixshop.de\/es\/wp-json\/wp\/v2\/types\/product"}],"replies":[{"embeddable":true,"href":"https:\/\/trinitixshop.de\/es\/wp-json\/wp\/v2\/comments?post=2433"}],"wp:featuredmedia":[{"embeddable":true,"href":"https:\/\/trinitixshop.de\/es\/wp-json\/wp\/v2\/media\/2468"}],"wp:attachment":[{"href":"https:\/\/trinitixshop.de\/es\/wp-json\/wp\/v2\/media?parent=2433"}],"wp:term":[{"taxonomy":"product_brand","embeddable":true,"href":"https:\/\/trinitixshop.de\/es\/wp-json\/wp\/v2\/product_brand?post=2433"},{"taxonomy":"product_cat","embeddable":true,"href":"https:\/\/trinitixshop.de\/es\/wp-json\/wp\/v2\/product_cat?post=2433"},{"taxonomy":"product_tag","embeddable":true,"href":"https:\/\/trinitixshop.de\/es\/wp-json\/wp\/v2\/product_tag?post=2433"}],"curies":[{"name":"wp","href":"https:\/\/api.w.org\/{rel}","templated":true}]}}