{"id":2445,"date":"2023-05-24T14:12:13","date_gmt":"2023-05-24T12:12:13","guid":{"rendered":"https:\/\/trinitixshop.de\/?post_type=product&#038;p=2445"},"modified":"2023-05-24T14:25:58","modified_gmt":"2023-05-24T12:25:58","slug":"solitaire-ohrstecker-rosegold-mit-swarovski-crystal-peach","status":"publish","type":"product","link":"https:\/\/trinitixshop.de\/es\/produkt\/solitaire-ohrstecker-rosegold-mit-swarovski-crystal-peach\/","title":{"rendered":"Pendientes solitario oro rosa con cristal Swarovski Peach"},"content":{"rendered":"<p>EX046000T<\/p>","protected":false},"excerpt":{"rendered":"<p>Brillantes pendientes de oro rosa: pendientes magn\u00e9ticos de cristal con cristal solitario original de Swarovski en \"Amber\" \/ Peach<br \/>\nEl conjunto, junto con la pulsera magn\u00e9tica Crystal # 473, constituye un magn\u00edfico regalo.<br \/>\nDise\u00f1o cl\u00e1sico con gran solitario de cristal transparente, enmarcado en una moderna montura de metal.<br \/>\nUn compa\u00f1ero espumoso ideal, tanto de d\u00eda como de noche.<br \/>\nOro rosa pulido. \u00d8 aprox. 7,5 mm. Brillantes piedras Swarovski originales.<br \/>\nPerfectos para mujeres de negocios o glamurosas. Con estos pendientes siempre conseguir\u00e1 el efecto deseado. Las brillantes piedras de Swarovski redondean el look y garantizan un glamour sutil a todas horas.<br \/>\nLos potentes imanes de neodimio se asientan directamente en el l\u00f3bulo de la oreja.<br \/>\nEsta hermosa joya magn\u00e9tica es sin\u00f3nimo de ligereza, energ\u00eda y elegancia.<br \/>\nCada una de nuestras piezas de joyer\u00eda est\u00e1 equipada con potentes imanes de neodimio de alta calidad. Incrustaci\u00f3n de im\u00e1n de neodimio con aprox. 1.200 gauss.<br \/>\nAcero inoxidable m\u00e9dico, sin cadmio, n\u00edquel ni plomo. Sin alergias.<\/p>","protected":false},"featured_media":2496,"comment_status":"open","ping_status":"closed","template":"","meta":[],"product_brand":[],"product_cat":[17,20],"product_tag":[25],"class_list":{"0":"post-2445","1":"product","2":"type-product","3":"status-publish","4":"has-post-thumbnail","6":"product_cat-alle-produkte","7":"product_cat-ohrringe","8":"product_tag-t-prime","9":"thunk-woo-product-list","10":"opn-qv-enable","11":"top-store-woo-hover-zoom","12":"top-store-single-product-tab-horizontal","13":"top-store-shadow-","14":"top-store-shadow-hover-","16":"first","17":"instock","18":"sale","19":"taxable","20":"shipping-taxable","21":"purchasable","22":"product-type-simple"},"_links":{"self":[{"href":"https:\/\/trinitixshop.de\/es\/wp-json\/wp\/v2\/product\/2445","targetHints":{"allow":["GET"]}}],"collection":[{"href":"https:\/\/trinitixshop.de\/es\/wp-json\/wp\/v2\/product"}],"about":[{"href":"https:\/\/trinitixshop.de\/es\/wp-json\/wp\/v2\/types\/product"}],"replies":[{"embeddable":true,"href":"https:\/\/trinitixshop.de\/es\/wp-json\/wp\/v2\/comments?post=2445"}],"wp:featuredmedia":[{"embeddable":true,"href":"https:\/\/trinitixshop.de\/es\/wp-json\/wp\/v2\/media\/2496"}],"wp:attachment":[{"href":"https:\/\/trinitixshop.de\/es\/wp-json\/wp\/v2\/media?parent=2445"}],"wp:term":[{"taxonomy":"product_brand","embeddable":true,"href":"https:\/\/trinitixshop.de\/es\/wp-json\/wp\/v2\/product_brand?post=2445"},{"taxonomy":"product_cat","embeddable":true,"href":"https:\/\/trinitixshop.de\/es\/wp-json\/wp\/v2\/product_cat?post=2445"},{"taxonomy":"product_tag","embeddable":true,"href":"https:\/\/trinitixshop.de\/es\/wp-json\/wp\/v2\/product_tag?post=2445"}],"curies":[{"name":"wp","href":"https:\/\/api.w.org\/{rel}","templated":true}]}}