{"id":2447,"date":"2023-05-24T14:12:13","date_gmt":"2023-05-24T12:12:13","guid":{"rendered":"https:\/\/trinitixshop.de\/?post_type=product&#038;p=2447"},"modified":"2023-05-24T14:51:57","modified_gmt":"2023-05-24T12:51:57","slug":"pendientes-solitario-oro-con-cristal-swarovski-blanco-462p","status":"publish","type":"product","link":"https:\/\/trinitixshop.de\/es\/produkt\/solitaire-ohrstecker-gold-mit-swarovski-crystal-weiss-462p\/","title":{"rendered":"Pendientes solitario oro con cristal Swarovski blanco # 462P"},"content":{"rendered":"<p>EX046200T<\/p>","protected":false},"excerpt":{"rendered":"<p>Brillantes joyas de oro para las orejas: pendientes magn\u00e9ticos de cristal con cristal Solitaire original de Swarovski. Junto con la pulsera magn\u00e9tica # 8011, este set es un regalo maravilloso.<br \/>\nDise\u00f1o cl\u00e1sico con gran solitario de cristal, enmarcado en una moderna montura de metal.<br \/>\nUn compa\u00f1ero espumoso ideal, tanto de d\u00eda como de noche.<br \/>\nChapado en oro duro de 24 quilates, pulido. \u00d8 aprox. 7,5 mm. Brillantes piedras Swarovski originales.<br \/>\nPerfecto para mujeres de negocios o glamurosas. Con este pendiente siempre conseguir\u00e1 el efecto deseado.<br \/>\nLas brillantes piedras de Swarovski redondean el look y aportan un sutil glamour a todas horas.<br \/>\nLos potentes imanes de neodimio se asientan directamente en el l\u00f3bulo de la oreja.<br \/>\nEsta hermosa joya magn\u00e9tica es sin\u00f3nimo de ligereza, energ\u00eda y elegancia.<br \/>\nCada una de nuestras joyas est\u00e1 equipada con potentes imanes de neodimio de alta calidad.<br \/>\nIncrustaci\u00f3n de im\u00e1n de neodimio con aproximadamente 1.200 gauss.<br \/>\nAcero inoxidable m\u00e9dico, sin cadmio, n\u00edquel ni plomo. Sin alergias<\/p>","protected":false},"featured_media":2497,"comment_status":"open","ping_status":"closed","template":"","meta":[],"product_brand":[],"product_cat":[17,20],"product_tag":[25],"class_list":{"0":"post-2447","1":"product","2":"type-product","3":"status-publish","4":"has-post-thumbnail","6":"product_cat-alle-produkte","7":"product_cat-ohrringe","8":"product_tag-t-prime","9":"thunk-woo-product-list","10":"opn-qv-enable","11":"top-store-woo-hover-zoom","12":"top-store-single-product-tab-horizontal","13":"top-store-shadow-","14":"top-store-shadow-hover-","16":"first","17":"instock","18":"sale","19":"taxable","20":"shipping-taxable","21":"purchasable","22":"product-type-simple"},"_links":{"self":[{"href":"https:\/\/trinitixshop.de\/es\/wp-json\/wp\/v2\/product\/2447","targetHints":{"allow":["GET"]}}],"collection":[{"href":"https:\/\/trinitixshop.de\/es\/wp-json\/wp\/v2\/product"}],"about":[{"href":"https:\/\/trinitixshop.de\/es\/wp-json\/wp\/v2\/types\/product"}],"replies":[{"embeddable":true,"href":"https:\/\/trinitixshop.de\/es\/wp-json\/wp\/v2\/comments?post=2447"}],"wp:featuredmedia":[{"embeddable":true,"href":"https:\/\/trinitixshop.de\/es\/wp-json\/wp\/v2\/media\/2497"}],"wp:attachment":[{"href":"https:\/\/trinitixshop.de\/es\/wp-json\/wp\/v2\/media?parent=2447"}],"wp:term":[{"taxonomy":"product_brand","embeddable":true,"href":"https:\/\/trinitixshop.de\/es\/wp-json\/wp\/v2\/product_brand?post=2447"},{"taxonomy":"product_cat","embeddable":true,"href":"https:\/\/trinitixshop.de\/es\/wp-json\/wp\/v2\/product_cat?post=2447"},{"taxonomy":"product_tag","embeddable":true,"href":"https:\/\/trinitixshop.de\/es\/wp-json\/wp\/v2\/product_tag?post=2447"}],"curies":[{"name":"wp","href":"https:\/\/api.w.org\/{rel}","templated":true}]}}