{"id":2453,"date":"2023-05-24T14:12:18","date_gmt":"2023-05-24T12:12:18","guid":{"rendered":"https:\/\/trinitixshop.de\/?post_type=product&#038;p=2453"},"modified":"2025-06-11T15:34:49","modified_gmt":"2025-06-11T13:34:49","slug":"pendientes-caracol-plata-con-cristal-swarovski","status":"publish","type":"product","link":"https:\/\/trinitixshop.de\/es\/produkt\/ohrstecker-schnecke-silber-mit-swarovski-crystal\/","title":{"rendered":"Ohrstecker Schnecke silber mit Swarovski Crystal # 1247P"},"content":{"rendered":"<p>EX124700T<\/p>","protected":false},"excerpt":{"rendered":"<p>Joyas para las orejas con brillantes cristales de Swarovski.<br \/>\n2 pendientes magn\u00e9ticos macizos \u00d8 10\u00d712 mm, de s\u00f3lo aprox. 2 mm de grosor, discretos y elegantes. Plateado \/ cepillado.<br \/>\nS\u00edmbolo Significado reflexividad, sensibilidad (las finas antenas), cautela, sensibilidad, tendencia al retraimiento (\"replegarse en el propio caparaz\u00f3n\").<br \/>\nEl caracol es un s\u00edmbolo de la luna. En este sentido, tambi\u00e9n es un s\u00edmbolo de renovaci\u00f3n y resurrecci\u00f3n constantes.<br \/>\nCon este pendiente siempre conseguir\u00e1 el efecto deseado. Las brillantes piedras de Swarovski completan la imagen y aportan un sutil glamour a todas horas.<br \/>\nLos potentes imanes de neodimio se asientan directamente en el l\u00f3bulo de la oreja.<br \/>\nEsta hermosa joya magn\u00e9tica es sin\u00f3nimo de ligereza, energ\u00eda y elegancia.<br \/>\nCada una de nuestras joyas est\u00e1 equipada con potentes imanes de neodimio de alta calidad.<br \/>\nIncrustaci\u00f3n de im\u00e1n de neodimio con aproximadamente 1.200 gauss.<br \/>\nAcero inoxidable m\u00e9dico, sin cadmio, n\u00edquel ni plomo. Sin alergias<\/p>","protected":false},"featured_media":2503,"comment_status":"open","ping_status":"closed","template":"","meta":[],"product_brand":[],"product_cat":[17,20],"product_tag":[24],"class_list":{"0":"post-2453","1":"product","2":"type-product","3":"status-publish","4":"has-post-thumbnail","6":"product_cat-alle-produkte","7":"product_cat-ohrringe","8":"product_tag-jungbrunn","9":"thunk-woo-product-list","10":"opn-qv-enable","11":"top-store-woo-hover-zoom","12":"top-store-single-product-tab-horizontal","13":"top-store-shadow-","14":"top-store-shadow-hover-","16":"first","17":"instock","18":"sale","19":"taxable","20":"shipping-taxable","21":"purchasable","22":"product-type-simple"},"_links":{"self":[{"href":"https:\/\/trinitixshop.de\/es\/wp-json\/wp\/v2\/product\/2453","targetHints":{"allow":["GET"]}}],"collection":[{"href":"https:\/\/trinitixshop.de\/es\/wp-json\/wp\/v2\/product"}],"about":[{"href":"https:\/\/trinitixshop.de\/es\/wp-json\/wp\/v2\/types\/product"}],"replies":[{"embeddable":true,"href":"https:\/\/trinitixshop.de\/es\/wp-json\/wp\/v2\/comments?post=2453"}],"wp:featuredmedia":[{"embeddable":true,"href":"https:\/\/trinitixshop.de\/es\/wp-json\/wp\/v2\/media\/2503"}],"wp:attachment":[{"href":"https:\/\/trinitixshop.de\/es\/wp-json\/wp\/v2\/media?parent=2453"}],"wp:term":[{"taxonomy":"product_brand","embeddable":true,"href":"https:\/\/trinitixshop.de\/es\/wp-json\/wp\/v2\/product_brand?post=2453"},{"taxonomy":"product_cat","embeddable":true,"href":"https:\/\/trinitixshop.de\/es\/wp-json\/wp\/v2\/product_cat?post=2453"},{"taxonomy":"product_tag","embeddable":true,"href":"https:\/\/trinitixshop.de\/es\/wp-json\/wp\/v2\/product_tag?post=2453"}],"curies":[{"name":"wp","href":"https:\/\/api.w.org\/{rel}","templated":true}]}}