{"id":2454,"date":"2023-05-24T14:12:18","date_gmt":"2023-05-24T12:12:18","guid":{"rendered":"https:\/\/trinitixshop.de\/?post_type=product&#038;p=2454"},"modified":"2025-12-07T15:18:23","modified_gmt":"2025-12-07T14:18:23","slug":"tvvys-pendientes-solitario-con-cristal-swarovski-diamante-chapado-en-oro-de-18k-1382p","status":"publish","type":"product","link":"https:\/\/trinitixshop.de\/es\/produkt\/tvvys-solitaire-ohrstecker-mit-swarovski-diamond-crystal-18k-vergoldet-1382p\/","title":{"rendered":"TVVYS Pendientes de solitario con cristal de diamante Swarovski chapados en oro de 18k # 1382P"},"content":{"rendered":"<p>EX1382G0T<\/p>","protected":false},"excerpt":{"rendered":"<p>Pendientes magn\u00e9ticos Solitaire White Diamond Solitaire, chapados en oro duro de 18k, \u00f8 aprox. 6 mm.<br \/>\nDise\u00f1o retro de moda con gran solitario de cristal, enmarcado en una moderna montura de metal.<\/p>\n<p>Diese eleganten Ohrstecker sind auch in rosegold und silber\/hochglanz \u00a0verf\u00fcgbar.<\/p>\n<p>Ein idealer funkelnder Begleiter, ob am Tag oder bei Nacht. Funkelnder Ohrschmuck mit Original Swarovski Crystal<\/p>\n<p>Element &#8222;White Diamond&#8220;. Dezent und elegant. Zieht alle Blicke auf sich.<\/p>\n<p>Dise\u00f1o brillante para apariencias efectivas. Perfecto para mujeres de negocios o glamurosas.<br \/>\nCon este pendiente siempre conseguir\u00e1 el efecto deseado.<br \/>\nLos potentes imanes de neodimio se asientan directamente en el l\u00f3bulo de la oreja.<br \/>\nEsta hermosa joya magn\u00e9tica es sin\u00f3nimo de ligereza, energ\u00eda y elegancia.<br \/>\nCada una de nuestras joyas est\u00e1 equipada con potentes imanes de neodimio de alta calidad.<br \/>\nIncrustaci\u00f3n de im\u00e1n de neodimio con aproximadamente 1.200 gauss.<br \/>\nAcero inoxidable m\u00e9dico, sin cadmio, n\u00edquel ni plomo. Sin alergias<\/p>","protected":false},"featured_media":2483,"comment_status":"open","ping_status":"closed","template":"","meta":[],"product_brand":[],"product_cat":[17,20],"product_tag":[24],"class_list":{"0":"post-2454","1":"product","2":"type-product","3":"status-publish","4":"has-post-thumbnail","6":"product_cat-alle-produkte","7":"product_cat-ohrringe","8":"product_tag-jungbrunn","9":"thunk-woo-product-list","10":"opn-qv-enable","11":"top-store-woo-hover-zoom","12":"top-store-single-product-tab-horizontal","13":"top-store-shadow-","14":"top-store-shadow-hover-","16":"first","17":"instock","18":"sale","19":"taxable","20":"shipping-taxable","21":"purchasable","22":"product-type-simple"},"_links":{"self":[{"href":"https:\/\/trinitixshop.de\/es\/wp-json\/wp\/v2\/product\/2454","targetHints":{"allow":["GET"]}}],"collection":[{"href":"https:\/\/trinitixshop.de\/es\/wp-json\/wp\/v2\/product"}],"about":[{"href":"https:\/\/trinitixshop.de\/es\/wp-json\/wp\/v2\/types\/product"}],"replies":[{"embeddable":true,"href":"https:\/\/trinitixshop.de\/es\/wp-json\/wp\/v2\/comments?post=2454"}],"wp:featuredmedia":[{"embeddable":true,"href":"https:\/\/trinitixshop.de\/es\/wp-json\/wp\/v2\/media\/2483"}],"wp:attachment":[{"href":"https:\/\/trinitixshop.de\/es\/wp-json\/wp\/v2\/media?parent=2454"}],"wp:term":[{"taxonomy":"product_brand","embeddable":true,"href":"https:\/\/trinitixshop.de\/es\/wp-json\/wp\/v2\/product_brand?post=2454"},{"taxonomy":"product_cat","embeddable":true,"href":"https:\/\/trinitixshop.de\/es\/wp-json\/wp\/v2\/product_cat?post=2454"},{"taxonomy":"product_tag","embeddable":true,"href":"https:\/\/trinitixshop.de\/es\/wp-json\/wp\/v2\/product_tag?post=2454"}],"curies":[{"name":"wp","href":"https:\/\/api.w.org\/{rel}","templated":true}]}}