{"id":2458,"date":"2023-05-24T14:12:18","date_gmt":"2023-05-24T12:12:18","guid":{"rendered":"https:\/\/trinitixshop.de\/?post_type=product&#038;p=2458"},"modified":"2023-05-24T14:18:04","modified_gmt":"2023-05-24T12:18:04","slug":"unique-by-kokodash-wings-collection-pendientes-9054p","status":"publish","type":"product","link":"https:\/\/trinitixshop.de\/es\/produkt\/unique-by-kokodash-wings-collection-ohrstecker-9054p\/","title":{"rendered":"Pendientes UNIQUE by KokoDash Wings Collection # 9054P"},"content":{"rendered":"<p>EX905400T<\/p>","protected":false},"excerpt":{"rendered":"<p>Estos delicados pendientes de bisuter\u00eda magn\u00e9tica han sido creados para nosotros por la dise\u00f1adora KokoDash con gran atenci\u00f3n al detalle.<br \/>\nEs una expresi\u00f3n de esperanza y alegr\u00eda de vivir. Como compa\u00f1ero, el talism\u00e1n pretende darte nueva energ\u00eda y valor para afrontar los retos de la vida.<br \/>\nEsta creaci\u00f3n de joyer\u00eda finamente elaborada y llena de significado le inspirar\u00e1 cada d\u00eda.<br \/>\nKokoDash presenta esta hermosa colecci\u00f3n de dise\u00f1o \u00fanico y exclusivo en un art\u00edstico dise\u00f1o de alas.<br \/>\nUn discreto centro de atenci\u00f3n con un aspecto brillante. Las alas o alas de \u00e1ngel son s\u00edmbolos de protecci\u00f3n, libertad y desprenden una ligereza juvenil. Cuando vemos unas alas, lo primero que pensamos es en volar, pero si damos rienda suelta a nuestras fantas\u00edas, el s\u00edmbolo del ala es nuestra salvaci\u00f3n. Nos damos cuenta de que podemos huir y escapar de las cosas que nos atan o liberar nuestra alma.<br \/>\nEste glamuroso accesorio est\u00e1 fabricado en acero inoxidable quir\u00fargico.<br \/>\nEsta hermosa joya magn\u00e9tica es sin\u00f3nimo de ligereza, energ\u00eda y elegancia.<br \/>\nCada una de nuestras joyas est\u00e1 equipada con potentes imanes de neodimio de alta calidad.<br \/>\nIncrustaci\u00f3n de im\u00e1n de neodimio con aproximadamente 1.200 gauss.<br \/>\nAcero inoxidable m\u00e9dico, sin cadmio, n\u00edquel ni plomo. Sin alergias<\/p>","protected":false},"featured_media":2515,"comment_status":"open","ping_status":"closed","template":"","meta":[],"product_brand":[],"product_cat":[17,20],"product_tag":[25],"class_list":{"0":"post-2458","1":"product","2":"type-product","3":"status-publish","4":"has-post-thumbnail","6":"product_cat-alle-produkte","7":"product_cat-ohrringe","8":"product_tag-t-prime","9":"thunk-woo-product-list","10":"opn-qv-enable","11":"top-store-woo-hover-zoom","12":"top-store-single-product-tab-horizontal","13":"top-store-shadow-","14":"top-store-shadow-hover-","16":"first","17":"instock","18":"sale","19":"taxable","20":"shipping-taxable","21":"purchasable","22":"product-type-simple"},"_links":{"self":[{"href":"https:\/\/trinitixshop.de\/es\/wp-json\/wp\/v2\/product\/2458","targetHints":{"allow":["GET"]}}],"collection":[{"href":"https:\/\/trinitixshop.de\/es\/wp-json\/wp\/v2\/product"}],"about":[{"href":"https:\/\/trinitixshop.de\/es\/wp-json\/wp\/v2\/types\/product"}],"replies":[{"embeddable":true,"href":"https:\/\/trinitixshop.de\/es\/wp-json\/wp\/v2\/comments?post=2458"}],"wp:featuredmedia":[{"embeddable":true,"href":"https:\/\/trinitixshop.de\/es\/wp-json\/wp\/v2\/media\/2515"}],"wp:attachment":[{"href":"https:\/\/trinitixshop.de\/es\/wp-json\/wp\/v2\/media?parent=2458"}],"wp:term":[{"taxonomy":"product_brand","embeddable":true,"href":"https:\/\/trinitixshop.de\/es\/wp-json\/wp\/v2\/product_brand?post=2458"},{"taxonomy":"product_cat","embeddable":true,"href":"https:\/\/trinitixshop.de\/es\/wp-json\/wp\/v2\/product_cat?post=2458"},{"taxonomy":"product_tag","embeddable":true,"href":"https:\/\/trinitixshop.de\/es\/wp-json\/wp\/v2\/product_tag?post=2458"}],"curies":[{"name":"wp","href":"https:\/\/api.w.org\/{rel}","templated":true}]}}